{"id":1799,"date":"2019-07-10T12:36:41","date_gmt":"2019-07-10T10:36:41","guid":{"rendered":"https:\/\/southbaltic-tourist.eu\/?page_id=1799"},"modified":"2020-02-18T17:29:40","modified_gmt":"2020-02-18T17:29:40","slug":"11-helsingor-denmark","status":"publish","type":"page","link":"https:\/\/sbt.ug.edu.pl\/sv\/routes\/griffins-dynasty-and-baltic-sea-battles\/11-helsingor-denmark\/","title":{"rendered":"(English) 11. HELSING\u00d8R (DENMARK)"},"content":{"rendered":"<p class=\"qtranxs-available-languages-message qtranxs-available-languages-message-sv\">Tyv\u00e4rr \u00e4r denna artikel enbart tillg\u00e4nglig p\u00e5 <a href=\"https:\/\/sbt.ug.edu.pl\/en\/wp-json\/wp\/v2\/pages\/1799\" class=\"qtranxs-available-language-link qtranxs-available-language-link-en\" title=\"English\">Amerikansk Engelska<\/a>, <a href=\"https:\/\/sbt.ug.edu.pl\/de\/wp-json\/wp\/v2\/pages\/1799\" class=\"qtranxs-available-language-link qtranxs-available-language-link-de\" title=\"Deutsch\">Tyska<\/a> och <a href=\"https:\/\/sbt.ug.edu.pl\/pl\/wp-json\/wp\/v2\/pages\/1799\" class=\"qtranxs-available-language-link qtranxs-available-language-link-pl\" title=\"Polski\">Polska<\/a>. For the sake of viewer convenience, the content is shown below in this site default language. You may click one of the links to switch the site language to another available language.<\/p><p><span style=\"font-family: georgia, palatino, serif; font-size: 12pt;\"><span lang=\"en-US\"><b>LOCATION<\/b><\/span><\/span><\/p>\n<p lang=\"en-GB\" align=\"JUSTIFY\"><span style=\"font-family: georgia, palatino, serif; font-size: 12pt;\">A Danish city in the north-east of Zealand, located 40km north of Copenhagen over the \u00d8resund Strait. On the opposite bank of the strait there is a twin Swedish city of Helsingborg. There is a ferry communications system established between them. The distance from the capital of Denmark to Helsing\u00f8r is approx. 45km.\u00a0 You can reach the city by car, yacht, or by train from Copenhagen. 56\u00b002&#8217;21.0&#8243;N 12\u00b037&#8217;16.2&#8243;E<\/span><\/p>\n<p style=\"text-align: justify;\"><span style=\"font-family: georgia, palatino, serif; font-size: 12pt;\"><span lang=\"en-US\">\u00a0<\/span><\/span><\/p>\n<p><span style=\"font-size: 12pt; font-family: georgia, palatino, serif;\"><img decoding=\"async\" loading=\"lazy\" class=\"alignleft wp-image-1800\" src=\"https:\/\/southbaltic-tourist.eu\/wp-content\/uploads\/2019\/07\/11-3.jpg\" alt=\"\" width=\"487\" height=\"325\" srcset=\"https:\/\/sbt.ug.edu.pl\/wp-content\/uploads\/2019\/07\/11-3.jpg 1045w, https:\/\/sbt.ug.edu.pl\/wp-content\/uploads\/2019\/07\/11-3-300x200.jpg 300w, https:\/\/sbt.ug.edu.pl\/wp-content\/uploads\/2019\/07\/11-3-768x512.jpg 768w, https:\/\/sbt.ug.edu.pl\/wp-content\/uploads\/2019\/07\/11-3-1024x683.jpg 1024w, https:\/\/sbt.ug.edu.pl\/wp-content\/uploads\/2019\/07\/11-3-150x100.jpg 150w\" sizes=\"(max-width: 487px) 100vw, 487px\" \/> <\/span><\/p>\n<p><span style=\"font-size: 12pt; font-family: georgia, palatino, serif;\"><a href=\"https:\/\/southbaltic-tourist.eu\/wp-content\/uploads\/2020\/02\/R6.11-Helsing\u00f8r.png\" data-rel=\"lightbox-gallery-JO9w91jw\" data-rl_title=\"\" data-rl_caption=\"\" title=\"\"><img decoding=\"async\" loading=\"lazy\" class=\"alignnone wp-image-5308\" src=\"https:\/\/southbaltic-tourist.eu\/wp-content\/uploads\/2020\/02\/R6.11-Helsing\u00f8r-300x174.png\" alt=\"\" width=\"559\" height=\"325\" srcset=\"https:\/\/sbt.ug.edu.pl\/wp-content\/uploads\/2020\/02\/R6.11-Helsing\u00f8r-300x174.png 300w, https:\/\/sbt.ug.edu.pl\/wp-content\/uploads\/2020\/02\/R6.11-Helsing\u00f8r-1024x595.png 1024w, https:\/\/sbt.ug.edu.pl\/wp-content\/uploads\/2020\/02\/R6.11-Helsing\u00f8r-768x446.png 768w, https:\/\/sbt.ug.edu.pl\/wp-content\/uploads\/2020\/02\/R6.11-Helsing\u00f8r-1536x893.png 1536w, https:\/\/sbt.ug.edu.pl\/wp-content\/uploads\/2020\/02\/R6.11-Helsing\u00f8r-150x87.png 150w, https:\/\/sbt.ug.edu.pl\/wp-content\/uploads\/2020\/02\/R6.11-Helsing\u00f8r.png 1600w\" sizes=\"(max-width: 559px) 100vw, 559px\" \/><\/a><\/span><\/p>\n<p><span style=\"font-size: 12pt; font-family: georgia, palatino, serif;\"><span lang=\"en-US\"><b>SCENIC CHARACTER <\/b><\/span><\/span><\/p>\n<p lang=\"en-GB\" align=\"JUSTIFY\"><span style=\"font-family: georgia, palatino, serif; font-size: 12pt;\">The first mention of Helsing\u00f8r comes from 1231, but the settlement in Sound was known as a market where the Vikings sold their profits. The city got urbanised during the times of King Eric of Pomerania, who used its location and in 1420 built a fortress by the bank of the Sund. Along with the fortress K\u00e4rnan, Helsingborg on the opposite coast of \u00d8resund controlled the entranceway to the Baltic Sea. From then on the city started developing. Thanks to the Kronborg fortress and forced charges for crossing the strait, the city became famous as a seaport. From the Griffin Route perspective the most important place to visit is Kronborg Castle, which happens to be the largest tourist attraction of the city. Immortalized as Elsinore in William Shakespeare&#8217;s play Hamlet, Kronborg is one of the most important Renaissance castles in Northern Europe and has been added to UNESCO&#8217;s World Heritage Sites list. \u00a0 The history of the castle begins in 1420 when King Eric of Pomerania built a fortress by the shore by the Sund. The fortress looked much alike the castle in Dar\u0142owo in Pomerania, where King Eric was born. From 1574 to 1585 King Frederick II had the medieval fortress radically transformed into a magnificent Renaissance castle. In 1629 a fire destroyed parts of the construction, but Christian IV used this opportunity to rebuild almost all of the castle, which also has a church within its walls. In 1658 Kronborg was besieged and captured by the Swedes who took many of its valuable art treasures as war booty. In 1785 the castle ceased to be a royal residence and was converted into barracks for the Army. The Army left the castle in 1923 and after a thorough renovation it was opened to the public. Currently Kronborg castle looks different than almost six centuries ago, because it was rebuilt in the Renaissance style. It\u2019s an excellent residence and in the lobby, in a glass case, there is a model of the former form of the castle, which resembles the castle in Dar\u0142owo in Poland.\u00a0 In Helsing\u00f8r there is also a statue of Eric of Pomerania to whom the city owes its development.<\/span><\/p>\n<p lang=\"en-GB\"><span style=\"font-family: georgia, palatino, serif; font-size: 12pt;\"><b>ATTRACTIONS\u00a0<\/b><\/span><\/p>\n<p lang=\"en-GB\" align=\"JUSTIFY\"><span style=\"font-family: georgia, palatino, serif; font-size: 12pt;\">Near Kronborg Castle is a Carmelite Priory, one of the best preserved in Europe. It owes its existence to Eric of Pomerania, who, after a pilgrimage to the Holy Land, brought monks to Denmark, offering them land in Elsinore.\u00a0 The convent organizes concerts and is open to tourists.<\/span><\/p>\n<p lang=\"en-GB\" align=\"JUSTIFY\"><span style=\"font-family: georgia, palatino, serif; font-size: 12pt;\">There are a number of exciting things to do in Helsing\u00f8r. From historical sites to cultural attractions, explore the comprehensive list of all other local attractions in Helsingor. The National Museum Of Science And Technology, which demonstrates the advancement of science, industry and technology. There is a large collection of steam engines, bicycles, motorcycles and antique cars. Visiting Danish Maritime Museum is also an interesting option. It has exhibitions on the Danish merchant fleet, the history of navigation to Greenland and the Danish West Indies as well as a variety of changing exhibitions. If you need rest, you can visit\u00a0 Lake Esrum, Denmark\u2019s second largest lake. There are stunning natural surroundings with a bird sanctuary, barbeque sites and bathing areas.<\/span><\/p>\n<p>&nbsp;<\/p>\n<p><span style=\"font-size: 12pt; font-family: georgia, palatino, serif;\"><code><div class=\"rl-gallery-container rl-loading\" id=\"rl-gallery-container-1\" data-gallery_id=\"2451\"> <div class=\"rl-gallery rl-basicgrid-gallery \" id=\"rl-gallery-1\" data-gallery_no=\"1\"> <div class=\"rl-gallery-item\"><a href=\"https:\/\/sbt.ug.edu.pl\/wp-content\/uploads\/2019\/07\/Helsingor-Kronborg-Affyring_af_kanoner_paa_Kronborg-_MG_0307_foto_Thorkild_Jensen-Kronborg-Castle.jpg\" title=\"Affyring af kanoner p\u00e5 Kronborg.\" data-rl_title=\"Affyring af kanoner p\u00e5 Kronborg.\" class=\"rl-gallery-link\" data-rl_caption=\"\" data-rel=\"lightbox-gallery-1\"><img src=\"https:\/\/sbt.ug.edu.pl\/wp-content\/uploads\/2019\/07\/Helsingor-Kronborg-Affyring_af_kanoner_paa_Kronborg-_MG_0307_foto_Thorkild_Jensen-Kronborg-Castle-300x188.jpg\" width=\"300\" height=\"188\" alt=\"\" \/><\/a><\/div><div class=\"rl-gallery-item\"><a href=\"https:\/\/sbt.ug.edu.pl\/wp-content\/uploads\/2019\/07\/Helsingor-Kronborg-Castle-fot.Kronborg-Castle.jpg\" title=\"Helsingor &#8211; Kronborg Castle fot.Kronborg Castle\" data-rl_title=\"Helsingor &#8211; Kronborg Castle fot.Kronborg Castle\" class=\"rl-gallery-link\" data-rl_caption=\"\" data-rel=\"lightbox-gallery-1\"><img src=\"https:\/\/sbt.ug.edu.pl\/wp-content\/uploads\/2019\/07\/Helsingor-Kronborg-Castle-fot.Kronborg-Castle-300x200.jpg\" width=\"300\" height=\"200\" alt=\"\" \/><\/a><\/div><div class=\"rl-gallery-item\"><a href=\"https:\/\/sbt.ug.edu.pl\/wp-content\/uploads\/2019\/07\/Helsingor-Kronborg-dziedziniec-fot.-Kronborg.jpg\" title=\"Helsingor &#8211; Kronborg dziedziniec fot. Kronborg\" data-rl_title=\"Helsingor &#8211; Kronborg dziedziniec fot. Kronborg\" class=\"rl-gallery-link\" data-rl_caption=\"\" data-rel=\"lightbox-gallery-1\"><img src=\"https:\/\/sbt.ug.edu.pl\/wp-content\/uploads\/2019\/07\/Helsingor-Kronborg-dziedziniec-fot.-Kronborg-300x200.jpg\" width=\"300\" height=\"200\" alt=\"\" \/><\/a><\/div><div class=\"rl-gallery-item\"><a href=\"https:\/\/sbt.ug.edu.pl\/wp-content\/uploads\/2019\/07\/Helsingor-Kronborg-ekspozycje-fot.-Kronborg.jpg\" title=\"Helsingor &#8211; Kronborg ekspozycje fot. Kronborg\" data-rl_title=\"Helsingor &#8211; Kronborg ekspozycje fot. Kronborg\" class=\"rl-gallery-link\" data-rl_caption=\"\" data-rel=\"lightbox-gallery-1\"><img src=\"https:\/\/sbt.ug.edu.pl\/wp-content\/uploads\/2019\/07\/Helsingor-Kronborg-ekspozycje-fot.-Kronborg-300x198.jpg\" width=\"300\" height=\"198\" alt=\"\" \/><\/a><\/div><div class=\"rl-gallery-item\"><a href=\"https:\/\/sbt.ug.edu.pl\/wp-content\/uploads\/2019\/07\/Helsingor-Kronborg-fot.-Kronborg.jpg\" title=\"Helsingor &#8211; Kronborg fot. Kronborg\" data-rl_title=\"Helsingor &#8211; Kronborg fot. Kronborg\" class=\"rl-gallery-link\" data-rl_caption=\"\" data-rel=\"lightbox-gallery-1\"><img src=\"https:\/\/sbt.ug.edu.pl\/wp-content\/uploads\/2019\/07\/Helsingor-Kronborg-fot.-Kronborg-300x201.jpg\" width=\"300\" height=\"201\" alt=\"\" \/><\/a><\/div><div class=\"rl-gallery-item\"><a href=\"https:\/\/sbt.ug.edu.pl\/wp-content\/uploads\/2019\/07\/Helsingor-Kronborg-fot.Kronborg-Castle.jpg\" title=\"Helsingor &#8211; Kronborg fot.Kronborg Castle\" data-rl_title=\"Helsingor &#8211; Kronborg fot.Kronborg Castle\" class=\"rl-gallery-link\" data-rl_caption=\"\" data-rel=\"lightbox-gallery-1\"><img src=\"https:\/\/sbt.ug.edu.pl\/wp-content\/uploads\/2019\/07\/Helsingor-Kronborg-fot.Kronborg-Castle-300x201.jpg\" width=\"300\" height=\"201\" alt=\"\" \/><\/a><\/div><div class=\"rl-gallery-item\"><a href=\"https:\/\/sbt.ug.edu.pl\/wp-content\/uploads\/2019\/07\/Helsingor-Kronborg-Hamlet-fot.-Kronborg.jpg\" title=\"Helsingor &#8211; Kronborg Hamlet fot. Kronborg\" data-rl_title=\"Helsingor &#8211; Kronborg Hamlet fot. Kronborg\" class=\"rl-gallery-link\" data-rl_caption=\"\" data-rel=\"lightbox-gallery-1\"><img src=\"https:\/\/sbt.ug.edu.pl\/wp-content\/uploads\/2019\/07\/Helsingor-Kronborg-Hamlet-fot.-Kronborg-300x200.jpg\" width=\"300\" height=\"200\" alt=\"\" \/><\/a><\/div><div class=\"rl-gallery-item\"><a href=\"https:\/\/sbt.ug.edu.pl\/wp-content\/uploads\/2019\/07\/Helsingor-Kronborg-podziemia-1-fot.Kronborg_Castle.jpg\" title=\"Helsingor &#8211; Kronborg podziemia 1 fot.Kronborg_Castle\" data-rl_title=\"Helsingor &#8211; Kronborg podziemia 1 fot.Kronborg_Castle\" class=\"rl-gallery-link\" data-rl_caption=\"\" data-rel=\"lightbox-gallery-1\"><img src=\"https:\/\/sbt.ug.edu.pl\/wp-content\/uploads\/2019\/07\/Helsingor-Kronborg-podziemia-1-fot.Kronborg_Castle-300x201.jpg\" width=\"300\" height=\"201\" alt=\"\" \/><\/a><\/div><div class=\"rl-gallery-item\"><a href=\"https:\/\/sbt.ug.edu.pl\/wp-content\/uploads\/2019\/07\/Helsingor-Kronborg_med_kanoner_og_sol-foto-Thomas-Rahbek-SLKE-Kronborg-Castle.jpg\" title=\"Helsingor &#8211; Kronborg_med_kanoner_og_sol &#8211; foto Thomas Rahbek, SLKE Kronborg Castle\" data-rl_title=\"Helsingor &#8211; Kronborg_med_kanoner_og_sol &#8211; foto Thomas Rahbek, SLKE Kronborg Castle\" class=\"rl-gallery-link\" data-rl_caption=\"\" data-rel=\"lightbox-gallery-1\"><img src=\"https:\/\/sbt.ug.edu.pl\/wp-content\/uploads\/2019\/07\/Helsingor-Kronborg_med_kanoner_og_sol-foto-Thomas-Rahbek-SLKE-Kronborg-Castle-300x200.jpg\" width=\"300\" height=\"200\" alt=\"\" \/><\/a><\/div><div class=\"rl-gallery-item\"><a href=\"https:\/\/sbt.ug.edu.pl\/wp-content\/uploads\/2019\/07\/Helsingor-statua-Erik-of-Pomerania-fot.www_.royalhistorian.comwp-contentuploads201408Erik-of-Pomerania.jpg.jpg\" title=\"Helsingor &#8211; statua Erik-of-Pomerania fot.www.royalhistorian.comwp-contentuploads201408Erik-of-Pomerania.jpg\" data-rl_title=\"Helsingor &#8211; statua Erik-of-Pomerania fot.www.royalhistorian.comwp-contentuploads201408Erik-of-Pomerania.jpg\" class=\"rl-gallery-link\" data-rl_caption=\"\" data-rel=\"lightbox-gallery-1\"><img src=\"https:\/\/sbt.ug.edu.pl\/wp-content\/uploads\/2019\/07\/Helsingor-statua-Erik-of-Pomerania-fot.www_.royalhistorian.comwp-contentuploads201408Erik-of-Pomerania.jpg-300x246.jpg\" width=\"300\" height=\"246\" alt=\"\" \/><\/a><\/div> <\/div> <\/div><\/code><\/span><\/p>","protected":false},"excerpt":{"rendered":"<p>Tyv\u00e4rr \u00e4r denna artikel enbart tillg\u00e4nglig p\u00e5 Amerikansk Engelska, Tyska och Polska. For the sake of viewer convenience, the content is shown below in this site default language. You may click one of the links to switch the site language to another available language.LOCATION A Danish city in the north-east of Zealand, located 40km north [&hellip;]<\/p>\n","protected":false},"author":3,"featured_media":0,"parent":486,"menu_order":0,"comment_status":"closed","ping_status":"closed","template":"","meta":[],"categories":[34,29,15],"tags":[],"_links":{"self":[{"href":"https:\/\/sbt.ug.edu.pl\/sv\/wp-json\/wp\/v2\/pages\/1799"}],"collection":[{"href":"https:\/\/sbt.ug.edu.pl\/sv\/wp-json\/wp\/v2\/pages"}],"about":[{"href":"https:\/\/sbt.ug.edu.pl\/sv\/wp-json\/wp\/v2\/types\/page"}],"author":[{"embeddable":true,"href":"https:\/\/sbt.ug.edu.pl\/sv\/wp-json\/wp\/v2\/users\/3"}],"replies":[{"embeddable":true,"href":"https:\/\/sbt.ug.edu.pl\/sv\/wp-json\/wp\/v2\/comments?post=1799"}],"version-history":[{"count":6,"href":"https:\/\/sbt.ug.edu.pl\/sv\/wp-json\/wp\/v2\/pages\/1799\/revisions"}],"predecessor-version":[{"id":5310,"href":"https:\/\/sbt.ug.edu.pl\/sv\/wp-json\/wp\/v2\/pages\/1799\/revisions\/5310"}],"up":[{"embeddable":true,"href":"https:\/\/sbt.ug.edu.pl\/sv\/wp-json\/wp\/v2\/pages\/486"}],"wp:attachment":[{"href":"https:\/\/sbt.ug.edu.pl\/sv\/wp-json\/wp\/v2\/media?parent=1799"}],"wp:term":[{"taxonomy":"category","embeddable":true,"href":"https:\/\/sbt.ug.edu.pl\/sv\/wp-json\/wp\/v2\/categories?post=1799"},{"taxonomy":"post_tag","embeddable":true,"href":"https:\/\/sbt.ug.edu.pl\/sv\/wp-json\/wp\/v2\/tags?post=1799"}],"curies":[{"name":"wp","href":"https:\/\/api.w.org\/{rel}","templated":true}]}}