{"id":188,"date":"2018-11-02T23:27:55","date_gmt":"2018-11-02T22:27:55","guid":{"rendered":"http:\/\/southbaltic-tourist.eu\/?page_id=188"},"modified":"2021-06-10T15:42:01","modified_gmt":"2021-06-10T14:42:01","slug":"1-ru%cc%88gen-surfhotspot","status":"publish","type":"page","link":"https:\/\/sbt.ug.edu.pl\/sv\/routes\/windsurfing-exploration\/1-ru%cc%88gen-surfhotspot\/","title":{"rendered":"(English) 1. R\u00fcgen &#8211; Surfing Hotspot"},"content":{"rendered":"<p class=\"qtranxs-available-languages-message qtranxs-available-languages-message-sv\">Tyv\u00e4rr \u00e4r denna artikel enbart tillg\u00e4nglig p\u00e5 <a href=\"https:\/\/sbt.ug.edu.pl\/en\/wp-json\/wp\/v2\/pages\/188\" class=\"qtranxs-available-language-link qtranxs-available-language-link-en\" title=\"English\">Amerikansk Engelska<\/a>, <a href=\"https:\/\/sbt.ug.edu.pl\/de\/wp-json\/wp\/v2\/pages\/188\" class=\"qtranxs-available-language-link qtranxs-available-language-link-de\" title=\"Deutsch\">Tyska<\/a> och <a href=\"https:\/\/sbt.ug.edu.pl\/pl\/wp-json\/wp\/v2\/pages\/188\" class=\"qtranxs-available-language-link qtranxs-available-language-link-pl\" title=\"Polski\">Polska<\/a>. For the sake of viewer convenience, the content is shown below in this site default language. You may click one of the links to switch the site language to another available language.<\/p><p><\/p>\n<p style=\"text-align: justify;\"><strong>LOCATION<\/strong><\/p>\n<p style=\"text-align: justify;\">R\u00fcgen Island is located off the northeastern coast of Meklenburg \u2013 the West Pomeranian Region of Germany. It is conveniently located close to the main German\u2013 Swedish ferry connection. Kitesurfing hotspots are dotted all around the coast of the island (see the map) and windsurfers can enjoy a full variety of winds. The geographical location of the federal country Meklenburg-Vorpommern in Germany is: 54\u00b025\u2032N\u00a013\u00b022\u2032E (central point).<\/p>\n<p><img decoding=\"async\" loading=\"lazy\" class=\"alignnone wp-image-195\" src=\"https:\/\/southbaltic-tourist.eu\/wp-content\/uploads\/2018\/11\/Zrzut-ekranu-2018-11-02-o-23.30.50.png\" alt=\"\" width=\"522\" height=\"300\" srcset=\"https:\/\/sbt.ug.edu.pl\/wp-content\/uploads\/2018\/11\/Zrzut-ekranu-2018-11-02-o-23.30.50.png 786w, https:\/\/sbt.ug.edu.pl\/wp-content\/uploads\/2018\/11\/Zrzut-ekranu-2018-11-02-o-23.30.50-300x173.png 300w, https:\/\/sbt.ug.edu.pl\/wp-content\/uploads\/2018\/11\/Zrzut-ekranu-2018-11-02-o-23.30.50-768x442.png 768w\" sizes=\"(max-width: 522px) 100vw, 522px\" \/>\u00a0 \u00a0 \u00a0 \u00a0 \u00a0\u00a0 <a href=\"https:\/\/www.google.com\/maps\/place\/54%C2%B025'00.0%22N+13%C2%B022'00.0%22E\/@54.4015084,13.27895,10.9z\/data=!4m5!3m4!1s0x0:0x0!8m2!3d54.4166667!4d13.3666667\" target=\"_blank\" rel=\"noopener noreferrer\"><img decoding=\"async\" loading=\"lazy\" class=\"alignnone wp-image-5095\" src=\"https:\/\/southbaltic-tourist.eu\/wp-content\/uploads\/2020\/01\/r1a1_Rugen_Surfing_slim-01-1024x595.png\" alt=\"\" width=\"516\" height=\"300\" srcset=\"https:\/\/sbt.ug.edu.pl\/wp-content\/uploads\/2020\/01\/r1a1_Rugen_Surfing_slim-01-1024x595.png 1024w, https:\/\/sbt.ug.edu.pl\/wp-content\/uploads\/2020\/01\/r1a1_Rugen_Surfing_slim-01-300x174.png 300w, https:\/\/sbt.ug.edu.pl\/wp-content\/uploads\/2020\/01\/r1a1_Rugen_Surfing_slim-01-768x446.png 768w, https:\/\/sbt.ug.edu.pl\/wp-content\/uploads\/2020\/01\/r1a1_Rugen_Surfing_slim-01-1536x893.png 1536w, https:\/\/sbt.ug.edu.pl\/wp-content\/uploads\/2020\/01\/r1a1_Rugen_Surfing_slim-01-150x87.png 150w, https:\/\/sbt.ug.edu.pl\/wp-content\/uploads\/2020\/01\/r1a1_Rugen_Surfing_slim-01.png 1600w\" sizes=\"(max-width: 516px) 100vw, 516px\" \/><\/a><\/p>\n<p><a href=\"https:\/\/www.google.com\/maps\/place\/Rugia\/@54.4530887,13.1601055,10z\/data=!3m1!4b1!4m5!3m4!1s0x47ab43be69cbbd7f:0x80ba77d923cc7534!8m2!3d54.3519967!4d13.3630491\" target=\"_blank\" rel=\"noopener noreferrer\">View on Google Maps<\/a><\/p>\n<p style=\"text-align: justify;\"><strong>WIND HOTSPOTS AROUND R\u00dcGEN<\/strong><\/p>\n<p style=\"text-align: justify;\">Wind hotspots are located around the whole island and this allows surfers to get the most out of multi-directional winds and benefit from different conditions. Surfers usually plan their day strategically based on the local wind forecasts. R\u00fcgen Island hotspots are spaced relatively closely together so moving from one location to the next shouldn\u2019t take more than an hour by car. Most of the surfing spots are easily accessible and have white narrow beaches and shallow waters; indeed, many surfers frequently report flat waters. Spring and autumn are great surfing seasons just like the summer, but with stronger winds. Many spots are used for learning to surf and beginners\u2019 sessions (e.g. Suhrendorf, Wiek, Thiesow etc.). When the easterly wind picks up, the Neu Murkan hotspot can be a real treat for the more experienced surfer. R\u00fcgen\u2019s hotspots are mostly used by German and Polish surfers.<\/p>\n<p style=\"text-align: justify;\"><strong style=\"line-height: 1.5;\">ATTRACTIONS<\/strong><\/p>\n<p style=\"text-align: justify;\">The whole island of R\u00fcgen is a beautiful natural area with diverse coasts, ranging from yellow beaches to white chalk cliffs, and many lagoons and shallow waters. Most of the island is richly forested and is home to Jasmund National Park, where you can indulge in nature sightseeing, biking, walking etc. There are a couple of interesting museums (like Ocean Aquarium) and places of curiosity (Binz holiday house \u2013 the longest in Germany). Fine dining experiences and a range of accommodation can be found in abundance here, especially before and after the high season in the summer (July-August). There are some excellent bike routes on the island too.<\/p>\n<h2><strong>Move to Attractions bellow or -&gt;<a href=\"https:\/\/southbaltic-tourist.eu\/routes\/windsurfing-exploration\/2-ru%cc%88gen-biking\/\">Move to Attraction No. 2 <\/a><br \/>\n<\/strong><\/h2>\n<p><code><div class=\"rl-gallery-container rl-loading\" id=\"rl-gallery-container-1\" data-gallery_id=\"1137\"> <div class=\"rl-gallery rl-basicgrid-gallery \" id=\"rl-gallery-1\" data-gallery_no=\"1\"> <div class=\"rl-gallery-item\"><a href=\"https:\/\/sbt.ug.edu.pl\/wp-content\/uploads\/2019\/07\/1.-Surfing-training-center-Wiek-R2.A1..jpg\" title=\"1. Surfing training center Wiek; author: Przemyslaw Kulawczuk \/ BHR\" data-rl_title=\"1. Surfing training center Wiek; author: Przemyslaw Kulawczuk \/ BHR\" class=\"rl-gallery-link\" data-rl_caption=\"\" data-rel=\"lightbox-gallery-1\"><img src=\"https:\/\/sbt.ug.edu.pl\/wp-content\/uploads\/2019\/07\/1.-Surfing-training-center-Wiek-R2.A1.-768x512.jpg\" width=\"640\" height=\"427\" alt=\"\" \/><\/a><\/div><div class=\"rl-gallery-item\"><a href=\"https:\/\/sbt.ug.edu.pl\/wp-content\/uploads\/2019\/07\/2.-Marina-in-Wiek-R2.A1..jpg\" title=\"2. Marina in Wiek, author: Przemyslaw Kulawczuk \/ BHR\" data-rl_title=\"2. Marina in Wiek, author: Przemyslaw Kulawczuk \/ BHR\" class=\"rl-gallery-link\" data-rl_caption=\"\" data-rel=\"lightbox-gallery-1\"><img src=\"https:\/\/sbt.ug.edu.pl\/wp-content\/uploads\/2019\/07\/2.-Marina-in-Wiek-R2.A1.-768x512.jpg\" width=\"640\" height=\"427\" alt=\"\" \/><\/a><\/div><div class=\"rl-gallery-item\"><a href=\"https:\/\/sbt.ug.edu.pl\/wp-content\/uploads\/2019\/07\/3.-Windsurfing-training-center-Darss-R2.A1..jpg\" title=\"3. Windsurfing training center Darss, author: Przemyslaw Kulawczuk \/ BHR\" data-rl_title=\"3. Windsurfing training center Darss, author: Przemyslaw Kulawczuk \/ BHR\" class=\"rl-gallery-link\" data-rl_caption=\"\" data-rel=\"lightbox-gallery-1\"><img src=\"https:\/\/sbt.ug.edu.pl\/wp-content\/uploads\/2019\/07\/3.-Windsurfing-training-center-Darss-R2.A1.-768x512.jpg\" width=\"640\" height=\"427\" alt=\"\" \/><\/a><\/div><div class=\"rl-gallery-item\"><a href=\"https:\/\/sbt.ug.edu.pl\/wp-content\/uploads\/2019\/07\/4.-Kitesurfing-spot-Wiek-R2A1..jpg\" title=\"4. Kitesurfing spot in Wiek, author: Przemyslaw Kulawczuk \/ BHR\" data-rl_title=\"4. Kitesurfing spot in Wiek, author: Przemyslaw Kulawczuk \/ BHR\" class=\"rl-gallery-link\" data-rl_caption=\"\" data-rel=\"lightbox-gallery-1\"><img src=\"https:\/\/sbt.ug.edu.pl\/wp-content\/uploads\/2019\/07\/4.-Kitesurfing-spot-Wiek-R2A1.-768x512.jpg\" width=\"640\" height=\"427\" alt=\"\" \/><\/a><\/div><div class=\"rl-gallery-item\"><a href=\"https:\/\/sbt.ug.edu.pl\/wp-content\/uploads\/2019\/07\/5.-Surfing-spot-Darss-R2.A1..jpg\" title=\"5. Surfing spot Darss, author: Przemyslaw Kulawczuk \/ BHR\" data-rl_title=\"5. Surfing spot Darss, author: Przemyslaw Kulawczuk \/ BHR\" class=\"rl-gallery-link\" data-rl_caption=\"\" data-rel=\"lightbox-gallery-1\"><img src=\"https:\/\/sbt.ug.edu.pl\/wp-content\/uploads\/2019\/07\/5.-Surfing-spot-Darss-R2.A1.-768x512.jpg\" width=\"640\" height=\"427\" alt=\"\" \/><\/a><\/div><div class=\"rl-gallery-item\"><a href=\"https:\/\/sbt.ug.edu.pl\/wp-content\/uploads\/2019\/07\/6.-Sea-kayaking-in-Binz-R2.A1..jpg\" title=\"6. Sea kayaking in Binz, author: Przemyslaw Kulawczuk \/ BHR\" data-rl_title=\"6. Sea kayaking in Binz, author: Przemyslaw Kulawczuk \/ BHR\" class=\"rl-gallery-link\" data-rl_caption=\"\" data-rel=\"lightbox-gallery-1\"><img src=\"https:\/\/sbt.ug.edu.pl\/wp-content\/uploads\/2019\/07\/6.-Sea-kayaking-in-Binz-R2.A1.-768x509.jpg\" width=\"640\" height=\"424\" alt=\"\" \/><\/a><\/div><div class=\"rl-gallery-item\"><a href=\"https:\/\/sbt.ug.edu.pl\/wp-content\/uploads\/2019\/07\/7.-Watersports-area-in-Binz-R2.A1..jpg\" title=\"7. Watersports area in Binz, author: Przemyslaw Kulawczuk \/ BHR\" data-rl_title=\"7. Watersports area in Binz, author: Przemyslaw Kulawczuk \/ BHR\" class=\"rl-gallery-link\" data-rl_caption=\"\" data-rel=\"lightbox-gallery-1\"><img src=\"https:\/\/sbt.ug.edu.pl\/wp-content\/uploads\/2019\/07\/7.-Watersports-area-in-Binz-R2.A1.-768x509.jpg\" width=\"640\" height=\"424\" alt=\"\" \/><\/a><\/div><div class=\"rl-gallery-item\"><a href=\"https:\/\/sbt.ug.edu.pl\/wp-content\/uploads\/2019\/07\/8.-Windsurfing-lesson-Wiek-R2.A1..jpg\" title=\"8. Windsurfing lesson, Wiek, author: Przemyslaw Kulawczuk \/ BHR\" data-rl_title=\"8. Windsurfing lesson, Wiek, author: Przemyslaw Kulawczuk \/ BHR\" class=\"rl-gallery-link\" data-rl_caption=\"\" data-rel=\"lightbox-gallery-1\"><img src=\"https:\/\/sbt.ug.edu.pl\/wp-content\/uploads\/2019\/07\/8.-Windsurfing-lesson-Wiek-R2.A1.-768x509.jpg\" width=\"640\" height=\"424\" alt=\"\" \/><\/a><\/div><div class=\"rl-gallery-item\"><a href=\"https:\/\/sbt.ug.edu.pl\/wp-content\/uploads\/2019\/07\/9.-Windsurfing-spot-Wiek-R2.A1..jpg\" title=\"3. Wiek, Rugen, Przemyslaw Kulawczuk\" data-rl_title=\"3. Wiek, Rugen, Przemyslaw Kulawczuk\" class=\"rl-gallery-link\" data-rl_caption=\"\" data-rel=\"lightbox-gallery-1\"><img src=\"https:\/\/sbt.ug.edu.pl\/wp-content\/uploads\/2019\/07\/9.-Windsurfing-spot-Wiek-R2.A1.-768x509.jpg\" width=\"640\" height=\"424\" alt=\"\" \/><\/a><\/div><div class=\"rl-gallery-item\"><a href=\"https:\/\/sbt.ug.edu.pl\/wp-content\/uploads\/2019\/07\/10.-Windsurfing-spot-Wiek-R2.A1..jpg\" title=\"10. Windsurfing spot Wiek, author: Przemyslaw Kulawczuk \/ BHR\" data-rl_title=\"10. Windsurfing spot Wiek, author: Przemyslaw Kulawczuk \/ BHR\" class=\"rl-gallery-link\" data-rl_caption=\"\" data-rel=\"lightbox-gallery-1\"><img src=\"https:\/\/sbt.ug.edu.pl\/wp-content\/uploads\/2019\/07\/10.-Windsurfing-spot-Wiek-R2.A1.-768x509.jpg\" width=\"640\" height=\"424\" alt=\"\" \/><\/a><\/div><div class=\"rl-gallery-item\"><a href=\"https:\/\/sbt.ug.edu.pl\/wp-content\/uploads\/2019\/07\/11.-Kitesurfing-spot-in-Wiek-R2.A1..jpg\" title=\"11. Kitesurfing spot in Wiek, author: Przemyslaw Kulawczuk \/ BHR\" data-rl_title=\"11. Kitesurfing spot in Wiek, author: Przemyslaw Kulawczuk \/ BHR\" class=\"rl-gallery-link\" data-rl_caption=\"\" data-rel=\"lightbox-gallery-1\"><img src=\"https:\/\/sbt.ug.edu.pl\/wp-content\/uploads\/2019\/07\/11.-Kitesurfing-spot-in-Wiek-R2.A1.-768x509.jpg\" width=\"640\" height=\"424\" alt=\"\" \/><\/a><\/div><div class=\"rl-gallery-item\"><a href=\"https:\/\/sbt.ug.edu.pl\/wp-content\/uploads\/2019\/07\/12.-Entry-to-Binz-pier-R2.A1..jpg\" title=\"12. Entry to Binz pier, author: Przemyslaw Kulawczuk \/ BHR\" data-rl_title=\"12. Entry to Binz pier, author: Przemyslaw Kulawczuk \/ BHR\" class=\"rl-gallery-link\" data-rl_caption=\"\" data-rel=\"lightbox-gallery-1\"><img src=\"https:\/\/sbt.ug.edu.pl\/wp-content\/uploads\/2019\/07\/12.-Entry-to-Binz-pier-R2.A1.-768x512.jpg\" width=\"640\" height=\"427\" alt=\"\" \/><\/a><\/div><div class=\"rl-gallery-item\"><a href=\"https:\/\/sbt.ug.edu.pl\/wp-content\/uploads\/2019\/07\/13.-Sassnitz-resort-R2.A1..jpg\" title=\"13. Sassnitz resort, author: Przemyslaw Kulawczuk \/ BHR\" data-rl_title=\"13. Sassnitz resort, author: Przemyslaw Kulawczuk \/ BHR\" class=\"rl-gallery-link\" data-rl_caption=\"\" data-rel=\"lightbox-gallery-1\"><img src=\"https:\/\/sbt.ug.edu.pl\/wp-content\/uploads\/2019\/07\/13.-Sassnitz-resort-R2.A1.-768x509.jpg\" width=\"640\" height=\"424\" alt=\"\" \/><\/a><\/div><div class=\"rl-gallery-item\"><a href=\"https:\/\/sbt.ug.edu.pl\/wp-content\/uploads\/2019\/07\/14.-Castle-Lietzow-R2.A1..jpg\" title=\"14. Castle Lietzow, author: Przemyslaw Kulawczuk \/ BHR\" data-rl_title=\"14. Castle Lietzow, author: Przemyslaw Kulawczuk \/ BHR\" class=\"rl-gallery-link\" data-rl_caption=\"\" data-rel=\"lightbox-gallery-1\"><img src=\"https:\/\/sbt.ug.edu.pl\/wp-content\/uploads\/2019\/07\/14.-Castle-Lietzow-R2.A1.-768x509.jpg\" width=\"640\" height=\"424\" alt=\"\" \/><\/a><\/div><div class=\"rl-gallery-item\"><a href=\"https:\/\/sbt.ug.edu.pl\/wp-content\/uploads\/2019\/07\/15.-Kitesurfing-spot-Wiek-R2.A1..jpg\" title=\"15. Kitefurfing spot Wiek, author: Przemyslaw Kulawczuk \/ BHR\" data-rl_title=\"15. Kitefurfing spot Wiek, author: Przemyslaw Kulawczuk \/ BHR\" class=\"rl-gallery-link\" data-rl_caption=\"\" data-rel=\"lightbox-gallery-1\"><img src=\"https:\/\/sbt.ug.edu.pl\/wp-content\/uploads\/2019\/07\/15.-Kitesurfing-spot-Wiek-R2.A1.-768x512.jpg\" width=\"640\" height=\"427\" alt=\"\" \/><\/a><\/div><div class=\"rl-gallery-item\"><a href=\"https:\/\/sbt.ug.edu.pl\/wp-content\/uploads\/2019\/07\/16.-Kitesufring-spot-Wiek-R2.A1..jpg\" title=\"16. Kitefurfing spot Wiek, author: Przemyslaw Kulawczuk \/ BHR\" data-rl_title=\"16. Kitefurfing spot Wiek, author: Przemyslaw Kulawczuk \/ BHR\" class=\"rl-gallery-link\" data-rl_caption=\"\" data-rel=\"lightbox-gallery-1\"><img src=\"https:\/\/sbt.ug.edu.pl\/wp-content\/uploads\/2019\/07\/16.-Kitesufring-spot-Wiek-R2.A1.-768x512.jpg\" width=\"640\" height=\"427\" alt=\"\" \/><\/a><\/div><div class=\"rl-gallery-item\"><a href=\"https:\/\/sbt.ug.edu.pl\/wp-content\/uploads\/2019\/07\/17.-Kitesurfing-spot-Wiek-R2.A1..jpg\" title=\"17. Kitefurfing spot Wiek, author: Przemyslaw Kulawczuk \/ BHR\" data-rl_title=\"17. Kitefurfing spot Wiek, author: Przemyslaw Kulawczuk \/ BHR\" class=\"rl-gallery-link\" data-rl_caption=\"\" data-rel=\"lightbox-gallery-1\"><img src=\"https:\/\/sbt.ug.edu.pl\/wp-content\/uploads\/2019\/07\/17.-Kitesurfing-spot-Wiek-R2.A1.-768x512.jpg\" width=\"640\" height=\"427\" alt=\"\" \/><\/a><\/div><div class=\"rl-gallery-item\"><a href=\"https:\/\/sbt.ug.edu.pl\/wp-content\/uploads\/2019\/07\/18.-Coastal-view-Jasmund-NP-R2.A1..jpg\" title=\"18. Coastal view Jasmund NP, author: Przemyslaw Kulawczuk \/ BHR\" data-rl_title=\"18. Coastal view Jasmund NP, author: Przemyslaw Kulawczuk \/ BHR\" class=\"rl-gallery-link\" data-rl_caption=\"\" data-rel=\"lightbox-gallery-1\"><img src=\"https:\/\/sbt.ug.edu.pl\/wp-content\/uploads\/2019\/07\/18.-Coastal-view-Jasmund-NP-R2.A1.-768x509.jpg\" width=\"640\" height=\"424\" alt=\"\" \/><\/a><\/div><div class=\"rl-gallery-item\"><a href=\"https:\/\/sbt.ug.edu.pl\/wp-content\/uploads\/2019\/07\/19.-Coastal-view-Jasmund-NP-R2.A1..jpg\" title=\"19. Coastal view Jasmund NP, author: Przemyslaw Kulawczuk \/ BHR\" data-rl_title=\"19. Coastal view Jasmund NP, author: Przemyslaw Kulawczuk \/ BHR\" class=\"rl-gallery-link\" data-rl_caption=\"\" data-rel=\"lightbox-gallery-1\"><img src=\"https:\/\/sbt.ug.edu.pl\/wp-content\/uploads\/2019\/07\/19.-Coastal-view-Jasmund-NP-R2.A1.-768x509.jpg\" width=\"640\" height=\"424\" alt=\"\" \/><\/a><\/div><div class=\"rl-gallery-item\"><a href=\"https:\/\/sbt.ug.edu.pl\/wp-content\/uploads\/2019\/07\/20.-White-cliffs-Jasmund-NP-R2.A1..jpg\" title=\"20. White cliffs Jasmund NP, author: Przemyslaw Kulawczuk \/ BHR\" data-rl_title=\"20. White cliffs Jasmund NP, author: Przemyslaw Kulawczuk \/ BHR\" class=\"rl-gallery-link\" data-rl_caption=\"\" data-rel=\"lightbox-gallery-1\"><img src=\"https:\/\/sbt.ug.edu.pl\/wp-content\/uploads\/2019\/07\/20.-White-cliffs-Jasmund-NP-R2.A1.-768x509.jpg\" width=\"640\" height=\"424\" alt=\"\" \/><\/a><\/div><div class=\"rl-gallery-item\"><a href=\"https:\/\/sbt.ug.edu.pl\/wp-content\/uploads\/2019\/07\/21.-White-cliffs-Jasmund-NP-R2.A1..jpg\" title=\"21. White cliffs Jasmund NP, author: Przemyslaw Kulawczuk \/ BHR\" data-rl_title=\"21. White cliffs Jasmund NP, author: Przemyslaw Kulawczuk \/ BHR\" class=\"rl-gallery-link\" data-rl_caption=\"\" data-rel=\"lightbox-gallery-1\"><img src=\"https:\/\/sbt.ug.edu.pl\/wp-content\/uploads\/2019\/07\/21.-White-cliffs-Jasmund-NP-R2.A1.-768x509.jpg\" width=\"640\" height=\"424\" alt=\"\" \/><\/a><\/div> <\/div> <\/div><\/code><\/p>","protected":false},"excerpt":{"rendered":"<p>Tyv\u00e4rr \u00e4r denna artikel enbart tillg\u00e4nglig p\u00e5 Amerikansk Engelska, Tyska och Polska. For the sake of viewer convenience, the content is shown below in this site default language. You may click one of the links to switch the site language to another available language. LOCATION R\u00fcgen Island is located off the northeastern coast of Meklenburg [&hellip;]<\/p>\n","protected":false},"author":1,"featured_media":0,"parent":174,"menu_order":0,"comment_status":"closed","ping_status":"closed","template":"","meta":[],"categories":[34,12,9],"tags":[],"_links":{"self":[{"href":"https:\/\/sbt.ug.edu.pl\/sv\/wp-json\/wp\/v2\/pages\/188"}],"collection":[{"href":"https:\/\/sbt.ug.edu.pl\/sv\/wp-json\/wp\/v2\/pages"}],"about":[{"href":"https:\/\/sbt.ug.edu.pl\/sv\/wp-json\/wp\/v2\/types\/page"}],"author":[{"embeddable":true,"href":"https:\/\/sbt.ug.edu.pl\/sv\/wp-json\/wp\/v2\/users\/1"}],"replies":[{"embeddable":true,"href":"https:\/\/sbt.ug.edu.pl\/sv\/wp-json\/wp\/v2\/comments?post=188"}],"version-history":[{"count":35,"href":"https:\/\/sbt.ug.edu.pl\/sv\/wp-json\/wp\/v2\/pages\/188\/revisions"}],"predecessor-version":[{"id":5804,"href":"https:\/\/sbt.ug.edu.pl\/sv\/wp-json\/wp\/v2\/pages\/188\/revisions\/5804"}],"up":[{"embeddable":true,"href":"https:\/\/sbt.ug.edu.pl\/sv\/wp-json\/wp\/v2\/pages\/174"}],"wp:attachment":[{"href":"https:\/\/sbt.ug.edu.pl\/sv\/wp-json\/wp\/v2\/media?parent=188"}],"wp:term":[{"taxonomy":"category","embeddable":true,"href":"https:\/\/sbt.ug.edu.pl\/sv\/wp-json\/wp\/v2\/categories?post=188"},{"taxonomy":"post_tag","embeddable":true,"href":"https:\/\/sbt.ug.edu.pl\/sv\/wp-json\/wp\/v2\/tags?post=188"}],"curies":[{"name":"wp","href":"https:\/\/api.w.org\/{rel}","templated":true}]}}