{"id":190,"date":"2018-11-02T23:29:27","date_gmt":"2018-11-02T22:29:27","guid":{"rendered":"http:\/\/southbaltic-tourist.eu\/?page_id=190"},"modified":"2021-06-10T15:41:21","modified_gmt":"2021-06-10T14:41:21","slug":"2-rugen-biking","status":"publish","type":"page","link":"https:\/\/sbt.ug.edu.pl\/sv\/routes\/windsurfing-exploration\/2-rugen-biking\/","title":{"rendered":"(English) 2. R\u00fcgen &#8211; Biking"},"content":{"rendered":"<p class=\"qtranxs-available-languages-message qtranxs-available-languages-message-sv\">Tyv\u00e4rr \u00e4r denna artikel enbart tillg\u00e4nglig p\u00e5 <a href=\"https:\/\/sbt.ug.edu.pl\/en\/wp-json\/wp\/v2\/pages\/190\" class=\"qtranxs-available-language-link qtranxs-available-language-link-en\" title=\"English\">Amerikansk Engelska<\/a>, <a href=\"https:\/\/sbt.ug.edu.pl\/de\/wp-json\/wp\/v2\/pages\/190\" class=\"qtranxs-available-language-link qtranxs-available-language-link-de\" title=\"Deutsch\">Tyska<\/a> och <a href=\"https:\/\/sbt.ug.edu.pl\/pl\/wp-json\/wp\/v2\/pages\/190\" class=\"qtranxs-available-language-link qtranxs-available-language-link-pl\" title=\"Polski\">Polska<\/a>. For the sake of viewer convenience, the content is shown below in this site default language. You may click one of the links to switch the site language to another available language.<\/p><p><\/p>\n<p style=\"text-align: justify;\"><strong>LOCATION<\/strong><\/p>\n<p style=\"text-align: justify;\">R\u00fcgen Island is located off the northeastern coast of Meklenburg \u2013 the West Pomeranian Region of Germany. It is conveniently located close to the main German\u2013 Swedish ferry connection. A biking route is located on the eastern coast of the island and connects a couple of surfing hotspots (see the map). Surfers can use it as a means of transportation or as a day\u2019s excursion break from surfing. The geographical location of the federal country Meklenburg-Vorpommern in Germany is: 54\u00b025\u2032N\u00a013\u00b022\u2032E (central point).<\/p>\n<p><img decoding=\"async\" loading=\"lazy\" class=\"alignnone wp-image-206\" src=\"https:\/\/southbaltic-tourist.eu\/wp-content\/uploads\/2018\/11\/Zrzut-ekranu-2018-11-02-o-23.43.19.png\" alt=\"\" width=\"532\" height=\"300\" srcset=\"https:\/\/sbt.ug.edu.pl\/wp-content\/uploads\/2018\/11\/Zrzut-ekranu-2018-11-02-o-23.43.19.png 1082w, https:\/\/sbt.ug.edu.pl\/wp-content\/uploads\/2018\/11\/Zrzut-ekranu-2018-11-02-o-23.43.19-300x169.png 300w, https:\/\/sbt.ug.edu.pl\/wp-content\/uploads\/2018\/11\/Zrzut-ekranu-2018-11-02-o-23.43.19-768x433.png 768w, https:\/\/sbt.ug.edu.pl\/wp-content\/uploads\/2018\/11\/Zrzut-ekranu-2018-11-02-o-23.43.19-1024x577.png 1024w\" sizes=\"(max-width: 532px) 100vw, 532px\" \/> \u00a0\u00a0 \u00a0<a href=\"https:\/\/southbaltic-tourist.eu\/wp-content\/uploads\/2020\/01\/r1a2_Rugen_Biking_slim.png\" rel=\"noopener noreferrer\" data-rel=\"lightbox-gallery-GJo1Uadm\" data-rl_title=\"\" data-rl_caption=\"\" title=\"\"><img decoding=\"async\" loading=\"lazy\" class=\"alignnone wp-image-5102\" src=\"https:\/\/southbaltic-tourist.eu\/wp-content\/uploads\/2020\/01\/r1a2_Rugen_Biking_slim-300x175.png\" alt=\"\" width=\"516\" height=\"300\" srcset=\"https:\/\/sbt.ug.edu.pl\/wp-content\/uploads\/2020\/01\/r1a2_Rugen_Biking_slim-300x175.png 300w, https:\/\/sbt.ug.edu.pl\/wp-content\/uploads\/2020\/01\/r1a2_Rugen_Biking_slim-1024x596.png 1024w, https:\/\/sbt.ug.edu.pl\/wp-content\/uploads\/2020\/01\/r1a2_Rugen_Biking_slim-768x447.png 768w, https:\/\/sbt.ug.edu.pl\/wp-content\/uploads\/2020\/01\/r1a2_Rugen_Biking_slim-1536x894.png 1536w, https:\/\/sbt.ug.edu.pl\/wp-content\/uploads\/2020\/01\/r1a2_Rugen_Biking_slim-150x87.png 150w, https:\/\/sbt.ug.edu.pl\/wp-content\/uploads\/2020\/01\/r1a2_Rugen_Biking_slim.png 1600w\" sizes=\"(max-width: 516px) 100vw, 516px\" \/><\/a><\/p>\n<p><a href=\"https:\/\/www.google.com\/maps\/place\/Rugia\/@54.4530887,13.1601055,10z\/data=!3m1!4b1!4m5!3m4!1s0x47ab43be69cbbd7f:0x80ba77d923cc7534!8m2!3d54.3519967!4d13.3630491\" target=\"_blank\" rel=\"noopener noreferrer\">View on Google Maps<\/a><\/p>\n<p style=\"text-align: justify;\"><strong>SCENIC CHARACTER <\/strong><\/p>\n<p style=\"text-align: justify;\">One of the most trendy surfing hotspots on R\u00fcgen Island is Neu Murkan and we recommend starting any cycling adventure here. The route runs along the coastline to the south, reaching Resort Binz, Resort Sellin and then further south to Thiessow. It is relatively flat, running through green, forested areas. This 35 kilometre-long route is dotted with restaurants and cafes as well as several beaches and bathing spots. The route\u2019s difficulty level is easy &#8211; intermediate, with most of its surface paved, and the starting point is accessible by public transport. The route allows for several sightseeing stops (several historical sites are on the route) and the ride ends in Thiessow village &#8211; one of southern R\u00fcgen\u2019s best windsurfing spots.<\/p>\n<p style=\"text-align: justify;\"><strong>ATTRACTIONS <\/strong><\/p>\n<p style=\"text-align: justify;\">The whole island of R\u00fcgen is a beautiful natural area with diverse coasts, ranging from yellow beaches to white chalk cliffs, and many lagoons and shallow waters. Most of the island is richly forested and the island is home to Jasmund National Park\u00a0 where you can indulge in nature sightseeing, biking, walking etc. There are a couple of interesting museums (like Ocean Aquarium) and places of curiosity (Binz holiday house \u2013 the longest in Germany). Fine dining experiences and a range of accommodation can be found in abundance here, especially before and after the high season in the summer (July-August).<\/p>\n<h2><strong>Move to Attractions bellow or -&gt;<a href=\"https:\/\/southbaltic-tourist.eu\/routes\/windsurfing-exploration\/3-lubmin-surfhotspot\/\">Move to Attraction No. 3<\/a><\/strong><\/h2>\n<p>&nbsp;<\/p>\n<h2>Move to Attr &#8230;.\u00a0 or <a href=\"https:\/\/southbaltic-tourist.eu\/routes\/windsurfing-exploration\/3-lubmin-surfhotspot\/\">move to ar 3<\/a><\/h2>\n<p><code><div class=\"rl-gallery-container rl-loading\" id=\"rl-gallery-container-1\" data-gallery_id=\"1181\"> <div class=\"rl-gallery rl-basicgrid-gallery \" id=\"rl-gallery-1\" data-gallery_no=\"1\"> <div class=\"rl-gallery-item\"><a href=\"https:\/\/sbt.ug.edu.pl\/wp-content\/uploads\/2019\/07\/1.-Biking-signs-in-the-Island-Reugen-R2.A2..jpg\" title=\"1. Biking signs in the Island Reugen, author: Przemyslaw Kulawczuk \/ BHR\" data-rl_title=\"1. Biking signs in the Island Reugen, author: Przemyslaw Kulawczuk \/ BHR\" class=\"rl-gallery-link\" data-rl_caption=\"\" data-rel=\"lightbox-gallery-1\"><img src=\"https:\/\/sbt.ug.edu.pl\/wp-content\/uploads\/2019\/07\/1.-Biking-signs-in-the-Island-Reugen-R2.A2.-768x512.jpg\" width=\"640\" height=\"427\" alt=\"\" \/><\/a><\/div><div class=\"rl-gallery-item\"><a href=\"https:\/\/sbt.ug.edu.pl\/wp-content\/uploads\/2019\/07\/2.-Final-end-to-biking-route-in-Thiessow-R2.A2..jpg\" title=\"2. Final end to biking route in Thiessow, author: Przemyslaw Kulawczuk \/ BHR\" data-rl_title=\"2. Final end to biking route in Thiessow, author: Przemyslaw Kulawczuk \/ BHR\" class=\"rl-gallery-link\" data-rl_caption=\"\" data-rel=\"lightbox-gallery-1\"><img src=\"https:\/\/sbt.ug.edu.pl\/wp-content\/uploads\/2019\/07\/2.-Final-end-to-biking-route-in-Thiessow-R2.A2.-768x512.jpg\" width=\"640\" height=\"427\" alt=\"\" \/><\/a><\/div><div class=\"rl-gallery-item\"><a href=\"https:\/\/sbt.ug.edu.pl\/wp-content\/uploads\/2019\/07\/3.-Biking-route-in-Binz-R2.A2..jpg\" title=\"3. Biking route in Binz, author: Przemyslaw Kulawczuk \/ BHR\" data-rl_title=\"3. Biking route in Binz, author: Przemyslaw Kulawczuk \/ BHR\" class=\"rl-gallery-link\" data-rl_caption=\"\" data-rel=\"lightbox-gallery-1\"><img src=\"https:\/\/sbt.ug.edu.pl\/wp-content\/uploads\/2019\/07\/3.-Biking-route-in-Binz-R2.A2.-768x512.jpg\" width=\"640\" height=\"427\" alt=\"\" \/><\/a><\/div><div class=\"rl-gallery-item\"><a href=\"https:\/\/sbt.ug.edu.pl\/wp-content\/uploads\/2019\/07\/4.-Sassnitz-tourist-resort-R2.A2..jpg\" title=\"4. Sassnitz tourist resort, author: Przemyslaw Kulawczuk \/ BHR\" data-rl_title=\"4. Sassnitz tourist resort, author: Przemyslaw Kulawczuk \/ BHR\" class=\"rl-gallery-link\" data-rl_caption=\"\" data-rel=\"lightbox-gallery-1\"><img src=\"https:\/\/sbt.ug.edu.pl\/wp-content\/uploads\/2019\/07\/4.-Sassnitz-tourist-resort-R2.A2.-768x509.jpg\" width=\"640\" height=\"424\" alt=\"\" \/><\/a><\/div><div class=\"rl-gallery-item\"><a href=\"https:\/\/sbt.ug.edu.pl\/wp-content\/uploads\/2019\/07\/5.-Binz-town-outlook-R2.A2..jpg\" title=\"5. Binz town outlook, author: Przemyslaw Kulawczuk \/ BHR\" data-rl_title=\"5. Binz town outlook, author: Przemyslaw Kulawczuk \/ BHR\" class=\"rl-gallery-link\" data-rl_caption=\"\" data-rel=\"lightbox-gallery-1\"><img src=\"https:\/\/sbt.ug.edu.pl\/wp-content\/uploads\/2019\/07\/5.-Binz-town-outlook-R2.A2.-768x509.jpg\" width=\"640\" height=\"424\" alt=\"\" \/><\/a><\/div><div class=\"rl-gallery-item\"><a href=\"https:\/\/sbt.ug.edu.pl\/wp-content\/uploads\/2019\/07\/6.-Marina-in-Wiek-R2.A2..jpg\" title=\"6. Marina in Wiek, author: Przemyslaw Kulawczuk\" data-rl_title=\"6. Marina in Wiek, author: Przemyslaw Kulawczuk\" class=\"rl-gallery-link\" data-rl_caption=\"\" data-rel=\"lightbox-gallery-1\"><img src=\"https:\/\/sbt.ug.edu.pl\/wp-content\/uploads\/2019\/07\/6.-Marina-in-Wiek-R2.A2.-768x512.jpg\" width=\"640\" height=\"427\" alt=\"\" \/><\/a><\/div><div class=\"rl-gallery-item\"><a href=\"https:\/\/sbt.ug.edu.pl\/wp-content\/uploads\/2019\/07\/7.-Beach-in-Binz-R2.A2..jpg\" title=\"7. Beach in Binz, author: Przemyslaw Kulawczuk \/ BHR\" data-rl_title=\"7. Beach in Binz, author: Przemyslaw Kulawczuk \/ BHR\" class=\"rl-gallery-link\" data-rl_caption=\"\" data-rel=\"lightbox-gallery-1\"><img src=\"https:\/\/sbt.ug.edu.pl\/wp-content\/uploads\/2019\/07\/7.-Beach-in-Binz-R2.A2.-768x512.jpg\" width=\"640\" height=\"427\" alt=\"\" \/><\/a><\/div><div class=\"rl-gallery-item\"><a href=\"https:\/\/sbt.ug.edu.pl\/wp-content\/uploads\/2019\/07\/8.-Resort-of-Binz-R2.A2..jpg\" title=\"8. Resort of Binz, author: Przemyslaw Kulawczuk \/ BHR\" data-rl_title=\"8. Resort of Binz, author: Przemyslaw Kulawczuk \/ BHR\" class=\"rl-gallery-link\" data-rl_caption=\"\" data-rel=\"lightbox-gallery-1\"><img src=\"https:\/\/sbt.ug.edu.pl\/wp-content\/uploads\/2019\/07\/8.-Resort-of-Binz-R2.A2.-768x509.jpg\" width=\"640\" height=\"424\" alt=\"\" \/><\/a><\/div><div class=\"rl-gallery-item\"><a href=\"https:\/\/sbt.ug.edu.pl\/wp-content\/uploads\/2019\/07\/9.-Fountain-square-in-Binz-R2.A2..jpg\" title=\"9. Fountain square in Binz, author: Przemyslaw Kulawczuk \/ BHR\" data-rl_title=\"9. Fountain square in Binz, author: Przemyslaw Kulawczuk \/ BHR\" class=\"rl-gallery-link\" data-rl_caption=\"\" data-rel=\"lightbox-gallery-1\"><img src=\"https:\/\/sbt.ug.edu.pl\/wp-content\/uploads\/2019\/07\/9.-Fountain-square-in-Binz-R2.A2.-768x512.jpg\" width=\"640\" height=\"427\" alt=\"\" \/><\/a><\/div><div class=\"rl-gallery-item\"><a href=\"https:\/\/sbt.ug.edu.pl\/wp-content\/uploads\/2019\/07\/10.-Water-attractions-in-Binz-R2.A2..jpg\" title=\"10. Water attractions in Binz, author: Przemyslaw Kulawczuk \/ BHR\" data-rl_title=\"10. Water attractions in Binz, author: Przemyslaw Kulawczuk \/ BHR\" class=\"rl-gallery-link\" data-rl_caption=\"\" data-rel=\"lightbox-gallery-1\"><img src=\"https:\/\/sbt.ug.edu.pl\/wp-content\/uploads\/2019\/07\/10.-Water-attractions-in-Binz-R2.A2.-768x509.jpg\" width=\"640\" height=\"424\" alt=\"\" \/><\/a><\/div><div class=\"rl-gallery-item\"><a href=\"https:\/\/sbt.ug.edu.pl\/wp-content\/uploads\/2019\/07\/11.-Coastal-area-Binz-R2.A2..jpg\" title=\"11. Coastal area Binz, author: Przemyslaw Kulawczuk \/ BHR\" data-rl_title=\"11. Coastal area Binz, author: Przemyslaw Kulawczuk \/ BHR\" class=\"rl-gallery-link\" data-rl_caption=\"\" data-rel=\"lightbox-gallery-1\"><img src=\"https:\/\/sbt.ug.edu.pl\/wp-content\/uploads\/2019\/07\/11.-Coastal-area-Binz-R2.A2.-768x509.jpg\" width=\"640\" height=\"424\" alt=\"\" \/><\/a><\/div><div class=\"rl-gallery-item\"><a href=\"https:\/\/sbt.ug.edu.pl\/wp-content\/uploads\/2019\/07\/12.-Meal-on-the-route-Thiessow-R2.A2..jpg\" title=\"12. Meal on the route, Thiessow, R2.A2.\" data-rl_title=\"12. Meal on the route, Thiessow, R2.A2.\" class=\"rl-gallery-link\" data-rl_caption=\"\" data-rel=\"lightbox-gallery-1\"><img src=\"https:\/\/sbt.ug.edu.pl\/wp-content\/uploads\/2019\/07\/12.-Meal-on-the-route-Thiessow-R2.A2.-768x512.jpg\" width=\"640\" height=\"427\" alt=\"\" \/><\/a><\/div><div class=\"rl-gallery-item\"><a href=\"https:\/\/sbt.ug.edu.pl\/wp-content\/uploads\/2019\/07\/13.-Typical-lunch-for-bikers-in-the-Island-R2.A2..jpg\" title=\"13. Typical lunch for bikers in the Island, author: Przemyslaw Kulawczuk \/ BHR\" data-rl_title=\"13. Typical lunch for bikers in the Island, author: Przemyslaw Kulawczuk \/ BHR\" class=\"rl-gallery-link\" data-rl_caption=\"\" data-rel=\"lightbox-gallery-1\"><img src=\"https:\/\/sbt.ug.edu.pl\/wp-content\/uploads\/2019\/07\/13.-Typical-lunch-for-bikers-in-the-Island-R2.A2.-768x512.jpg\" width=\"640\" height=\"427\" alt=\"\" \/><\/a><\/div><div class=\"rl-gallery-item\"><a href=\"https:\/\/sbt.ug.edu.pl\/wp-content\/uploads\/2019\/07\/14.-Street-view-Binz-R2.A2..jpg\" title=\"14. Street view Binz, author: Przemyslaw Kulawczuk \/ BHR\" data-rl_title=\"14. Street view Binz, author: Przemyslaw Kulawczuk \/ BHR\" class=\"rl-gallery-link\" data-rl_caption=\"\" data-rel=\"lightbox-gallery-1\"><img src=\"https:\/\/sbt.ug.edu.pl\/wp-content\/uploads\/2019\/07\/14.-Street-view-Binz-R2.A2.-768x512.jpg\" width=\"640\" height=\"427\" alt=\"\" \/><\/a><\/div><div class=\"rl-gallery-item\"><a href=\"https:\/\/sbt.ug.edu.pl\/wp-content\/uploads\/2019\/07\/15.-White-cliffs-in-Jasmund-National-Park-R2.A2..jpg\" title=\"15. White cliffs in Jasmund National Park, author: Przemyslaw Kulawczuk \/ BHR\" data-rl_title=\"15. White cliffs in Jasmund National Park, author: Przemyslaw Kulawczuk \/ BHR\" class=\"rl-gallery-link\" data-rl_caption=\"\" data-rel=\"lightbox-gallery-1\"><img src=\"https:\/\/sbt.ug.edu.pl\/wp-content\/uploads\/2019\/07\/15.-White-cliffs-in-Jasmund-National-Park-R2.A2.-768x509.jpg\" width=\"640\" height=\"424\" alt=\"\" \/><\/a><\/div><div class=\"rl-gallery-item\"><a href=\"https:\/\/sbt.ug.edu.pl\/wp-content\/uploads\/2019\/07\/16.-Coastal-view-Jasmund-NP-R2.A2..jpg\" title=\"16. Coastal view Jasmund NP, author: Przemyslaw Kulawczuk \/ BHR\" data-rl_title=\"16. Coastal view Jasmund NP, author: Przemyslaw Kulawczuk \/ BHR\" class=\"rl-gallery-link\" data-rl_caption=\"\" data-rel=\"lightbox-gallery-1\"><img src=\"https:\/\/sbt.ug.edu.pl\/wp-content\/uploads\/2019\/07\/16.-Coastal-view-Jasmund-NP-R2.A2.-768x509.jpg\" width=\"640\" height=\"424\" alt=\"\" \/><\/a><\/div><div class=\"rl-gallery-item\"><a href=\"https:\/\/sbt.ug.edu.pl\/wp-content\/uploads\/2019\/07\/17.-Wild-forest-in-Jasmund-NP-R2.A2..jpg\" title=\"17. Wild forest in Jasmund NP, author: Przemyslaw Kulawczuk \/ BHR\" data-rl_title=\"17. Wild forest in Jasmund NP, author: Przemyslaw Kulawczuk \/ BHR\" class=\"rl-gallery-link\" data-rl_caption=\"\" data-rel=\"lightbox-gallery-1\"><img src=\"https:\/\/sbt.ug.edu.pl\/wp-content\/uploads\/2019\/07\/17.-Wild-forest-in-Jasmund-NP-R2.A2.-768x509.jpg\" width=\"640\" height=\"424\" alt=\"\" \/><\/a><\/div><div class=\"rl-gallery-item\"><a href=\"https:\/\/sbt.ug.edu.pl\/wp-content\/uploads\/2019\/07\/18.-Biking-route-in-Jasmund-NP-R2.A2..jpg\" title=\"18. Biking route in Jasmund NP, author: Przemyslaw Kulawczuk \/ BHR\" data-rl_title=\"18. Biking route in Jasmund NP, author: Przemyslaw Kulawczuk \/ BHR\" class=\"rl-gallery-link\" data-rl_caption=\"\" data-rel=\"lightbox-gallery-1\"><img src=\"https:\/\/sbt.ug.edu.pl\/wp-content\/uploads\/2019\/07\/18.-Biking-route-in-Jasmund-NP-R2.A2.-768x509.jpg\" width=\"640\" height=\"424\" alt=\"\" \/><\/a><\/div> <\/div> <\/div><\/code><\/p>\n<p>&nbsp;<\/p>","protected":false},"excerpt":{"rendered":"<p>Tyv\u00e4rr \u00e4r denna artikel enbart tillg\u00e4nglig p\u00e5 Amerikansk Engelska, Tyska och Polska. For the sake of viewer convenience, the content is shown below in this site default language. You may click one of the links to switch the site language to another available language. LOCATION R\u00fcgen Island is located off the northeastern coast of Meklenburg [&hellip;]<\/p>\n","protected":false},"author":1,"featured_media":0,"parent":174,"menu_order":0,"comment_status":"closed","ping_status":"closed","template":"","meta":[],"categories":[34,13,9],"tags":[],"_links":{"self":[{"href":"https:\/\/sbt.ug.edu.pl\/sv\/wp-json\/wp\/v2\/pages\/190"}],"collection":[{"href":"https:\/\/sbt.ug.edu.pl\/sv\/wp-json\/wp\/v2\/pages"}],"about":[{"href":"https:\/\/sbt.ug.edu.pl\/sv\/wp-json\/wp\/v2\/types\/page"}],"author":[{"embeddable":true,"href":"https:\/\/sbt.ug.edu.pl\/sv\/wp-json\/wp\/v2\/users\/1"}],"replies":[{"embeddable":true,"href":"https:\/\/sbt.ug.edu.pl\/sv\/wp-json\/wp\/v2\/comments?post=190"}],"version-history":[{"count":33,"href":"https:\/\/sbt.ug.edu.pl\/sv\/wp-json\/wp\/v2\/pages\/190\/revisions"}],"predecessor-version":[{"id":5803,"href":"https:\/\/sbt.ug.edu.pl\/sv\/wp-json\/wp\/v2\/pages\/190\/revisions\/5803"}],"up":[{"embeddable":true,"href":"https:\/\/sbt.ug.edu.pl\/sv\/wp-json\/wp\/v2\/pages\/174"}],"wp:attachment":[{"href":"https:\/\/sbt.ug.edu.pl\/sv\/wp-json\/wp\/v2\/media?parent=190"}],"wp:term":[{"taxonomy":"category","embeddable":true,"href":"https:\/\/sbt.ug.edu.pl\/sv\/wp-json\/wp\/v2\/categories?post=190"},{"taxonomy":"post_tag","embeddable":true,"href":"https:\/\/sbt.ug.edu.pl\/sv\/wp-json\/wp\/v2\/tags?post=190"}],"curies":[{"name":"wp","href":"https:\/\/api.w.org\/{rel}","templated":true}]}}