{"id":192,"date":"2018-11-02T23:29:55","date_gmt":"2018-11-02T22:29:55","guid":{"rendered":"http:\/\/southbaltic-tourist.eu\/?page_id=192"},"modified":"2021-06-10T15:40:50","modified_gmt":"2021-06-10T14:40:50","slug":"3-lubmin-surfhotspot","status":"publish","type":"page","link":"https:\/\/sbt.ug.edu.pl\/sv\/routes\/windsurfing-exploration\/3-lubmin-surfhotspot\/","title":{"rendered":"(English) 3. Lubmin &#8211; Surfing Hotspot"},"content":{"rendered":"<p class=\"qtranxs-available-languages-message qtranxs-available-languages-message-sv\">Tyv\u00e4rr \u00e4r denna artikel enbart tillg\u00e4nglig p\u00e5 <a href=\"https:\/\/sbt.ug.edu.pl\/en\/wp-json\/wp\/v2\/pages\/192\" class=\"qtranxs-available-language-link qtranxs-available-language-link-en\" title=\"English\">Amerikansk Engelska<\/a>, <a href=\"https:\/\/sbt.ug.edu.pl\/de\/wp-json\/wp\/v2\/pages\/192\" class=\"qtranxs-available-language-link qtranxs-available-language-link-de\" title=\"Deutsch\">Tyska<\/a> och <a href=\"https:\/\/sbt.ug.edu.pl\/pl\/wp-json\/wp\/v2\/pages\/192\" class=\"qtranxs-available-language-link qtranxs-available-language-link-pl\" title=\"Polski\">Polska<\/a>. For the sake of viewer convenience, the content is shown below in this site default language. You may click one of the links to switch the site language to another available language.<\/p><p><\/p>\n<p style=\"text-align: justify;\"><strong>LOCATION<\/strong><\/p>\n<p style=\"text-align: justify;\">Lubmin is a small resort with a broad sandy beach, located closely to Greifswald on the coast of Greifswald Lagoon and Bay. It is located on the bayside road, less than 30 minutes\u2019 drive from Greifswald and around 2 hours\u2019 drive to the main German \u2013 Swedish ferry connection in Sassnitz. For most of the year this place is not crowded and provides northern wind exposure. The resort and surfing hotspot are both located in Meklenburg-Vorpommern in Germany, 54\u00b008\u2032N\u00a013\u00b037\u2032E.<\/p>\n<p><img decoding=\"async\" loading=\"lazy\" class=\"alignnone wp-image-215\" src=\"https:\/\/southbaltic-tourist.eu\/wp-content\/uploads\/2018\/11\/Zrzut-ekranu-2018-11-02-o-23.48.52.png\" alt=\"\" width=\"532\" height=\"300\" srcset=\"https:\/\/sbt.ug.edu.pl\/wp-content\/uploads\/2018\/11\/Zrzut-ekranu-2018-11-02-o-23.48.52.png 1132w, https:\/\/sbt.ug.edu.pl\/wp-content\/uploads\/2018\/11\/Zrzut-ekranu-2018-11-02-o-23.48.52-300x169.png 300w, https:\/\/sbt.ug.edu.pl\/wp-content\/uploads\/2018\/11\/Zrzut-ekranu-2018-11-02-o-23.48.52-768x433.png 768w, https:\/\/sbt.ug.edu.pl\/wp-content\/uploads\/2018\/11\/Zrzut-ekranu-2018-11-02-o-23.48.52-1024x577.png 1024w\" sizes=\"(max-width: 532px) 100vw, 532px\" \/> \u00a0\u00a0 \u00a0<a href=\"https:\/\/southbaltic-tourist.eu\/wp-content\/uploads\/2020\/01\/r1a3_Lubmin_Surfing_slim.png\" rel=\"noopener noreferrer\" data-rel=\"lightbox-gallery-tQGPnREh\" data-rl_title=\"\" data-rl_caption=\"\" title=\"\"><img decoding=\"async\" loading=\"lazy\" class=\"alignnone wp-image-5106\" src=\"https:\/\/southbaltic-tourist.eu\/wp-content\/uploads\/2020\/01\/r1a3_Lubmin_Surfing_slim-300x174.png\" alt=\"\" width=\"517\" height=\"300\" srcset=\"https:\/\/sbt.ug.edu.pl\/wp-content\/uploads\/2020\/01\/r1a3_Lubmin_Surfing_slim-300x174.png 300w, https:\/\/sbt.ug.edu.pl\/wp-content\/uploads\/2020\/01\/r1a3_Lubmin_Surfing_slim-1024x594.png 1024w, https:\/\/sbt.ug.edu.pl\/wp-content\/uploads\/2020\/01\/r1a3_Lubmin_Surfing_slim-768x445.png 768w, https:\/\/sbt.ug.edu.pl\/wp-content\/uploads\/2020\/01\/r1a3_Lubmin_Surfing_slim-1536x891.png 1536w, https:\/\/sbt.ug.edu.pl\/wp-content\/uploads\/2020\/01\/r1a3_Lubmin_Surfing_slim-150x87.png 150w, https:\/\/sbt.ug.edu.pl\/wp-content\/uploads\/2020\/01\/r1a3_Lubmin_Surfing_slim.png 1600w\" sizes=\"(max-width: 517px) 100vw, 517px\" \/><\/a><\/p>\n<p><a href=\"https:\/\/www.google.com\/maps\/place\/54%C2%B008'00.0%22N+13%C2%B037'00.0%22E\/@54.1393793,13.6049785,13.79z\/data=!4m5!3m4!1s0x0:0x0!8m2!3d54.1333333!4d13.6166667\" target=\"_blank\" rel=\"noopener noreferrer\">View on Google Maps<\/a><\/p>\n<p style=\"text-align: justify;\"><strong>LUBMIN SURFING HOTSPOT <\/strong><\/p>\n<p style=\"text-align: justify;\">Located west of the marina, Lubmin\u2019s surfing hotspot is a perfect place for beginners and benefits from south-westerly and north-easterly winds. The broad beach with its untypical lack of tourist congestion, even in the summer, makes for a peaceful and undisturbed surf. Waters here are shallow and relatively safe, making it quite child-friendly. There are more surfing hotspots around the Greifswald Bay which are easily accessible by car (some of which are located on R\u00fcgen Island).<\/p>\n<p style=\"text-align: justify;\"><strong>ATTRACTIONS <\/strong><\/p>\n<p style=\"text-align: justify;\">The village of Lubmin is surrounded by interesting places, including historical Greifswald and Wolgast, the fishermen\u2019s village Freest and the nearby Pennemunde Historical Museum (which features information about the launching of V1 and V2 missiles during WW2), on the island of Usedom. There are white fleet excursions available in the region.<\/p>\n<p style=\"text-align: justify;\">Lubmin is also the location of a closed nuclear power plant, the largest in the former GDR, which used soviet technologies. The last reactor was closed in 1990.<\/p>\n<p style=\"text-align: justify;\">Compared to R\u00fcgen Island, Lubmin and its surrounding beaches are less crowded in the summertime and so offer surfers more personal space. The town also offers numerous local culinary delights.<\/p>\n<p>&nbsp;<\/p>\n<p>&nbsp;<\/p>\n<h2><strong>Move to Attractions bellow or -&gt;<a href=\"https:\/\/southbaltic-tourist.eu\/routes\/windsurfing-exploration\/3-lubmin-surfhotspot\/\">Move to Attraction No. 4 <\/a><\/strong><\/h2>\n<p><code><div class=\"rl-gallery-container rl-loading\" id=\"rl-gallery-container-1\" data-gallery_id=\"1182\"> <div class=\"rl-gallery rl-basicgrid-gallery \" id=\"rl-gallery-1\" data-gallery_no=\"1\"> <div class=\"rl-gallery-item\"><a href=\"https:\/\/sbt.ug.edu.pl\/wp-content\/uploads\/2019\/07\/1.-Lubmin-Surfzone-by-Marina-R2.A3..jpg\" title=\"1. Lubmin, Surfzone by Marina, author: Przemyslaw Kulawczuk \/ BHR\" data-rl_title=\"1. Lubmin, Surfzone by Marina, author: Przemyslaw Kulawczuk \/ BHR\" class=\"rl-gallery-link\" data-rl_caption=\"\" data-rel=\"lightbox-gallery-1\"><img src=\"https:\/\/sbt.ug.edu.pl\/wp-content\/uploads\/2019\/07\/1.-Lubmin-Surfzone-by-Marina-R2.A3.-768x509.jpg\" width=\"640\" height=\"424\" alt=\"\" \/><\/a><\/div><div class=\"rl-gallery-item\"><a href=\"https:\/\/sbt.ug.edu.pl\/wp-content\/uploads\/2019\/07\/2.-Lubmin-Surfzone-Sign-R2.A3..jpg\" title=\"2. Lubmin Surfzone Sign, author: Przemyslaw Kulawczuk \/ BHR\" data-rl_title=\"2. Lubmin Surfzone Sign, author: Przemyslaw Kulawczuk \/ BHR\" class=\"rl-gallery-link\" data-rl_caption=\"\" data-rel=\"lightbox-gallery-1\"><img src=\"https:\/\/sbt.ug.edu.pl\/wp-content\/uploads\/2019\/07\/2.-Lubmin-Surfzone-Sign-R2.A3.-768x509.jpg\" width=\"640\" height=\"424\" alt=\"\" \/><\/a><\/div><div class=\"rl-gallery-item\"><a href=\"https:\/\/sbt.ug.edu.pl\/wp-content\/uploads\/2019\/07\/3.-Lubmin-Kites-on-the-Beach-R2.A3..jpg\" title=\"3. Lubmin, Kites on the Beach, author: Przemyslaw Kulawczuk \/ BHR\" data-rl_title=\"3. Lubmin, Kites on the Beach, author: Przemyslaw Kulawczuk \/ BHR\" class=\"rl-gallery-link\" data-rl_caption=\"\" data-rel=\"lightbox-gallery-1\"><img src=\"https:\/\/sbt.ug.edu.pl\/wp-content\/uploads\/2019\/07\/3.-Lubmin-Kites-on-the-Beach-R2.A3.-768x509.jpg\" width=\"640\" height=\"424\" alt=\"\" \/><\/a><\/div><div class=\"rl-gallery-item\"><a href=\"https:\/\/sbt.ug.edu.pl\/wp-content\/uploads\/2019\/07\/4-Lubmin-Beach-R2.A3..jpg\" title=\"4. Lubmin Beach, author: Przemyslaw Kulawczuk \/ BHR\" data-rl_title=\"4. Lubmin Beach, author: Przemyslaw Kulawczuk \/ BHR\" class=\"rl-gallery-link\" data-rl_caption=\"\" data-rel=\"lightbox-gallery-1\"><img src=\"https:\/\/sbt.ug.edu.pl\/wp-content\/uploads\/2019\/07\/4-Lubmin-Beach-R2.A3.-768x509.jpg\" width=\"640\" height=\"424\" alt=\"\" \/><\/a><\/div><div class=\"rl-gallery-item\"><a href=\"https:\/\/sbt.ug.edu.pl\/wp-content\/uploads\/2019\/07\/5.-Lubmin-Beach-R2.A3..jpg\" title=\"5. Lubmin Beach, author: Przemyslaw Kulawczuk \/ BHR, University of Gdansk, 01.08.2018, R2.A3.\" data-rl_title=\"5. Lubmin Beach, author: Przemyslaw Kulawczuk \/ BHR, University of Gdansk, 01.08.2018, R2.A3.\" class=\"rl-gallery-link\" data-rl_caption=\"\" data-rel=\"lightbox-gallery-1\"><img src=\"https:\/\/sbt.ug.edu.pl\/wp-content\/uploads\/2019\/07\/5.-Lubmin-Beach-R2.A3.-768x509.jpg\" width=\"640\" height=\"424\" alt=\"\" \/><\/a><\/div><div class=\"rl-gallery-item\"><a href=\"https:\/\/sbt.ug.edu.pl\/wp-content\/uploads\/2019\/07\/6.-Marina-in-Lubmin-R2.A3..jpg\" title=\"6. Marina in Lubmin, author: Przemyslaw Kulawczuk \/ BHR\" data-rl_title=\"6. Marina in Lubmin, author: Przemyslaw Kulawczuk \/ BHR\" class=\"rl-gallery-link\" data-rl_caption=\"\" data-rel=\"lightbox-gallery-1\"><img src=\"https:\/\/sbt.ug.edu.pl\/wp-content\/uploads\/2019\/07\/6.-Marina-in-Lubmin-R2.A3.-768x512.jpg\" width=\"640\" height=\"427\" alt=\"\" \/><\/a><\/div><div class=\"rl-gallery-item\"><a href=\"https:\/\/sbt.ug.edu.pl\/wp-content\/uploads\/2019\/07\/7.-Promenade-in-Lubmin-R2.A3..jpg\" title=\"7. Promenade in Lubmin, author: Przemyslaw Kulawczuk \/ BHR\" data-rl_title=\"7. Promenade in Lubmin, author: Przemyslaw Kulawczuk \/ BHR\" class=\"rl-gallery-link\" data-rl_caption=\"\" data-rel=\"lightbox-gallery-1\"><img src=\"https:\/\/sbt.ug.edu.pl\/wp-content\/uploads\/2019\/07\/7.-Promenade-in-Lubmin-R2.A3.-768x509.jpg\" width=\"640\" height=\"424\" alt=\"\" \/><\/a><\/div><div class=\"rl-gallery-item\"><a href=\"https:\/\/sbt.ug.edu.pl\/wp-content\/uploads\/2019\/07\/8.-Biking-route-Lubmin-R2.A3..jpg\" title=\"8. Biking route Lubmin, author: Przemyslaw Kulawczuk \/ BHR\" data-rl_title=\"8. Biking route Lubmin, author: Przemyslaw Kulawczuk \/ BHR\" class=\"rl-gallery-link\" data-rl_caption=\"\" data-rel=\"lightbox-gallery-1\"><img src=\"https:\/\/sbt.ug.edu.pl\/wp-content\/uploads\/2019\/07\/8.-Biking-route-Lubmin-R2.A3.-768x509.jpg\" width=\"640\" height=\"424\" alt=\"\" \/><\/a><\/div><div class=\"rl-gallery-item\"><a href=\"https:\/\/sbt.ug.edu.pl\/wp-content\/uploads\/2019\/07\/9.-Kitefursing-in-Lubmin-R2.A3..jpg\" title=\"9. Kitefursing in Lubmin, author: Przemyslaw Kulawczuk \/ BHR, University of Gdansk, 01.08.2018,, R2.A3.\" data-rl_title=\"9. Kitefursing in Lubmin, author: Przemyslaw Kulawczuk \/ BHR, University of Gdansk, 01.08.2018,, R2.A3.\" class=\"rl-gallery-link\" data-rl_caption=\"\" data-rel=\"lightbox-gallery-1\"><img src=\"https:\/\/sbt.ug.edu.pl\/wp-content\/uploads\/2019\/07\/9.-Kitefursing-in-Lubmin-R2.A3.-768x509.jpg\" width=\"640\" height=\"424\" alt=\"\" \/><\/a><\/div><div class=\"rl-gallery-item\"><a href=\"https:\/\/sbt.ug.edu.pl\/wp-content\/uploads\/2019\/07\/10.-Kitesurfing-by-the-Lubmin-port-R2A3.jpg\" title=\"10. Kitesurfing by the Lubmin port, author: Przemyslaw Kulawczuk \/ BHR\" data-rl_title=\"10. Kitesurfing by the Lubmin port, author: Przemyslaw Kulawczuk \/ BHR\" class=\"rl-gallery-link\" data-rl_caption=\"\" data-rel=\"lightbox-gallery-1\"><img src=\"https:\/\/sbt.ug.edu.pl\/wp-content\/uploads\/2019\/07\/10.-Kitesurfing-by-the-Lubmin-port-R2A3-768x509.jpg\" width=\"640\" height=\"424\" alt=\"\" \/><\/a><\/div><div class=\"rl-gallery-item\"><a href=\"https:\/\/sbt.ug.edu.pl\/wp-content\/uploads\/2019\/07\/11.-Kitesurfing-by-the-ship-Lubmin-R2.A3..jpg\" title=\"11. Kitesurfing by the ship, Lubmin, author: Przemyslaw Kulawczuk \/ BHR\" data-rl_title=\"11. Kitesurfing by the ship, Lubmin, author: Przemyslaw Kulawczuk \/ BHR\" class=\"rl-gallery-link\" data-rl_caption=\"\" data-rel=\"lightbox-gallery-1\"><img src=\"https:\/\/sbt.ug.edu.pl\/wp-content\/uploads\/2019\/07\/11.-Kitesurfing-by-the-ship-Lubmin-R2.A3.-768x509.jpg\" width=\"640\" height=\"424\" alt=\"\" \/><\/a><\/div><div class=\"rl-gallery-item\"><a href=\"https:\/\/sbt.ug.edu.pl\/wp-content\/uploads\/2019\/07\/12.-Lubmin-restort-R2.A3..jpg\" title=\"12. Lubmin restort, author: Przemyslaw Kulawczuk \/ BHR\" data-rl_title=\"12. Lubmin restort, author: Przemyslaw Kulawczuk \/ BHR\" class=\"rl-gallery-link\" data-rl_caption=\"\" data-rel=\"lightbox-gallery-1\"><img src=\"https:\/\/sbt.ug.edu.pl\/wp-content\/uploads\/2019\/07\/12.-Lubmin-restort-R2.A3.-768x512.jpg\" width=\"640\" height=\"427\" alt=\"\" \/><\/a><\/div> <\/div> <\/div><\/code><\/p>\n<p>&nbsp;<\/p>","protected":false},"excerpt":{"rendered":"<p>Tyv\u00e4rr \u00e4r denna artikel enbart tillg\u00e4nglig p\u00e5 Amerikansk Engelska, Tyska och Polska. For the sake of viewer convenience, the content is shown below in this site default language. You may click one of the links to switch the site language to another available language. LOCATION Lubmin is a small resort with a broad sandy beach, [&hellip;]<\/p>\n","protected":false},"author":1,"featured_media":0,"parent":174,"menu_order":0,"comment_status":"closed","ping_status":"closed","template":"","meta":[],"categories":[34,12,9],"tags":[],"_links":{"self":[{"href":"https:\/\/sbt.ug.edu.pl\/sv\/wp-json\/wp\/v2\/pages\/192"}],"collection":[{"href":"https:\/\/sbt.ug.edu.pl\/sv\/wp-json\/wp\/v2\/pages"}],"about":[{"href":"https:\/\/sbt.ug.edu.pl\/sv\/wp-json\/wp\/v2\/types\/page"}],"author":[{"embeddable":true,"href":"https:\/\/sbt.ug.edu.pl\/sv\/wp-json\/wp\/v2\/users\/1"}],"replies":[{"embeddable":true,"href":"https:\/\/sbt.ug.edu.pl\/sv\/wp-json\/wp\/v2\/comments?post=192"}],"version-history":[{"count":25,"href":"https:\/\/sbt.ug.edu.pl\/sv\/wp-json\/wp\/v2\/pages\/192\/revisions"}],"predecessor-version":[{"id":5802,"href":"https:\/\/sbt.ug.edu.pl\/sv\/wp-json\/wp\/v2\/pages\/192\/revisions\/5802"}],"up":[{"embeddable":true,"href":"https:\/\/sbt.ug.edu.pl\/sv\/wp-json\/wp\/v2\/pages\/174"}],"wp:attachment":[{"href":"https:\/\/sbt.ug.edu.pl\/sv\/wp-json\/wp\/v2\/media?parent=192"}],"wp:term":[{"taxonomy":"category","embeddable":true,"href":"https:\/\/sbt.ug.edu.pl\/sv\/wp-json\/wp\/v2\/categories?post=192"},{"taxonomy":"post_tag","embeddable":true,"href":"https:\/\/sbt.ug.edu.pl\/sv\/wp-json\/wp\/v2\/tags?post=192"}],"curies":[{"name":"wp","href":"https:\/\/api.w.org\/{rel}","templated":true}]}}