{"id":288,"date":"2018-11-19T19:30:08","date_gmt":"2018-11-19T18:30:08","guid":{"rendered":"http:\/\/southbaltic-tourist.eu\/?page_id=288"},"modified":"2021-06-10T15:43:57","modified_gmt":"2021-06-10T14:43:57","slug":"4-westpomer-lagoon-np","status":"publish","type":"page","link":"https:\/\/sbt.ug.edu.pl\/sv\/routes\/windsurfing-exploration\/4-westpomer-lagoon-np\/","title":{"rendered":"(English) 4. WESTERN POMERANIA LAGOON AREA NATIONAL PARK &#8211; \u201cGERMANY\u2019S HIDDEN SECRET\u201d"},"content":{"rendered":"<p class=\"qtranxs-available-languages-message qtranxs-available-languages-message-sv\">Tyv\u00e4rr \u00e4r denna artikel enbart tillg\u00e4nglig p\u00e5 <a href=\"https:\/\/sbt.ug.edu.pl\/en\/wp-json\/wp\/v2\/pages\/288\" class=\"qtranxs-available-language-link qtranxs-available-language-link-en\" title=\"English\">Amerikansk Engelska<\/a>, <a href=\"https:\/\/sbt.ug.edu.pl\/de\/wp-json\/wp\/v2\/pages\/288\" class=\"qtranxs-available-language-link qtranxs-available-language-link-de\" title=\"Deutsch\">Tyska<\/a> och <a href=\"https:\/\/sbt.ug.edu.pl\/pl\/wp-json\/wp\/v2\/pages\/288\" class=\"qtranxs-available-language-link qtranxs-available-language-link-pl\" title=\"Polski\">Polska<\/a>. For the sake of viewer convenience, the content is shown below in this site default language. You may click one of the links to switch the site language to another available language.<\/p><p><\/p>\n<p style=\"text-align: justify;\"><strong>LOCATION<\/strong><\/p>\n<p style=\"text-align: justify;\">Western Pomerania Lagoon Area National Park is located west of R\u00fcgen Island, alongside the coastal area of the Federal Land Meklenburg \u2013 Vorpommern. The park consists mostly of coastal areas; the two little islands of Hiddensee and Umsatz, the west coast of R\u00fcgen Island, the Darss and Zingst peninsulas and numerous sandy and shallow lagoons. The park is accessible from the land (on foot or by bike) and the sea (by boat or kayak). The park area is 805 km<sup>2<\/sup>. The park headquarters are located in Born. Geographical location:\u00a0 54\u00b028N\u00a012\u00b054\u2032E.<\/p>\n<p><img decoding=\"async\" loading=\"lazy\" class=\"wp-image-289 alignleft\" src=\"https:\/\/southbaltic-tourist.eu\/wp-content\/uploads\/2018\/11\/4.1.png\" alt=\"\" width=\"374\" height=\"247\" srcset=\"https:\/\/sbt.ug.edu.pl\/wp-content\/uploads\/2018\/11\/4.1.png 618w, https:\/\/sbt.ug.edu.pl\/wp-content\/uploads\/2018\/11\/4.1-300x198.png 300w\" sizes=\"(max-width: 374px) 100vw, 374px\" \/><\/p>\n<p><img decoding=\"async\" loading=\"lazy\" class=\"wp-image-290 alignleft\" src=\"https:\/\/southbaltic-tourist.eu\/wp-content\/uploads\/2018\/11\/4.2.png\" alt=\"\" width=\"434\" height=\"239\" srcset=\"https:\/\/sbt.ug.edu.pl\/wp-content\/uploads\/2018\/11\/4.2.png 724w, https:\/\/sbt.ug.edu.pl\/wp-content\/uploads\/2018\/11\/4.2-300x166.png 300w\" sizes=\"(max-width: 434px) 100vw, 434px\" \/><\/p>\n<p>&nbsp;<\/p>\n<p>&nbsp;<\/p>\n<p>&nbsp;<\/p>\n<p>&nbsp;<\/p>\n<p>&nbsp;<\/p>\n<p>&nbsp;<\/p>\n<p>&nbsp;<\/p>\n<p style=\"text-align: justify;\"><strong>NATURE SIGHTSEEING\u00a0 <\/strong><\/p>\n<p style=\"text-align: justify;\">In 2018 the National Park website was still only in German and it looks like the number of internet sources in English (and other languages) is quite limited.\u00a0 Germany has good reason to keep this national park a secret &#8211; endless beaches, sandy lagoons, park islands with herds of cattle, forests, grassy dunes and white cliffs with hundreds of kilometres of bike trails and many opportunities to kayak and sail. The place is home to more than 30,000 white storks wintering in the lagoons every year. The most effective way to go sightseeing here is by bike, with numerous panoramic views at comfortable vista points. The park allows some fishing, agriculture (e.g. livestock keeping) and forestry. They maintain that keeping the cattle on the lagoon island helps to preserve its rare plants (high salt peat)! So cows are, essentially, the guardians of rare plants. Unbelievable! Come and see it for yourself!<\/p>\n<p style=\"text-align: justify;\"><strong>ATTRACTIONS <\/strong><\/p>\n<p style=\"text-align: justify;\">The Park organizes numerous activities for groups, families and individual tourists. To check what is available go to the website (in German only) and select the activity section from the menu. &#8211; you can use popular internet translators to find out more details. Examples of guided park tours include such as: \u201cWalk in the woods for families with children from 5 years\u201d , \u201cHigh sky, wide country &#8211; between surf and salt meadows, bike tour to the Pramort\u201d,\u00a0 \u201cBetween the shores, hike with cliff-stories, birdsongs listening and panoramic views&#8221;,\u00a0 \u201cLocal guide, amusing walk through Wieck with village history and traditions\u201d- here are just a couple of examples of the activities on offer.<\/p>\n<h2 style=\"text-align: justify;\"><\/h2>\n<h2><strong>Move to Attractions bellow or -&gt;<a href=\"https:\/\/southbaltic-tourist.eu\/routes\/windsurfing-exploration\/5-warnemunde-surfhotspot\/\">Move to Attraction No. 5 <\/a><\/strong><\/h2>\n<p><code><div class=\"rl-gallery-container rl-loading\" id=\"rl-gallery-container-1\" data-gallery_id=\"1183\"> <div class=\"rl-gallery rl-basicgrid-gallery \" id=\"rl-gallery-1\" data-gallery_no=\"1\"> <div class=\"rl-gallery-item\"><a href=\"https:\/\/sbt.ug.edu.pl\/wp-content\/uploads\/2019\/07\/1.-National-Park-lighthouse-panorama-R2.A4..jpg\" title=\"1. National Park lighthouse panorama, author: Przemyslaw Kulawczuk \/ BHR\" data-rl_title=\"1. National Park lighthouse panorama, author: Przemyslaw Kulawczuk \/ BHR\" class=\"rl-gallery-link\" data-rl_caption=\"\" data-rel=\"lightbox-gallery-1\"><img src=\"https:\/\/sbt.ug.edu.pl\/wp-content\/uploads\/2019\/07\/1.-National-Park-lighthouse-panorama-R2.A4.-768x512.jpg\" width=\"640\" height=\"427\" alt=\"\" \/><\/a><\/div><div class=\"rl-gallery-item\"><a href=\"https:\/\/sbt.ug.edu.pl\/wp-content\/uploads\/2019\/07\/2.-National-park-general-outlook-R2.A4..jpg\" title=\"2. National park general outlook, author: Przemyslaw Kulawczuk \/ BHR\" data-rl_title=\"2. National park general outlook, author: Przemyslaw Kulawczuk \/ BHR\" class=\"rl-gallery-link\" data-rl_caption=\"\" data-rel=\"lightbox-gallery-1\"><img src=\"https:\/\/sbt.ug.edu.pl\/wp-content\/uploads\/2019\/07\/2.-National-park-general-outlook-R2.A4.-768x512.jpg\" width=\"640\" height=\"427\" alt=\"\" \/><\/a><\/div><div class=\"rl-gallery-item\"><a href=\"https:\/\/sbt.ug.edu.pl\/wp-content\/uploads\/2019\/07\/3.-Park-museum-and-lighthouse-R2.A4..jpg\" title=\"3. Park museum and lighthouse, author: Przemyslaw Kulawczuk \/ BHR\" data-rl_title=\"3. Park museum and lighthouse, author: Przemyslaw Kulawczuk \/ BHR\" class=\"rl-gallery-link\" data-rl_caption=\"\" data-rel=\"lightbox-gallery-1\"><img src=\"https:\/\/sbt.ug.edu.pl\/wp-content\/uploads\/2019\/07\/3.-Park-museum-and-lighthouse-R2.A4.-768x512.jpg\" width=\"640\" height=\"427\" alt=\"\" \/><\/a><\/div><div class=\"rl-gallery-item\"><a href=\"https:\/\/sbt.ug.edu.pl\/wp-content\/uploads\/2019\/07\/4.-National-Park-meteo-station-R2A4..jpg\" title=\"4. National Park meteo station, author: Przemyslaw Kulawczuk \/ BHR\" data-rl_title=\"4. National Park meteo station, author: Przemyslaw Kulawczuk \/ BHR\" class=\"rl-gallery-link\" data-rl_caption=\"\" data-rel=\"lightbox-gallery-1\"><img src=\"https:\/\/sbt.ug.edu.pl\/wp-content\/uploads\/2019\/07\/4.-National-Park-meteo-station-R2A4.-768x512.jpg\" width=\"640\" height=\"427\" alt=\"\" \/><\/a><\/div><div class=\"rl-gallery-item\"><a href=\"https:\/\/sbt.ug.edu.pl\/wp-content\/uploads\/2019\/07\/5.-National-Park-view-on-the-beach-R2.A4..jpg\" title=\"5. National Park view on the beach, author: Przemyslaw Kulawczuk \/ BHR\" data-rl_title=\"5. National Park view on the beach, author: Przemyslaw Kulawczuk \/ BHR\" class=\"rl-gallery-link\" data-rl_caption=\"\" data-rel=\"lightbox-gallery-1\"><img src=\"https:\/\/sbt.ug.edu.pl\/wp-content\/uploads\/2019\/07\/5.-National-Park-view-on-the-beach-R2.A4.-768x512.jpg\" width=\"640\" height=\"427\" alt=\"\" \/><\/a><\/div><div class=\"rl-gallery-item\"><a href=\"https:\/\/sbt.ug.edu.pl\/wp-content\/uploads\/2019\/07\/6.-Bikes-parking-R2.A4..jpg\" title=\"6. Bikes parking, author: Przemyslaw Kulawczuk \/ BHR\" data-rl_title=\"6. Bikes parking, author: Przemyslaw Kulawczuk \/ BHR\" class=\"rl-gallery-link\" data-rl_caption=\"\" data-rel=\"lightbox-gallery-1\"><img src=\"https:\/\/sbt.ug.edu.pl\/wp-content\/uploads\/2019\/07\/6.-Bikes-parking-R2.A4.-768x512.jpg\" width=\"640\" height=\"427\" alt=\"\" \/><\/a><\/div><div class=\"rl-gallery-item\"><a href=\"https:\/\/sbt.ug.edu.pl\/wp-content\/uploads\/2019\/07\/7.-National-park-wild-plants-R2.A4..jpg\" title=\"7. National park wild plants, author: Przemyslaw Kulawczuk \/ BHR\" data-rl_title=\"7. National park wild plants, author: Przemyslaw Kulawczuk \/ BHR\" class=\"rl-gallery-link\" data-rl_caption=\"\" data-rel=\"lightbox-gallery-1\"><img src=\"https:\/\/sbt.ug.edu.pl\/wp-content\/uploads\/2019\/07\/7.-National-park-wild-plants-R2.A4.-768x512.jpg\" width=\"640\" height=\"427\" alt=\"\" \/><\/a><\/div><div class=\"rl-gallery-item\"><a href=\"https:\/\/sbt.ug.edu.pl\/wp-content\/uploads\/2019\/07\/8.-National-Park-wild-plants-R2.A4..jpg\" title=\"8. National Park wild plants, author: Przemyslaw Kulawczuk \/ BHR\" data-rl_title=\"8. National Park wild plants, author: Przemyslaw Kulawczuk \/ BHR\" class=\"rl-gallery-link\" data-rl_caption=\"\" data-rel=\"lightbox-gallery-1\"><img src=\"https:\/\/sbt.ug.edu.pl\/wp-content\/uploads\/2019\/07\/8.-National-Park-wild-plants-R2.A4.-768x512.jpg\" width=\"640\" height=\"427\" alt=\"\" \/><\/a><\/div><div class=\"rl-gallery-item\"><a href=\"https:\/\/sbt.ug.edu.pl\/wp-content\/uploads\/2019\/07\/9.-Dunes-alongside-the-coast-R2.A4..jpg\" title=\"9. Dunes alongside the coast, author: Przemyslaw Kulawczuk \/ BHR\" data-rl_title=\"9. Dunes alongside the coast, author: Przemyslaw Kulawczuk \/ BHR\" class=\"rl-gallery-link\" data-rl_caption=\"\" data-rel=\"lightbox-gallery-1\"><img src=\"https:\/\/sbt.ug.edu.pl\/wp-content\/uploads\/2019\/07\/9.-Dunes-alongside-the-coast-R2.A4.-768x512.jpg\" width=\"640\" height=\"427\" alt=\"\" \/><\/a><\/div><div class=\"rl-gallery-item\"><a href=\"https:\/\/sbt.ug.edu.pl\/wp-content\/uploads\/2019\/07\/10.-Biking-in-Born-R2.A4..jpg\" title=\"10. Biking in Born, author: Przemyslaw Kulawczuk \/ BHR\" data-rl_title=\"10. Biking in Born, author: Przemyslaw Kulawczuk \/ BHR\" class=\"rl-gallery-link\" data-rl_caption=\"\" data-rel=\"lightbox-gallery-1\"><img src=\"https:\/\/sbt.ug.edu.pl\/wp-content\/uploads\/2019\/07\/10.-Biking-in-Born-R2.A4.-768x512.jpg\" width=\"640\" height=\"427\" alt=\"\" \/><\/a><\/div><div class=\"rl-gallery-item\"><a href=\"https:\/\/sbt.ug.edu.pl\/wp-content\/uploads\/2019\/07\/11.-Biking-in-Born-R2.A4..jpg\" title=\"11. Biking in Born, author: Przemyslaw Kulawczuk \/ BHR\" data-rl_title=\"11. Biking in Born, author: Przemyslaw Kulawczuk \/ BHR\" class=\"rl-gallery-link\" data-rl_caption=\"\" data-rel=\"lightbox-gallery-1\"><img src=\"https:\/\/sbt.ug.edu.pl\/wp-content\/uploads\/2019\/07\/11.-Biking-in-Born-R2.A4.-768x512.jpg\" width=\"640\" height=\"427\" alt=\"\" \/><\/a><\/div><div class=\"rl-gallery-item\"><a href=\"https:\/\/sbt.ug.edu.pl\/wp-content\/uploads\/2019\/07\/12.-Born-Village-R2.A4..jpg\" title=\"12. Born Village, author: Przemyslaw Kulawczuk \/ BHR\" data-rl_title=\"12. Born Village, author: Przemyslaw Kulawczuk \/ BHR\" class=\"rl-gallery-link\" data-rl_caption=\"\" data-rel=\"lightbox-gallery-1\"><img src=\"https:\/\/sbt.ug.edu.pl\/wp-content\/uploads\/2019\/07\/12.-Born-Village-R2.A4.-768x512.jpg\" width=\"640\" height=\"427\" alt=\"\" \/><\/a><\/div><div class=\"rl-gallery-item\"><a href=\"https:\/\/sbt.ug.edu.pl\/wp-content\/uploads\/2019\/07\/13.-Born-Village-Traditional-House-R2.A4..jpg\" title=\"13. Born Village Traditional House, author: Przemyslaw Kulawczuk \/ BHR\" data-rl_title=\"13. Born Village Traditional House, author: Przemyslaw Kulawczuk \/ BHR\" class=\"rl-gallery-link\" data-rl_caption=\"\" data-rel=\"lightbox-gallery-1\"><img src=\"https:\/\/sbt.ug.edu.pl\/wp-content\/uploads\/2019\/07\/13.-Born-Village-Traditional-House-R2.A4.-768x512.jpg\" width=\"640\" height=\"427\" alt=\"\" \/><\/a><\/div><div class=\"rl-gallery-item\"><a href=\"https:\/\/sbt.ug.edu.pl\/wp-content\/uploads\/2019\/07\/14.-Biking-in-Born-R2.A4..jpg\" title=\"14. Biking in Born, author: Przemyslaw Kulawczuk \/ BHR\" data-rl_title=\"14. Biking in Born, author: Przemyslaw Kulawczuk \/ BHR\" class=\"rl-gallery-link\" data-rl_caption=\"\" data-rel=\"lightbox-gallery-1\"><img src=\"https:\/\/sbt.ug.edu.pl\/wp-content\/uploads\/2019\/07\/14.-Biking-in-Born-R2.A4.-768x512.jpg\" width=\"640\" height=\"427\" alt=\"\" \/><\/a><\/div><div class=\"rl-gallery-item\"><a href=\"https:\/\/sbt.ug.edu.pl\/wp-content\/uploads\/2019\/07\/15.-House-in-Born-R2.A4..jpg\" title=\"15. House in Born, author: Przemyslaw Kulawczuk \/ BHR\" data-rl_title=\"15. House in Born, author: Przemyslaw Kulawczuk \/ BHR\" class=\"rl-gallery-link\" data-rl_caption=\"\" data-rel=\"lightbox-gallery-1\"><img src=\"https:\/\/sbt.ug.edu.pl\/wp-content\/uploads\/2019\/07\/15.-House-in-Born-R2.A4.-768x512.jpg\" width=\"640\" height=\"427\" alt=\"\" \/><\/a><\/div><div class=\"rl-gallery-item\"><a href=\"https:\/\/sbt.ug.edu.pl\/wp-content\/uploads\/2019\/07\/16.-House-in-Born-R2.A4..jpg\" title=\"16. House in Born, author: Przemyslaw Kulawczuk \/ BHR\" data-rl_title=\"16. House in Born, author: Przemyslaw Kulawczuk \/ BHR\" class=\"rl-gallery-link\" data-rl_caption=\"\" data-rel=\"lightbox-gallery-1\"><img src=\"https:\/\/sbt.ug.edu.pl\/wp-content\/uploads\/2019\/07\/16.-House-in-Born-R2.A4.-768x512.jpg\" width=\"640\" height=\"427\" alt=\"\" \/><\/a><\/div><div class=\"rl-gallery-item\"><a href=\"https:\/\/sbt.ug.edu.pl\/wp-content\/uploads\/2019\/07\/17.-House-in-Born-R2.A4..jpg\" title=\"17. House in Born, author: Przemyslaw Kulawczuk \/ BHR\" data-rl_title=\"17. House in Born, author: Przemyslaw Kulawczuk \/ BHR\" class=\"rl-gallery-link\" data-rl_caption=\"\" data-rel=\"lightbox-gallery-1\"><img src=\"https:\/\/sbt.ug.edu.pl\/wp-content\/uploads\/2019\/07\/17.-House-in-Born-R2.A4.-768x512.jpg\" width=\"640\" height=\"427\" alt=\"\" \/><\/a><\/div><div class=\"rl-gallery-item\"><a href=\"https:\/\/sbt.ug.edu.pl\/wp-content\/uploads\/2019\/07\/18.-Home-garden-in-Born-R2.A4..jpg\" title=\"18. Home garden in Born, author: Przemyslaw Kulawczuk \/ BHR\" data-rl_title=\"18. Home garden in Born, author: Przemyslaw Kulawczuk \/ BHR\" class=\"rl-gallery-link\" data-rl_caption=\"\" data-rel=\"lightbox-gallery-1\"><img src=\"https:\/\/sbt.ug.edu.pl\/wp-content\/uploads\/2019\/07\/18.-Home-garden-in-Born-R2.A4.-768x512.jpg\" width=\"640\" height=\"427\" alt=\"\" \/><\/a><\/div><div class=\"rl-gallery-item\"><a href=\"https:\/\/sbt.ug.edu.pl\/wp-content\/uploads\/2019\/07\/19.-Born-Village-Traditional-House-R2.A4..jpg\" title=\"19. Born Village Traditional House, author: Przemyslaw Kulawczuk \/ BHR\" data-rl_title=\"19. Born Village Traditional House, author: Przemyslaw Kulawczuk \/ BHR\" class=\"rl-gallery-link\" data-rl_caption=\"\" data-rel=\"lightbox-gallery-1\"><img src=\"https:\/\/sbt.ug.edu.pl\/wp-content\/uploads\/2019\/07\/19.-Born-Village-Traditional-House-R2.A4.-768x512.jpg\" width=\"640\" height=\"427\" alt=\"\" \/><\/a><\/div><div class=\"rl-gallery-item\"><a href=\"https:\/\/sbt.ug.edu.pl\/wp-content\/uploads\/2019\/07\/20.-House-in-Born-R2.A4..jpg\" title=\"20. House in Born, author: Przemyslaw Kulawczuk \/ BHR\" data-rl_title=\"20. House in Born, author: Przemyslaw Kulawczuk \/ BHR\" class=\"rl-gallery-link\" data-rl_caption=\"\" data-rel=\"lightbox-gallery-1\"><img src=\"https:\/\/sbt.ug.edu.pl\/wp-content\/uploads\/2019\/07\/20.-House-in-Born-R2.A4.-768x512.jpg\" width=\"640\" height=\"427\" alt=\"\" \/><\/a><\/div> <\/div> <\/div><\/code><\/p>\n<h1><strong> <code><\/code><\/strong><\/h1>\n<p>&nbsp;<\/p>","protected":false},"excerpt":{"rendered":"<p>Tyv\u00e4rr \u00e4r denna artikel enbart tillg\u00e4nglig p\u00e5 Amerikansk Engelska, Tyska och Polska. For the sake of viewer convenience, the content is shown below in this site default language. You may click one of the links to switch the site language to another available language. LOCATION Western Pomerania Lagoon Area National Park is located west of [&hellip;]<\/p>\n","protected":false},"author":1,"featured_media":0,"parent":174,"menu_order":0,"comment_status":"closed","ping_status":"closed","template":"","meta":[],"categories":[34,15,9],"tags":[],"_links":{"self":[{"href":"https:\/\/sbt.ug.edu.pl\/sv\/wp-json\/wp\/v2\/pages\/288"}],"collection":[{"href":"https:\/\/sbt.ug.edu.pl\/sv\/wp-json\/wp\/v2\/pages"}],"about":[{"href":"https:\/\/sbt.ug.edu.pl\/sv\/wp-json\/wp\/v2\/types\/page"}],"author":[{"embeddable":true,"href":"https:\/\/sbt.ug.edu.pl\/sv\/wp-json\/wp\/v2\/users\/1"}],"replies":[{"embeddable":true,"href":"https:\/\/sbt.ug.edu.pl\/sv\/wp-json\/wp\/v2\/comments?post=288"}],"version-history":[{"count":18,"href":"https:\/\/sbt.ug.edu.pl\/sv\/wp-json\/wp\/v2\/pages\/288\/revisions"}],"predecessor-version":[{"id":5805,"href":"https:\/\/sbt.ug.edu.pl\/sv\/wp-json\/wp\/v2\/pages\/288\/revisions\/5805"}],"up":[{"embeddable":true,"href":"https:\/\/sbt.ug.edu.pl\/sv\/wp-json\/wp\/v2\/pages\/174"}],"wp:attachment":[{"href":"https:\/\/sbt.ug.edu.pl\/sv\/wp-json\/wp\/v2\/media?parent=288"}],"wp:term":[{"taxonomy":"category","embeddable":true,"href":"https:\/\/sbt.ug.edu.pl\/sv\/wp-json\/wp\/v2\/categories?post=288"},{"taxonomy":"post_tag","embeddable":true,"href":"https:\/\/sbt.ug.edu.pl\/sv\/wp-json\/wp\/v2\/tags?post=288"}],"curies":[{"name":"wp","href":"https:\/\/api.w.org\/{rel}","templated":true}]}}