{"id":297,"date":"2018-11-19T19:41:28","date_gmt":"2018-11-19T18:41:28","guid":{"rendered":"http:\/\/southbaltic-tourist.eu\/?page_id=297"},"modified":"2021-06-10T15:45:33","modified_gmt":"2021-06-10T14:45:33","slug":"5-warnemunde-surfhotspot","status":"publish","type":"page","link":"https:\/\/sbt.ug.edu.pl\/sv\/routes\/windsurfing-exploration\/5-warnemunde-surfhotspot\/","title":{"rendered":"(English) 5. Warnem\u00fcnde Surfing Hotspot"},"content":{"rendered":"<p class=\"qtranxs-available-languages-message qtranxs-available-languages-message-sv\">Tyv\u00e4rr \u00e4r denna artikel enbart tillg\u00e4nglig p\u00e5 <a href=\"https:\/\/sbt.ug.edu.pl\/en\/wp-json\/wp\/v2\/pages\/297\" class=\"qtranxs-available-language-link qtranxs-available-language-link-en\" title=\"English\">Amerikansk Engelska<\/a>, <a href=\"https:\/\/sbt.ug.edu.pl\/de\/wp-json\/wp\/v2\/pages\/297\" class=\"qtranxs-available-language-link qtranxs-available-language-link-de\" title=\"Deutsch\">Tyska<\/a> och <a href=\"https:\/\/sbt.ug.edu.pl\/pl\/wp-json\/wp\/v2\/pages\/297\" class=\"qtranxs-available-language-link qtranxs-available-language-link-pl\" title=\"Polski\">Polska<\/a>. For the sake of viewer convenience, the content is shown below in this site default language. You may click one of the links to switch the site language to another available language.<\/p><p><\/p>\n<p style=\"text-align: justify;\"><strong>LOCATION<\/strong><\/p>\n<p style=\"text-align: justify;\">Warnem\u00fcnde surfing hotspot is located in the northern part of Rostock city. Warnem\u00fcnde town is a typical local harbour with fishing traditions, located at the mouth of the river Warnow. The hotspot itself is found on the western beach of Warnem\u00fcnde. The location is well-connected with the City of Rostock by railway and road. Warnem\u00fcnde\u2019s historical district has car access restrictions and therefore private cars should only be parked in the central car park located near the railway station. Access to the beach is relatively easy depending on the spot from which you decide to enter. This surfing hotspot is located in Meklenburg-Worpommern in Germeny, 54\u00b010\u2032N\u00a012\u00b005\u2032E (directions for Warnem\u00fcnde).<\/p>\n<p><img decoding=\"async\" loading=\"lazy\" class=\"alignleft wp-image-298\" src=\"https:\/\/southbaltic-tourist.eu\/wp-content\/uploads\/2018\/11\/5.1.png\" alt=\"\" width=\"549\" height=\"300\" srcset=\"https:\/\/sbt.ug.edu.pl\/wp-content\/uploads\/2018\/11\/5.1.png 703w, https:\/\/sbt.ug.edu.pl\/wp-content\/uploads\/2018\/11\/5.1-300x164.png 300w\" sizes=\"(max-width: 549px) 100vw, 549px\" \/><\/p>\n<p><a href=\"https:\/\/southbaltic-tourist.eu\/wp-content\/uploads\/2020\/01\/r1a5_Warnemunde_Surfing_slim.png\" data-rel=\"lightbox-gallery-JXdLegdP\" data-rl_title=\"\" data-rl_caption=\"\" title=\"\"><img decoding=\"async\" loading=\"lazy\" class=\"alignnone wp-image-5112\" src=\"https:\/\/southbaltic-tourist.eu\/wp-content\/uploads\/2020\/01\/r1a5_Warnemunde_Surfing_slim-300x174.png\" alt=\"\" width=\"517\" height=\"300\" srcset=\"https:\/\/sbt.ug.edu.pl\/wp-content\/uploads\/2020\/01\/r1a5_Warnemunde_Surfing_slim-300x174.png 300w, https:\/\/sbt.ug.edu.pl\/wp-content\/uploads\/2020\/01\/r1a5_Warnemunde_Surfing_slim-1024x594.png 1024w, https:\/\/sbt.ug.edu.pl\/wp-content\/uploads\/2020\/01\/r1a5_Warnemunde_Surfing_slim-768x445.png 768w, https:\/\/sbt.ug.edu.pl\/wp-content\/uploads\/2020\/01\/r1a5_Warnemunde_Surfing_slim-1536x891.png 1536w, https:\/\/sbt.ug.edu.pl\/wp-content\/uploads\/2020\/01\/r1a5_Warnemunde_Surfing_slim-150x87.png 150w, https:\/\/sbt.ug.edu.pl\/wp-content\/uploads\/2020\/01\/r1a5_Warnemunde_Surfing_slim.png 1600w\" sizes=\"(max-width: 517px) 100vw, 517px\" \/><\/a><\/p>\n<p><a href=\"https:\/\/www.google.pl\/maps\/place\/Warnem%C3%BCnde,+Rostock,+Niemcy\/@54.1701254,12.057784,14z\/data=!3m1!4b1!4m5!3m4!1s0x47ac5620523f71ab:0x9e121083fbc6b25c!8m2!3d54.170342!4d12.0784438\" target=\"_blank\" rel=\"noopener noreferrer\">View on Google<\/a><\/p>\n<p style=\"text-align: justify;\"><strong>WARNEM\u00dcNDE <\/strong><strong>SURFING HOTSPOT<\/strong><\/p>\n<p style=\"text-align: justify;\">The surfing hotspot is located east of the mouth of the river Warnow and north of a broad white beach. Nearby, there is a ferry terminal and every two hours a bow wave is created by one such ferry and makes for a great performance area that lasts about half an hour and gives a unique surfing experience on the typically flat Baltic Sea. Waves range between 0.5 and 1.5 metres in height. The beach is often used by surfing schools which provide instruction and courses for youngsters and adults alike. In summertime surfing can be more difficult due to a congestion of tourists as the real surfing area is located behind the bathing zone. Surfers\u2019 performances are guaranteed to draw an audience on most days as the beach is very popular with the young crowd. In the neighbourhood there are plenty of restaurants and places to stay.<\/p>\n<p style=\"text-align: justify;\"><strong>ATTRACTIONS <\/strong><\/p>\n<p style=\"text-align: justify;\">A fishermen\u2019s village is situated on the bank of the Warnow River and still maintains its charming old character. Alter Strom street, lined with lovely fishermen\u2019s houses, offers pleasant walks alongside the river. Many of these houses are now used as art shops and galleries. At night the street takes on a new romantic quality with the bright lights from the old-fashioned lanterns shimmering off the river surface \u2013 perfect for an easy-going evening stroll. There is also a good selection of places to enjoy nightlife. The whole area has quaint architecture and lots of bars, cafes, restaurants, shops, and an information centre. Despite an increase in fleets dedicated to the tourist industry, you can still find many fishing ships docked in the quay.<\/p>\n<p>&nbsp;<\/p>\n<p>&nbsp;<\/p>\n<h2><strong>Move to Attractions bellow or -&gt;<a href=\"https:\/\/southbaltic-tourist.eu\/routes\/windsurfing-exploration\/6-rodvik-surfhorspot\/\">Move to Attraction No. 6<\/a><\/strong><\/h2>\n<p><code><div class=\"rl-gallery-container rl-loading\" id=\"rl-gallery-container-1\" data-gallery_id=\"1184\"> <div class=\"rl-gallery rl-basicgrid-gallery \" id=\"rl-gallery-1\" data-gallery_no=\"1\"> <div class=\"rl-gallery-item\"><a href=\"https:\/\/sbt.ug.edu.pl\/wp-content\/uploads\/2019\/07\/1.Rostock-Warnemunde-watersports-area-R2.A5..jpg\" title=\"1.Rostock-Warnemunde watersports area, author: Przemyslaw Kulawczuk \/ BHR\" data-rl_title=\"1.Rostock-Warnemunde watersports area, author: Przemyslaw Kulawczuk \/ BHR\" class=\"rl-gallery-link\" data-rl_caption=\"\" data-rel=\"lightbox-gallery-1\"><img src=\"https:\/\/sbt.ug.edu.pl\/wp-content\/uploads\/2019\/07\/1.Rostock-Warnemunde-watersports-area-R2.A5.-768x509.jpg\" width=\"640\" height=\"424\" alt=\"\" \/><\/a><\/div><div class=\"rl-gallery-item\"><a href=\"https:\/\/sbt.ug.edu.pl\/wp-content\/uploads\/2019\/07\/2.Rostock-Warnemunde-watersports-area-R2.A5..jpg\" title=\"2.Rostock-Warnemunde watersports area, author: Przemyslaw Kulawczuk \/ BHR\" data-rl_title=\"2.Rostock-Warnemunde watersports area, author: Przemyslaw Kulawczuk \/ BHR\" class=\"rl-gallery-link\" data-rl_caption=\"\" data-rel=\"lightbox-gallery-1\"><img src=\"https:\/\/sbt.ug.edu.pl\/wp-content\/uploads\/2019\/07\/2.Rostock-Warnemunde-watersports-area-R2.A5.-768x509.jpg\" width=\"640\" height=\"424\" alt=\"\" \/><\/a><\/div><div class=\"rl-gallery-item\"><a href=\"https:\/\/sbt.ug.edu.pl\/wp-content\/uploads\/2019\/07\/3.-Rostock-Warnemunde-watersports-area-R2A5..jpg\" title=\"3. Rostock-Warnemunde watersports area, author: Przemyslaw Kulawczuk \/ BHR\" data-rl_title=\"3. Rostock-Warnemunde watersports area, author: Przemyslaw Kulawczuk \/ BHR\" class=\"rl-gallery-link\" data-rl_caption=\"\" data-rel=\"lightbox-gallery-1\"><img src=\"https:\/\/sbt.ug.edu.pl\/wp-content\/uploads\/2019\/07\/3.-Rostock-Warnemunde-watersports-area-R2A5.-768x509.jpg\" width=\"640\" height=\"424\" alt=\"\" \/><\/a><\/div><div class=\"rl-gallery-item\"><a href=\"https:\/\/sbt.ug.edu.pl\/wp-content\/uploads\/2019\/07\/4.-Rostock-Warnemunde-watersports-area-R2.A5..jpg\" title=\"4. Rostock-Warnemunde watersports area, author: Przemyslaw Kulawczuk \/ BHR\" data-rl_title=\"4. Rostock-Warnemunde watersports area, author: Przemyslaw Kulawczuk \/ BHR\" class=\"rl-gallery-link\" data-rl_caption=\"\" data-rel=\"lightbox-gallery-1\"><img src=\"https:\/\/sbt.ug.edu.pl\/wp-content\/uploads\/2019\/07\/4.-Rostock-Warnemunde-watersports-area-R2.A5.-768x509.jpg\" width=\"640\" height=\"424\" alt=\"\" \/><\/a><\/div><div class=\"rl-gallery-item\"><a href=\"https:\/\/sbt.ug.edu.pl\/wp-content\/uploads\/2019\/07\/5.-Lighthouse-in-Warnemunde-R2.A5..jpg\" title=\"5. Lighthouse in Warnemunde, author: Przemyslaw Kulawczuk \/ BHR\" data-rl_title=\"5. Lighthouse in Warnemunde, author: Przemyslaw Kulawczuk \/ BHR\" class=\"rl-gallery-link\" data-rl_caption=\"\" data-rel=\"lightbox-gallery-1\"><img src=\"https:\/\/sbt.ug.edu.pl\/wp-content\/uploads\/2019\/07\/5.-Lighthouse-in-Warnemunde-R2.A5.-768x509.jpg\" width=\"640\" height=\"424\" alt=\"\" \/><\/a><\/div><div class=\"rl-gallery-item\"><a href=\"https:\/\/sbt.ug.edu.pl\/wp-content\/uploads\/2019\/07\/6.-Coastal-waters-in-Warnemunde-R2.A5..jpg\" title=\"6. Coastal waters in Warnemunde, author: Przemyslaw Kulawczuk \/ BHR\" data-rl_title=\"6. Coastal waters in Warnemunde, author: Przemyslaw Kulawczuk \/ BHR\" class=\"rl-gallery-link\" data-rl_caption=\"\" data-rel=\"lightbox-gallery-1\"><img src=\"https:\/\/sbt.ug.edu.pl\/wp-content\/uploads\/2019\/07\/6.-Coastal-waters-in-Warnemunde-R2.A5.-768x509.jpg\" width=\"640\" height=\"424\" alt=\"\" \/><\/a><\/div><div class=\"rl-gallery-item\"><a href=\"https:\/\/sbt.ug.edu.pl\/wp-content\/uploads\/2019\/07\/7.-Warner-River-mouth-R2.A5..jpg\" title=\"7. Warner River mouth, author: Przemyslaw Kulawczuk \/ BHR\" data-rl_title=\"7. Warner River mouth, author: Przemyslaw Kulawczuk \/ BHR\" class=\"rl-gallery-link\" data-rl_caption=\"\" data-rel=\"lightbox-gallery-1\"><img src=\"https:\/\/sbt.ug.edu.pl\/wp-content\/uploads\/2019\/07\/7.-Warner-River-mouth-R2.A5.-768x509.jpg\" width=\"640\" height=\"424\" alt=\"\" \/><\/a><\/div><div class=\"rl-gallery-item\"><a href=\"https:\/\/sbt.ug.edu.pl\/wp-content\/uploads\/2019\/07\/8.-Warnemunde-beach-R2.A5..jpg\" title=\"8. Warnemunde beach, author: Przemyslaw Kulawczuk \/ BHR\" data-rl_title=\"8. Warnemunde beach, author: Przemyslaw Kulawczuk \/ BHR\" class=\"rl-gallery-link\" data-rl_caption=\"\" data-rel=\"lightbox-gallery-1\"><img src=\"https:\/\/sbt.ug.edu.pl\/wp-content\/uploads\/2019\/07\/8.-Warnemunde-beach-R2.A5.-768x509.jpg\" width=\"640\" height=\"424\" alt=\"\" \/><\/a><\/div><div class=\"rl-gallery-item\"><a href=\"https:\/\/sbt.ug.edu.pl\/wp-content\/uploads\/2019\/07\/9.-Warnemunde-beach-R2.A5..jpg\" title=\"9. Warnemunde beach, author: Przemyslaw Kulawczuk \/ BHR, University of Gdansk, R2.A5.\" data-rl_title=\"9. Warnemunde beach, author: Przemyslaw Kulawczuk \/ BHR, University of Gdansk, R2.A5.\" class=\"rl-gallery-link\" data-rl_caption=\"\" data-rel=\"lightbox-gallery-1\"><img src=\"https:\/\/sbt.ug.edu.pl\/wp-content\/uploads\/2019\/07\/9.-Warnemunde-beach-R2.A5.-768x509.jpg\" width=\"640\" height=\"424\" alt=\"\" \/><\/a><\/div><div class=\"rl-gallery-item\"><a href=\"https:\/\/sbt.ug.edu.pl\/wp-content\/uploads\/2019\/07\/10-Cruisers-and-yachts-in-Warnemunde-R2.-A5..jpg\" title=\"10 Cruisers and yachts in Warnemunde, author: Przemyslaw Kulawczuk \/ BHR\" data-rl_title=\"10 Cruisers and yachts in Warnemunde, author: Przemyslaw Kulawczuk \/ BHR\" class=\"rl-gallery-link\" data-rl_caption=\"\" data-rel=\"lightbox-gallery-1\"><img src=\"https:\/\/sbt.ug.edu.pl\/wp-content\/uploads\/2019\/07\/10-Cruisers-and-yachts-in-Warnemunde-R2.-A5.-768x509.jpg\" width=\"640\" height=\"424\" alt=\"\" \/><\/a><\/div><div class=\"rl-gallery-item\"><a href=\"https:\/\/sbt.ug.edu.pl\/wp-content\/uploads\/2019\/07\/11.-Rostock-Port-Terminal-R2.A5..jpg\" title=\"11. Rostock Port Terminal, author: Przemyslaw Kulawczuk \/ BHR\" data-rl_title=\"11. Rostock Port Terminal, author: Przemyslaw Kulawczuk \/ BHR\" class=\"rl-gallery-link\" data-rl_caption=\"\" data-rel=\"lightbox-gallery-1\"><img src=\"https:\/\/sbt.ug.edu.pl\/wp-content\/uploads\/2019\/07\/11.-Rostock-Port-Terminal-R2.A5.-768x509.jpg\" width=\"640\" height=\"424\" alt=\"\" \/><\/a><\/div><div class=\"rl-gallery-item\"><a href=\"https:\/\/sbt.ug.edu.pl\/wp-content\/uploads\/2019\/07\/12.-Rostock-Port-Terminal-R2.A5..jpg\" title=\"12. Rostock Port Terminal, author: Przemyslaw Kulawczuk \/ BHR\" data-rl_title=\"12. Rostock Port Terminal, author: Przemyslaw Kulawczuk \/ BHR\" class=\"rl-gallery-link\" data-rl_caption=\"\" data-rel=\"lightbox-gallery-1\"><img src=\"https:\/\/sbt.ug.edu.pl\/wp-content\/uploads\/2019\/07\/12.-Rostock-Port-Terminal-R2.A5.-768x509.jpg\" width=\"640\" height=\"424\" alt=\"\" \/><\/a><\/div><div class=\"rl-gallery-item\"><a href=\"https:\/\/sbt.ug.edu.pl\/wp-content\/uploads\/2019\/07\/13.-Rostock-Port-Terminal-R2.A5..jpg\" title=\"13. Rostock Port Terminal, author: Przemyslaw Kulawczuk \/ BHR\" data-rl_title=\"13. Rostock Port Terminal, author: Przemyslaw Kulawczuk \/ BHR\" class=\"rl-gallery-link\" data-rl_caption=\"\" data-rel=\"lightbox-gallery-1\"><img src=\"https:\/\/sbt.ug.edu.pl\/wp-content\/uploads\/2019\/07\/13.-Rostock-Port-Terminal-R2.A5.-768x509.jpg\" width=\"640\" height=\"424\" alt=\"\" \/><\/a><\/div><div class=\"rl-gallery-item\"><a href=\"https:\/\/sbt.ug.edu.pl\/wp-content\/uploads\/2019\/07\/14.-Rostock-Port-Terminal-R2.A5..jpg\" title=\"\" data-rl_title=\"\" class=\"rl-gallery-link\" data-rl_caption=\"\" data-rel=\"lightbox-gallery-1\"><img src=\"https:\/\/sbt.ug.edu.pl\/wp-content\/uploads\/2019\/07\/14.-Rostock-Port-Terminal-R2.A5.-768x509.jpg\" width=\"640\" height=\"424\" alt=\"\" \/><\/a><\/div> <\/div> <\/div><\/code><\/p>\n<p>&nbsp;<\/p>","protected":false},"excerpt":{"rendered":"<p>Tyv\u00e4rr \u00e4r denna artikel enbart tillg\u00e4nglig p\u00e5 Amerikansk Engelska, Tyska och Polska. For the sake of viewer convenience, the content is shown below in this site default language. You may click one of the links to switch the site language to another available language. LOCATION Warnem\u00fcnde surfing hotspot is located in the northern part of [&hellip;]<\/p>\n","protected":false},"author":1,"featured_media":0,"parent":174,"menu_order":0,"comment_status":"closed","ping_status":"closed","template":"","meta":[],"categories":[34,12,9],"tags":[],"_links":{"self":[{"href":"https:\/\/sbt.ug.edu.pl\/sv\/wp-json\/wp\/v2\/pages\/297"}],"collection":[{"href":"https:\/\/sbt.ug.edu.pl\/sv\/wp-json\/wp\/v2\/pages"}],"about":[{"href":"https:\/\/sbt.ug.edu.pl\/sv\/wp-json\/wp\/v2\/types\/page"}],"author":[{"embeddable":true,"href":"https:\/\/sbt.ug.edu.pl\/sv\/wp-json\/wp\/v2\/users\/1"}],"replies":[{"embeddable":true,"href":"https:\/\/sbt.ug.edu.pl\/sv\/wp-json\/wp\/v2\/comments?post=297"}],"version-history":[{"count":21,"href":"https:\/\/sbt.ug.edu.pl\/sv\/wp-json\/wp\/v2\/pages\/297\/revisions"}],"predecessor-version":[{"id":5806,"href":"https:\/\/sbt.ug.edu.pl\/sv\/wp-json\/wp\/v2\/pages\/297\/revisions\/5806"}],"up":[{"embeddable":true,"href":"https:\/\/sbt.ug.edu.pl\/sv\/wp-json\/wp\/v2\/pages\/174"}],"wp:attachment":[{"href":"https:\/\/sbt.ug.edu.pl\/sv\/wp-json\/wp\/v2\/media?parent=297"}],"wp:term":[{"taxonomy":"category","embeddable":true,"href":"https:\/\/sbt.ug.edu.pl\/sv\/wp-json\/wp\/v2\/categories?post=297"},{"taxonomy":"post_tag","embeddable":true,"href":"https:\/\/sbt.ug.edu.pl\/sv\/wp-json\/wp\/v2\/tags?post=297"}],"curies":[{"name":"wp","href":"https:\/\/api.w.org\/{rel}","templated":true}]}}