{"id":3911,"date":"2019-08-01T11:35:46","date_gmt":"2019-08-01T09:35:46","guid":{"rendered":"https:\/\/southbaltic-tourist.eu\/?page_id=3911"},"modified":"2019-08-01T11:35:46","modified_gmt":"2019-08-01T09:35:46","slug":"r2-windsurfing-exploration-sustainable-transportation-2","status":"publish","type":"page","link":"https:\/\/sbt.ug.edu.pl\/sv\/routes\/windsurfing-exploration\/r2-windsurfing-exploration-sustainable-transportation-2\/","title":{"rendered":"(English) R2. WINDSURFING EXPLORATION. SUSTAINABLE TRANSPORTATION 2"},"content":{"rendered":"<p class=\"qtranxs-available-languages-message qtranxs-available-languages-message-sv\">Tyv\u00e4rr \u00e4r denna artikel enbart tillg\u00e4nglig p\u00e5 <a href=\"https:\/\/sbt.ug.edu.pl\/en\/wp-json\/wp\/v2\/pages\/3911\" class=\"qtranxs-available-language-link qtranxs-available-language-link-en\" title=\"English\">Amerikansk Engelska<\/a>. For the sake of viewer convenience, the content is shown below in the alternative language. You may click the link to switch the active language.<\/p><p><img decoding=\"async\" loading=\"lazy\" class=\"alignnone size-medium wp-image-3912\" src=\"https:\/\/southbaltic-tourist.eu\/wp-content\/uploads\/2019\/08\/6-300x134.jpg\" alt=\"\" width=\"300\" height=\"134\" srcset=\"https:\/\/sbt.ug.edu.pl\/wp-content\/uploads\/2019\/08\/6-300x134.jpg 300w, https:\/\/sbt.ug.edu.pl\/wp-content\/uploads\/2019\/08\/6-768x343.jpg 768w, https:\/\/sbt.ug.edu.pl\/wp-content\/uploads\/2019\/08\/6-150x67.jpg 150w, https:\/\/sbt.ug.edu.pl\/wp-content\/uploads\/2019\/08\/6.jpg 937w\" sizes=\"(max-width: 300px) 100vw, 300px\" \/><\/p>\n<p><span lang=\"en-US\"><b>C. Bicycles, hiking, boating, etc. <\/b><\/span><\/p>\n<p><span lang=\"en-US\">Depending on the place, bicycle routes are more or less available in the region. The leading countries in the density of biking routes are Denmark and Germany and partly Sweden. Situation in Poland and Lithuania is improving fast and there are also attractive cycling routes in those countries in the proximity of surfing hot spots. <\/span><\/p>\n<p><span lang=\"en-US\">Typically if you arrange your surfing experience with one of the local vendors you can also underline that you would like to have one day bike excursion, they will arrange bikes rentals for you. <\/span><\/p>\n<p><span lang=\"en-US\">Hiking is popular in National Parks and nature preserves. Typically in all countries there are hiking trails which come through forests and other attractive area. <\/span><\/p>\n<p><span lang=\"en-US\">On the lakes and in marinas you can rent boats. The fees depend on the type of boat, kayak or canoe. It is recommended to use internet to check the prices. <\/span><\/p>\n<p><span lang=\"en-US\"><b>E. Rentals and Advice on Sustainable Transportation Vendors <\/b><\/span><\/p>\n<p><span lang=\"en-US\">Car rentals are available of all airports and in medium-sized cities. You can use international rental companies and be sure that local ones will not be risky. Local vendors can be cheaper and also will have new and safe cars. The best is to use internet browser to select good size, safety and cost option. When renting a car Collision Damage Waiver (CDW) is recommended. <\/span><\/p>\n<p><span lang=\"en-US\">Economy or compact European cars use less gasoline than luxury cars and provide similar safety in relatively safe environment of South Baltic countries. The most of car rental companies provides cars which can consume around 5-6 liters per 100 km. Ask for this economic option. <\/span><\/p>\n<p><span lang=\"en-US\">If you arrange a complex cross \u2013 border wind or kite surfing offer, you can be transported by mini bus with the other surfers from place to place. It will reduce the costs and allow you for more relax on the way. <\/span> <\/p>","protected":false},"excerpt":{"rendered":"<p>Tyv\u00e4rr \u00e4r denna artikel enbart tillg\u00e4nglig p\u00e5 Amerikansk Engelska. For the sake of viewer convenience, the content is shown below in the alternative language. You may click the link to switch the active language. C. Bicycles, hiking, boating, etc. Depending on the place, bicycle routes are more or less available in the region. The leading [&hellip;]<\/p>\n","protected":false},"author":3,"featured_media":0,"parent":174,"menu_order":0,"comment_status":"closed","ping_status":"closed","template":"","meta":[],"categories":[96,9],"tags":[],"_links":{"self":[{"href":"https:\/\/sbt.ug.edu.pl\/sv\/wp-json\/wp\/v2\/pages\/3911"}],"collection":[{"href":"https:\/\/sbt.ug.edu.pl\/sv\/wp-json\/wp\/v2\/pages"}],"about":[{"href":"https:\/\/sbt.ug.edu.pl\/sv\/wp-json\/wp\/v2\/types\/page"}],"author":[{"embeddable":true,"href":"https:\/\/sbt.ug.edu.pl\/sv\/wp-json\/wp\/v2\/users\/3"}],"replies":[{"embeddable":true,"href":"https:\/\/sbt.ug.edu.pl\/sv\/wp-json\/wp\/v2\/comments?post=3911"}],"version-history":[{"count":1,"href":"https:\/\/sbt.ug.edu.pl\/sv\/wp-json\/wp\/v2\/pages\/3911\/revisions"}],"predecessor-version":[{"id":3913,"href":"https:\/\/sbt.ug.edu.pl\/sv\/wp-json\/wp\/v2\/pages\/3911\/revisions\/3913"}],"up":[{"embeddable":true,"href":"https:\/\/sbt.ug.edu.pl\/sv\/wp-json\/wp\/v2\/pages\/174"}],"wp:attachment":[{"href":"https:\/\/sbt.ug.edu.pl\/sv\/wp-json\/wp\/v2\/media?parent=3911"}],"wp:term":[{"taxonomy":"category","embeddable":true,"href":"https:\/\/sbt.ug.edu.pl\/sv\/wp-json\/wp\/v2\/categories?post=3911"},{"taxonomy":"post_tag","embeddable":true,"href":"https:\/\/sbt.ug.edu.pl\/sv\/wp-json\/wp\/v2\/tags?post=3911"}],"curies":[{"name":"wp","href":"https:\/\/api.w.org\/{rel}","templated":true}]}}