{"id":455,"date":"2017-12-05T09:56:57","date_gmt":"2017-12-05T08:56:57","guid":{"rendered":"http:\/\/southbaltic-tourist.eu\/?page_id=455"},"modified":"2021-05-31T18:03:18","modified_gmt":"2021-05-31T17:03:18","slug":"kayaking-south-baltic","status":"publish","type":"page","link":"https:\/\/sbt.ug.edu.pl\/sv\/routes\/kayaking-south-baltic\/","title":{"rendered":"Paddla kajak i s\u00f6dra \u00d6stersj\u00f6omr\u00e5det (Kayaking South Baltic)"},"content":{"rendered":"<p><strong>Ruttens h\u00f6jdpunkter: <\/strong>Kuriska n\u00e4set &#8211; Sk\u00e5nes vattendrag &#8211; floden Warnow &#8211; Nationalparken Bory Tucholskie &#8211; S\u0142owi\u0144ski nationalpark<\/p>\n<p><img decoding=\"async\" loading=\"lazy\" class=\"alignleft wp-image-4363\" src=\"https:\/\/southbaltic-tourist.eu\/wp-content\/uploads\/2019\/08\/DSC6793a-768x432-300x169.jpg\" alt=\"\" width=\"622\" height=\"350\" srcset=\"https:\/\/sbt.ug.edu.pl\/wp-content\/uploads\/2019\/08\/DSC6793a-768x432-300x169.jpg 300w, https:\/\/sbt.ug.edu.pl\/wp-content\/uploads\/2019\/08\/DSC6793a-768x432.jpg 768w, https:\/\/sbt.ug.edu.pl\/wp-content\/uploads\/2019\/08\/DSC6793a-768x432-150x84.jpg 150w\" sizes=\"(max-width: 622px) 100vw, 622px\" \/><\/p>\n<p><a href=\"https:\/\/southbaltic-tourist.eu\/wp-content\/uploads\/2020\/02\/R2.main_.png\" data-rel=\"lightbox-gallery-idrKuX9a\" data-rl_title=\"\" data-rl_caption=\"\" title=\"\"><img decoding=\"async\" loading=\"lazy\" class=\"alignnone wp-image-5212\" src=\"https:\/\/southbaltic-tourist.eu\/wp-content\/uploads\/2020\/02\/R2.main_-300x256.png\" alt=\"\" width=\"410\" height=\"350\" srcset=\"https:\/\/sbt.ug.edu.pl\/wp-content\/uploads\/2020\/02\/R2.main_-300x256.png 300w, https:\/\/sbt.ug.edu.pl\/wp-content\/uploads\/2020\/02\/R2.main_-1024x874.png 1024w, https:\/\/sbt.ug.edu.pl\/wp-content\/uploads\/2020\/02\/R2.main_-768x655.png 768w, https:\/\/sbt.ug.edu.pl\/wp-content\/uploads\/2020\/02\/R2.main_-1536x1310.png 1536w, https:\/\/sbt.ug.edu.pl\/wp-content\/uploads\/2020\/02\/R2.main_-150x128.png 150w, https:\/\/sbt.ug.edu.pl\/wp-content\/uploads\/2020\/02\/R2.main_.png 1600w\" sizes=\"(max-width: 410px) 100vw, 410px\" \/><\/a><\/p>\n<p><strong>Koncept f\u00f6r rutten <\/strong><\/p>\n<p>Resan leder dig till de vackraste \u00d6stersj\u00f6str\u00e4nderna, sanddynerna, vilda skogar och f\u00e4rgglada sj\u00f6ar. F\u00e5 m\u00f6jlighet att njuta av vackra landskap, naturliga vattendrag, unik flora och fauna. L\u00e4ngs v\u00e4gen ser du vilda d\u00e4ggdjur, f\u00e5glar och fiskar i sin naturliga milj\u00f6. Resan har \u00e4ven m\u00f6jlighet till vissa kulturella inslag, men har avsiktligt planerats f\u00f6r att undvika st\u00f6rre st\u00e4der.<\/p>","protected":false},"excerpt":{"rendered":"<p>Ruttens h\u00f6jdpunkter: Kuriska n\u00e4set &#8211; Sk\u00e5nes vattendrag &#8211; floden Warnow &#8211; Nationalparken Bory Tucholskie &#8211; S\u0142owi\u0144ski nationalpark Koncept f\u00f6r rutten Resan leder dig till de vackraste \u00d6stersj\u00f6str\u00e4nderna, sanddynerna, vilda skogar och f\u00e4rgglada sj\u00f6ar. F\u00e5 m\u00f6jlighet att njuta av vackra landskap, naturliga vattendrag, unik flora och fauna. L\u00e4ngs v\u00e4gen ser du vilda d\u00e4ggdjur, f\u00e5glar och fiskar [&hellip;]<\/p>\n","protected":false},"author":1,"featured_media":0,"parent":171,"menu_order":0,"comment_status":"closed","ping_status":"closed","template":"","meta":[],"categories":[17],"tags":[],"_links":{"self":[{"href":"https:\/\/sbt.ug.edu.pl\/sv\/wp-json\/wp\/v2\/pages\/455"}],"collection":[{"href":"https:\/\/sbt.ug.edu.pl\/sv\/wp-json\/wp\/v2\/pages"}],"about":[{"href":"https:\/\/sbt.ug.edu.pl\/sv\/wp-json\/wp\/v2\/types\/page"}],"author":[{"embeddable":true,"href":"https:\/\/sbt.ug.edu.pl\/sv\/wp-json\/wp\/v2\/users\/1"}],"replies":[{"embeddable":true,"href":"https:\/\/sbt.ug.edu.pl\/sv\/wp-json\/wp\/v2\/comments?post=455"}],"version-history":[{"count":22,"href":"https:\/\/sbt.ug.edu.pl\/sv\/wp-json\/wp\/v2\/pages\/455\/revisions"}],"predecessor-version":[{"id":5721,"href":"https:\/\/sbt.ug.edu.pl\/sv\/wp-json\/wp\/v2\/pages\/455\/revisions\/5721"}],"up":[{"embeddable":true,"href":"https:\/\/sbt.ug.edu.pl\/sv\/wp-json\/wp\/v2\/pages\/171"}],"wp:attachment":[{"href":"https:\/\/sbt.ug.edu.pl\/sv\/wp-json\/wp\/v2\/media?parent=455"}],"wp:term":[{"taxonomy":"category","embeddable":true,"href":"https:\/\/sbt.ug.edu.pl\/sv\/wp-json\/wp\/v2\/categories?post=455"},{"taxonomy":"post_tag","embeddable":true,"href":"https:\/\/sbt.ug.edu.pl\/sv\/wp-json\/wp\/v2\/tags?post=455"}],"curies":[{"name":"wp","href":"https:\/\/api.w.org\/{rel}","templated":true}]}}