{"id":457,"date":"2018-12-05T09:58:04","date_gmt":"2018-12-05T08:58:04","guid":{"rendered":"http:\/\/southbaltic-tourist.eu\/?page_id=457"},"modified":"2021-05-31T18:18:33","modified_gmt":"2021-05-31T17:18:33","slug":"national-parks-exploration","status":"publish","type":"page","link":"https:\/\/sbt.ug.edu.pl\/sv\/routes\/national-parks-exploration\/","title":{"rendered":"Utforska nationalparkerna"},"content":{"rendered":"<p><\/p>\n<p style=\"text-align: justify;\"><strong>Ruttens h\u00f6jdpunkter:<\/strong><\/p>\n<p style=\"text-align: justify;\">Nationalparks \u201dhotspots\u201d i 4 l\u00e4nder: Tyskland: R\u00fcgen, Kargow ,\u00a0Mecklenburg-V\u00e4stpommern;\u00a0Sverige:\u00a0Simrishamn, Ljungbyhed,\u00a0<a href=\"https:\/\/en.wikipedia.org\/wiki\/Sk%C3%A5ne\">Sk\u00e5ne<\/a>, Eriksberg;\u00a0Litauen: Plateliai, Plung\u0117, Palanga Beach, Klaip\u0117da och Kuriska Lagunen, Polen:\u00a0Mi\u0119dzyzdroje, Smo\u0142dzino, Przesieki,\u00a0 Warmi\u0144sko-Mazurskie.\u00a0Route \u00e4r berikad med cykelaktiviteter (Plateliai, Palanga, Klaip\u0117da), hiking aktiviteter (Skana, Jasmund ), f\u00e5gelsk\u00e5dning och natursightseeing: sanddyner, laguner, floder, sj\u00f6ar och vilda djur.<\/p>\n<p style=\"text-align: justify;\"><img decoding=\"async\" loading=\"lazy\" class=\"alignleft wp-image-2718\" src=\"https:\/\/southbaltic-tourist.eu\/wp-content\/uploads\/2019\/07\/1-3.jpg\" alt=\"\" width=\"524\" height=\"350\" srcset=\"https:\/\/sbt.ug.edu.pl\/wp-content\/uploads\/2019\/07\/1-3.jpg 392w, https:\/\/sbt.ug.edu.pl\/wp-content\/uploads\/2019\/07\/1-3-300x201.jpg 300w, https:\/\/sbt.ug.edu.pl\/wp-content\/uploads\/2019\/07\/1-3-150x100.jpg 150w\" sizes=\"(max-width: 524px) 100vw, 524px\" \/><\/p>\n<p style=\"text-align: justify;\"><a href=\"https:\/\/southbaltic-tourist.eu\/wp-content\/uploads\/2020\/02\/R3.00-National-Parks-Exploration.png\" data-rel=\"lightbox-gallery-t643Z316\" data-rl_title=\"\" data-rl_caption=\"\" title=\"\"><img decoding=\"async\" loading=\"lazy\" class=\"alignnone wp-image-5272\" src=\"https:\/\/southbaltic-tourist.eu\/wp-content\/uploads\/2020\/02\/R3.00-National-Parks-Exploration.png\" alt=\"\" width=\"602\" height=\"350\" srcset=\"https:\/\/sbt.ug.edu.pl\/wp-content\/uploads\/2020\/02\/R3.00-National-Parks-Exploration.png 1600w, https:\/\/sbt.ug.edu.pl\/wp-content\/uploads\/2020\/02\/R3.00-National-Parks-Exploration-300x174.png 300w, https:\/\/sbt.ug.edu.pl\/wp-content\/uploads\/2020\/02\/R3.00-National-Parks-Exploration-1024x595.png 1024w, https:\/\/sbt.ug.edu.pl\/wp-content\/uploads\/2020\/02\/R3.00-National-Parks-Exploration-768x446.png 768w, https:\/\/sbt.ug.edu.pl\/wp-content\/uploads\/2020\/02\/R3.00-National-Parks-Exploration-1536x893.png 1536w, https:\/\/sbt.ug.edu.pl\/wp-content\/uploads\/2020\/02\/R3.00-National-Parks-Exploration-150x87.png 150w\" sizes=\"(max-width: 602px) 100vw, 602px\" \/><\/a><\/p>\n<p style=\"text-align: justify;\">\n<p style=\"text-align: justify;\"><strong>Koncept f\u00f6r rutten<\/strong><strong>:<\/strong> <strong>\u201cP\u00e5 dejt med naturen\u201d<\/strong><\/p>\n<p style=\"text-align: justify;\">Denna rutt \u00e4r ett av de b\u00e4sta s\u00e4tten att utforska naturen och att stifta bekantskap med det vilda djurlivet. Denna rutt \u00e4r sj\u00e4lv-guidad och \u00e4r avsedd att hj\u00e4lpa dig planera ditt eget \u00e4ventyr. Resen\u00e4rer kan l\u00e4gga till eller dra ifr\u00e5n parker beroende p\u00e5 tillg\u00e4nglig tid. Det rekommenderas att ge s\u00e5 mycket tid som m\u00f6jligt f\u00f6r resen\u00e4rer att utforska dessa spektakul\u00e4ra parker. Man kan v\u00e4lja olika s\u00e4tt att utforska naturen: det kan g\u00f6ras p\u00e5 cykel, i kajak, p\u00e5 vandringsleder eller till och med h\u00e4strygg. I parkerna rekommenderas att prova h\u00e5llbar turism: f\u00e5gelsk\u00e5dning, se vilda djur, vandring osv. Dessa parker \u00e4r hem f\u00f6r m\u00e5nga s\u00e4llsynta v\u00e4xter och djur. Denna rutt inkluderar n\u00e5gra objekt fr\u00e5n UNESCO\u2019s v\u00e4rldsarvslista. Resan erbjuder \u00e4ven att bes\u00f6ka och njuta av n\u00e4rliggande omgivningar: museer, att se lokala g\u00e5rdar. Efter denna rutt, kommer resen\u00e4rerna kunna s\u00e4ga: &#8221;Jag var p\u00e5 dejt med naturen &#8221;&#8230;<\/p>\n<p><\/p>","protected":false},"excerpt":{"rendered":"<p>Ruttens h\u00f6jdpunkter: Nationalparks \u201dhotspots\u201d i 4 l\u00e4nder: Tyskland: R\u00fcgen, Kargow ,\u00a0Mecklenburg-V\u00e4stpommern;\u00a0Sverige:\u00a0Simrishamn, Ljungbyhed,\u00a0Sk\u00e5ne, Eriksberg;\u00a0Litauen: Plateliai, Plung\u0117, Palanga Beach, Klaip\u0117da och Kuriska Lagunen, Polen:\u00a0Mi\u0119dzyzdroje, Smo\u0142dzino, Przesieki,\u00a0 Warmi\u0144sko-Mazurskie.\u00a0Route \u00e4r berikad med cykelaktiviteter (Plateliai, Palanga, Klaip\u0117da), hiking aktiviteter (Skana, Jasmund ), f\u00e5gelsk\u00e5dning och natursightseeing: sanddyner, laguner, floder, sj\u00f6ar och vilda djur. Koncept f\u00f6r rutten: \u201cP\u00e5 dejt med naturen\u201d Denna [&hellip;]<\/p>\n","protected":false},"author":1,"featured_media":0,"parent":171,"menu_order":0,"comment_status":"closed","ping_status":"closed","template":"","meta":[],"categories":[17],"tags":[],"_links":{"self":[{"href":"https:\/\/sbt.ug.edu.pl\/sv\/wp-json\/wp\/v2\/pages\/457"}],"collection":[{"href":"https:\/\/sbt.ug.edu.pl\/sv\/wp-json\/wp\/v2\/pages"}],"about":[{"href":"https:\/\/sbt.ug.edu.pl\/sv\/wp-json\/wp\/v2\/types\/page"}],"author":[{"embeddable":true,"href":"https:\/\/sbt.ug.edu.pl\/sv\/wp-json\/wp\/v2\/users\/1"}],"replies":[{"embeddable":true,"href":"https:\/\/sbt.ug.edu.pl\/sv\/wp-json\/wp\/v2\/comments?post=457"}],"version-history":[{"count":15,"href":"https:\/\/sbt.ug.edu.pl\/sv\/wp-json\/wp\/v2\/pages\/457\/revisions"}],"predecessor-version":[{"id":5732,"href":"https:\/\/sbt.ug.edu.pl\/sv\/wp-json\/wp\/v2\/pages\/457\/revisions\/5732"}],"up":[{"embeddable":true,"href":"https:\/\/sbt.ug.edu.pl\/sv\/wp-json\/wp\/v2\/pages\/171"}],"wp:attachment":[{"href":"https:\/\/sbt.ug.edu.pl\/sv\/wp-json\/wp\/v2\/media?parent=457"}],"wp:term":[{"taxonomy":"category","embeddable":true,"href":"https:\/\/sbt.ug.edu.pl\/sv\/wp-json\/wp\/v2\/categories?post=457"},{"taxonomy":"post_tag","embeddable":true,"href":"https:\/\/sbt.ug.edu.pl\/sv\/wp-json\/wp\/v2\/tags?post=457"}],"curies":[{"name":"wp","href":"https:\/\/api.w.org\/{rel}","templated":true}]}}