{"id":482,"date":"2018-12-05T12:55:13","date_gmt":"2018-12-05T11:55:13","guid":{"rendered":"http:\/\/southbaltic-tourist.eu\/?page_id=482"},"modified":"2021-05-31T18:31:48","modified_gmt":"2021-05-31T17:31:48","slug":"blue-and-green-believes-and-religions-of-the-south-baltic-area","status":"publish","type":"page","link":"https:\/\/sbt.ug.edu.pl\/sv\/routes\/blue-and-green-believes-and-religions-of-the-south-baltic-area\/","title":{"rendered":"Europas andliga r\u00f6tter"},"content":{"rendered":"<p><\/p>\n<p style=\"text-align: justify;\"><strong>Ruttens h\u00f6jdpunkter:<\/strong><br \/>\nRunt s\u00f6dra \u00d6stersj\u00f6n, fr\u00e5n svenska Blekinge, genom de danska \u00f6arna, Mecklenburg, V\u00e4stpommern, polska Pommern till litauiska Samogitia, finns det n\u00e5gra tusen tempel, platser f\u00f6r tillbedjan och platser som \u00e4r f\u00f6rbundna med trosuppfattningar och religion. \u00c4ven om omr\u00e5det \u00e4r mestadels kristet, finns ingen brist p\u00e5 platser som bevisar att innan mission\u00e4rer och riddare som bar nyheten om Jesus kom hit, f\u00e4ste den lokala befolkningen stor vikt vid kontakt med den \u00f6vernaturliga v\u00e4rlden, och deras religi\u00f6shet var djup och uppriktig. I Litauen finns det fortfarande inf\u00f6dda troende som fortsatt ut\u00f6var de traditionella ritualerna. Urvalet av de viktigaste platserna var ganska sv\u00e5rt. Trots detta presenterar vi n\u00e4stan 100 kyrkor, heliga berg, helgedomar och f\u00f6rhistoriska kyrkog\u00e5rdar p\u00e5 18 platser (Litauen: Taurag\u0117, Klaip\u0117da, Palanga, Tel\u0161iai; Polen: Elbl\u0105g, Malbork, L\u0119bork, Koszalin, Kamie\u0144 Pomorski; Tyskland: Greifswald, R\u00fcgen, Stralsund, Rostock; Danmark: Nyk\u00f8bing Falster, Roskilde, Bornholm; Sverige: Ystad och Karlshamn). Beroende p\u00e5 tid och m\u00f6jlighet kommer man s\u00e4kert kunna berika den f\u00f6reslagna upps\u00e4ttningen av destinationer med andra, heliga och religi\u00f6sa platser som ligger i n\u00e4rheten. Planera din resa l\u00e4ngs trons och religionens v\u00e4g kring \u00d6stersj\u00f6n, gl\u00f6m inte att det f\u00f6rutom dessa finns massor av andra resm\u00e5l i denna del av Europa.<\/p>\n<p><img decoding=\"async\" loading=\"lazy\" class=\"alignnone wp-image-1602 \" src=\"https:\/\/southbaltic-tourist.eu\/wp-content\/uploads\/2019\/07\/foto-3.jpg\" alt=\"\" width=\"745\" height=\"499\" srcset=\"https:\/\/sbt.ug.edu.pl\/wp-content\/uploads\/2019\/07\/foto-3.jpg 695w, https:\/\/sbt.ug.edu.pl\/wp-content\/uploads\/2019\/07\/foto-3-300x201.jpg 300w, https:\/\/sbt.ug.edu.pl\/wp-content\/uploads\/2019\/07\/foto-3-150x100.jpg 150w\" sizes=\"(max-width: 745px) 100vw, 745px\" \/><\/p>\n<p><img decoding=\"async\" loading=\"lazy\" class=\"alignnone wp-image-1603 \" src=\"https:\/\/southbaltic-tourist.eu\/wp-content\/uploads\/2019\/07\/R4.00_calosc.jpg\" alt=\"\" width=\"745\" height=\"383\" srcset=\"https:\/\/sbt.ug.edu.pl\/wp-content\/uploads\/2019\/07\/R4.00_calosc.jpg 993w, https:\/\/sbt.ug.edu.pl\/wp-content\/uploads\/2019\/07\/R4.00_calosc-300x155.jpg 300w, https:\/\/sbt.ug.edu.pl\/wp-content\/uploads\/2019\/07\/R4.00_calosc-768x396.jpg 768w, https:\/\/sbt.ug.edu.pl\/wp-content\/uploads\/2019\/07\/R4.00_calosc-150x77.jpg 150w\" sizes=\"(max-width: 745px) 100vw, 745px\" \/><\/p>\n<p style=\"text-align: justify;\"><strong>Koncept f\u00f6r rutt<\/strong><strong> nr 1:<br \/>\n<\/strong>1. R4. A7 (Kashubia) &gt; 2. S\u0142owi\u0144skie Park Narodowy &gt; 3. R4. A8 (Centralpommern) &gt; 4. R4. A9 (Wolin Island och Trzebiat\u00f3w Coast) &gt; 5. Woli\u0144ski Park Narodowy + f\u00e4rja \u015awinouj\u015bcie \u2013 Ystad &gt; 6. R4. A17 (Ystad och \u00d6sterlen) &gt; 7. R4. A18 (\u00d6stra Sk\u00e5ne och Blekinge) + f\u00e4rjan Karlshamn-Klaipeda &gt; 8. R4. A2 (Lilla Litauen) + Kur\u0161i\u0173 Nerijos Nacionalinis Parkas &gt; 9. R4. A3 (P\u00e5 det Kuriska landet) &gt; 10. \u017demaitijos Nacionalinis Parkas &gt; 11.R4. A4 (Samogitia).<\/p>\n<p style=\"text-align: justify;\"><strong>Koncept f\u00f6r rutt<\/strong><strong> nr 2:<br \/>\n<\/strong>1. R4. A5 (Warmia) &gt; 2. R4. A6 (Vid nedre Vistulafloden) + f\u00e4rjan Gdynia \u2013 Karlskrona &gt; 3. R4. A18 (\u00d6stra Sk\u00e5ne och Blekinge) &gt; 4. R4. A17 (Ystad och \u00d6sterlen) &gt; 5. K\u00f6penhamn &gt; 6. R4. A16 (\u00d6stra Sj\u00e4lland) &gt; 7. R4. A15 (Sydsj\u00e4lland, M\u00f8n och Falster) &gt; 8. F\u00e4rjan Nyk\u00f8bing -Rostock + R4. A14 (Mecklemburg) &gt; 9. R4. A12 (Mellan Stralsund och Barth) &gt; 10-11. R4. A10 (R\u00fcgen) + Nationalpark Jasmund &gt; 12. R4. A11 (N\u00e4romr\u00e5det kring Greifswald)<\/p>\n<p><\/p>","protected":false},"excerpt":{"rendered":"<p>Ruttens h\u00f6jdpunkter: Runt s\u00f6dra \u00d6stersj\u00f6n, fr\u00e5n svenska Blekinge, genom de danska \u00f6arna, Mecklenburg, V\u00e4stpommern, polska Pommern till litauiska Samogitia, finns det n\u00e5gra tusen tempel, platser f\u00f6r tillbedjan och platser som \u00e4r f\u00f6rbundna med trosuppfattningar och religion. \u00c4ven om omr\u00e5det \u00e4r mestadels kristet, finns ingen brist p\u00e5 platser som bevisar att innan mission\u00e4rer och riddare som [&hellip;]<\/p>\n","protected":false},"author":1,"featured_media":0,"parent":171,"menu_order":0,"comment_status":"closed","ping_status":"closed","template":"","meta":[],"categories":[17],"tags":[],"_links":{"self":[{"href":"https:\/\/sbt.ug.edu.pl\/sv\/wp-json\/wp\/v2\/pages\/482"}],"collection":[{"href":"https:\/\/sbt.ug.edu.pl\/sv\/wp-json\/wp\/v2\/pages"}],"about":[{"href":"https:\/\/sbt.ug.edu.pl\/sv\/wp-json\/wp\/v2\/types\/page"}],"author":[{"embeddable":true,"href":"https:\/\/sbt.ug.edu.pl\/sv\/wp-json\/wp\/v2\/users\/1"}],"replies":[{"embeddable":true,"href":"https:\/\/sbt.ug.edu.pl\/sv\/wp-json\/wp\/v2\/comments?post=482"}],"version-history":[{"count":11,"href":"https:\/\/sbt.ug.edu.pl\/sv\/wp-json\/wp\/v2\/pages\/482\/revisions"}],"predecessor-version":[{"id":5734,"href":"https:\/\/sbt.ug.edu.pl\/sv\/wp-json\/wp\/v2\/pages\/482\/revisions\/5734"}],"up":[{"embeddable":true,"href":"https:\/\/sbt.ug.edu.pl\/sv\/wp-json\/wp\/v2\/pages\/171"}],"wp:attachment":[{"href":"https:\/\/sbt.ug.edu.pl\/sv\/wp-json\/wp\/v2\/media?parent=482"}],"wp:term":[{"taxonomy":"category","embeddable":true,"href":"https:\/\/sbt.ug.edu.pl\/sv\/wp-json\/wp\/v2\/categories?post=482"},{"taxonomy":"post_tag","embeddable":true,"href":"https:\/\/sbt.ug.edu.pl\/sv\/wp-json\/wp\/v2\/tags?post=482"}],"curies":[{"name":"wp","href":"https:\/\/api.w.org\/{rel}","templated":true}]}}