{"id":484,"date":"2018-12-05T12:56:01","date_gmt":"2018-12-05T11:56:01","guid":{"rendered":"http:\/\/southbaltic-tourist.eu\/?page_id=484"},"modified":"2021-05-31T18:36:00","modified_gmt":"2021-05-31T17:36:00","slug":"south-baltic-scenic-coastal-road","status":"publish","type":"page","link":"https:\/\/sbt.ug.edu.pl\/sv\/routes\/south-baltic-scenic-coastal-road\/","title":{"rendered":"Natursk\u00f6na kustv\u00e4gen kring s\u00f6dra \u00d6stersj\u00f6n"},"content":{"rendered":"<p><\/p>\n<p style=\"text-align: justify;\"><strong>Ruttens h\u00f6jdpunkter<\/strong><strong>:<\/strong><br \/>\nSouth Baltic Scenic Coastal Route hotspots i 4 l\u00e4nder: Litauen, Sverige, Tyskland och Polen. F\u00f6r natursk\u00f6na vyer i Sverige kan man bes\u00f6ka: Kalmar slott och \u00d6landsbron, Karlskrona sk\u00e4rg\u00e5rd, Karlshamn, S\u00f6lvesborgsviken. I Tyskland: Rostock &amp; Warnem\u00fcnde beach, Stralsund och R\u00fcgen, Greifswald med fiskebyn Wieck. I Polen: Swinoujscie, Lebas sanddyner, Gdansk och fiskebyn K\u0105ty Rybackie. I Litauen: Tel\u0161iai distriktet, Plung\u0117 &amp; Kretinga herrg\u00e5rdar, st\u00e4derna Palanga &amp; Klaip\u0117da, Kuriska n\u00e4set.\u2019<\/p>\n<p style=\"text-align: justify;\"><img decoding=\"async\" loading=\"lazy\" class=\"alignleft wp-image-1684\" src=\"https:\/\/southbaltic-tourist.eu\/wp-content\/uploads\/2019\/07\/cov-300x225.jpg\" alt=\"\" width=\"467\" height=\"350\" srcset=\"https:\/\/sbt.ug.edu.pl\/wp-content\/uploads\/2019\/07\/cov-300x225.jpg 300w, https:\/\/sbt.ug.edu.pl\/wp-content\/uploads\/2019\/07\/cov-768x576.jpg 768w, https:\/\/sbt.ug.edu.pl\/wp-content\/uploads\/2019\/07\/cov-1024x768.jpg 1024w, https:\/\/sbt.ug.edu.pl\/wp-content\/uploads\/2019\/07\/cov-150x113.jpg 150w, https:\/\/sbt.ug.edu.pl\/wp-content\/uploads\/2019\/07\/cov-136x102.jpg 136w, https:\/\/sbt.ug.edu.pl\/wp-content\/uploads\/2019\/07\/cov.jpg 1200w\" sizes=\"(max-width: 467px) 100vw, 467px\" \/> <a href=\"https:\/\/southbaltic-tourist.eu\/wp-content\/uploads\/2020\/05\/R5.00-Coastal-Road_main.png\" data-rel=\"lightbox-gallery-R68SXqFz\" data-rl_title=\"\" data-rl_caption=\"\" title=\"\"><img decoding=\"async\" loading=\"lazy\" class=\"alignnone wp-image-5455\" src=\"https:\/\/southbaltic-tourist.eu\/wp-content\/uploads\/2020\/05\/R5.00-Coastal-Road_main-300x174.png\" alt=\"\" width=\"602\" height=\"350\" srcset=\"https:\/\/sbt.ug.edu.pl\/wp-content\/uploads\/2020\/05\/R5.00-Coastal-Road_main-300x174.png 300w, https:\/\/sbt.ug.edu.pl\/wp-content\/uploads\/2020\/05\/R5.00-Coastal-Road_main-1024x595.png 1024w, https:\/\/sbt.ug.edu.pl\/wp-content\/uploads\/2020\/05\/R5.00-Coastal-Road_main-768x446.png 768w, https:\/\/sbt.ug.edu.pl\/wp-content\/uploads\/2020\/05\/R5.00-Coastal-Road_main-1536x893.png 1536w, https:\/\/sbt.ug.edu.pl\/wp-content\/uploads\/2020\/05\/R5.00-Coastal-Road_main.png 1600w\" sizes=\"(max-width: 602px) 100vw, 602px\" \/><\/a><\/p>\n<p style=\"text-align: justify;\"><a href=\"https:\/\/www.google.com\/maps\/place\/Most+Olandzki\/@56.6722411,16.3915409,13.75z\/data=!4m5!3m4!1s0x4657d6cb2a7fb0cb:0xf90dd2904dc5865a!8m2!3d56.6740641!4d16.420919\" target=\"_blank\" rel=\"noopener noreferrer\">View on Google Maps<\/a><\/p>\n<p style=\"text-align: justify;\"><strong>Koncept f\u00f6r rutten<\/strong><strong>:<\/strong> <strong>VACKRA LANDSKAP L\u00c4NGS DE S\u00d6DRA \u00d6STERSJ\u00d6KUSTERNA<\/strong><\/p>\n<p>Rutten \u00e4r utformad f\u00f6r att utforska den vackra natursk\u00f6na utsikten \u00f6ver \u00d6stersj\u00f6kusten, beundra olika landskap som stranden, marinan eller bukten, bes\u00f6ka pittoreska st\u00e4der och byar med unik arkitektur och k\u00e4nda kulturf\u00f6rem\u00e5l samt att delta i aktiv fritid som cykling, vandring, segling, surfing, kanotpaddling, kajakpaddling, b\u00e5tturer och annat. F\u00f6reslagna natursk\u00f6na hotspots \u00e4r perfekt l\u00e4mpade f\u00f6r romantiska upplevelser och avkoppling medans du njuter av de magnifika landskapen eller utsikten \u00f6ver staden. Rutten erbjuder ocks\u00e5 att delta i olika trevliga kulinariska workshops, tematiska stadsturer, bes\u00f6ka de mest omtalade st\u00e4llena som museer och nationalparker.<\/p>\n<p style=\"text-align: justify;\">\n<p><\/p>","protected":false},"excerpt":{"rendered":"<p>Ruttens h\u00f6jdpunkter: South Baltic Scenic Coastal Route hotspots i 4 l\u00e4nder: Litauen, Sverige, Tyskland och Polen. F\u00f6r natursk\u00f6na vyer i Sverige kan man bes\u00f6ka: Kalmar slott och \u00d6landsbron, Karlskrona sk\u00e4rg\u00e5rd, Karlshamn, S\u00f6lvesborgsviken. I Tyskland: Rostock &amp; Warnem\u00fcnde beach, Stralsund och R\u00fcgen, Greifswald med fiskebyn Wieck. I Polen: Swinoujscie, Lebas sanddyner, Gdansk och fiskebyn K\u0105ty Rybackie. [&hellip;]<\/p>\n","protected":false},"author":1,"featured_media":0,"parent":171,"menu_order":0,"comment_status":"closed","ping_status":"closed","template":"","meta":[],"categories":[17],"tags":[],"_links":{"self":[{"href":"https:\/\/sbt.ug.edu.pl\/sv\/wp-json\/wp\/v2\/pages\/484"}],"collection":[{"href":"https:\/\/sbt.ug.edu.pl\/sv\/wp-json\/wp\/v2\/pages"}],"about":[{"href":"https:\/\/sbt.ug.edu.pl\/sv\/wp-json\/wp\/v2\/types\/page"}],"author":[{"embeddable":true,"href":"https:\/\/sbt.ug.edu.pl\/sv\/wp-json\/wp\/v2\/users\/1"}],"replies":[{"embeddable":true,"href":"https:\/\/sbt.ug.edu.pl\/sv\/wp-json\/wp\/v2\/comments?post=484"}],"version-history":[{"count":16,"href":"https:\/\/sbt.ug.edu.pl\/sv\/wp-json\/wp\/v2\/pages\/484\/revisions"}],"predecessor-version":[{"id":5737,"href":"https:\/\/sbt.ug.edu.pl\/sv\/wp-json\/wp\/v2\/pages\/484\/revisions\/5737"}],"up":[{"embeddable":true,"href":"https:\/\/sbt.ug.edu.pl\/sv\/wp-json\/wp\/v2\/pages\/171"}],"wp:attachment":[{"href":"https:\/\/sbt.ug.edu.pl\/sv\/wp-json\/wp\/v2\/media?parent=484"}],"wp:term":[{"taxonomy":"category","embeddable":true,"href":"https:\/\/sbt.ug.edu.pl\/sv\/wp-json\/wp\/v2\/categories?post=484"},{"taxonomy":"post_tag","embeddable":true,"href":"https:\/\/sbt.ug.edu.pl\/sv\/wp-json\/wp\/v2\/tags?post=484"}],"curies":[{"name":"wp","href":"https:\/\/api.w.org\/{rel}","templated":true}]}}