{"id":486,"date":"2018-12-05T12:56:46","date_gmt":"2018-12-05T11:56:46","guid":{"rendered":"http:\/\/southbaltic-tourist.eu\/?page_id=486"},"modified":"2021-05-31T18:44:25","modified_gmt":"2021-05-31T17:44:25","slug":"griffins-dynasty-and-baltic-sea-battles","status":"publish","type":"page","link":"https:\/\/sbt.ug.edu.pl\/sv\/routes\/griffins-dynasty-and-baltic-sea-battles\/","title":{"rendered":"Gripens f\u00e4rdv\u00e4g"},"content":{"rendered":"<p><\/p>\n<p style=\"text-align: justify;\"><a href=\"http:\/\/www.gryfici.wzp.pl\/\"><img decoding=\"async\" loading=\"lazy\" class=\"wp-image-5655 alignleft\" src=\"https:\/\/southbaltic-tourist.eu\/wp-content\/uploads\/2021\/05\/piecze\u0328c\u0301.png\" alt=\"\" width=\"181\" height=\"166\" srcset=\"https:\/\/sbt.ug.edu.pl\/wp-content\/uploads\/2021\/05\/piecze\u0328c\u0301.png 882w, https:\/\/sbt.ug.edu.pl\/wp-content\/uploads\/2021\/05\/piecze\u0328c\u0301-300x276.png 300w, https:\/\/sbt.ug.edu.pl\/wp-content\/uploads\/2021\/05\/piecze\u0328c\u0301-768x705.png 768w\" sizes=\"(max-width: 181px) 100vw, 181px\" \/>More information&#8230;<\/a><\/p>\n<p style=\"text-align: justify;\"><strong>De mest intressanta platserna p\u00e5 str\u00e4ckan \u00e4r slott och andra platser utspridda \u00f6ver omr\u00e5det i s\u00f6dra \u00d6stersj\u00f6n, som f\u00f6renas av en gemensam historia. <\/strong>De finns i 4 l\u00e4nder:<strong> Polen: <\/strong>Szczecin, Wolin, Kamie\u0144 Pomorski, Trzebiat\u00f3w, Szczecinek, Byt\u00f3w, S\u0142upsk, Dar\u0142owo;<strong> Sverige: <\/strong>Kalmar, Visby, Malm\u00f6, Landskrona; <strong>Danmark: <\/strong>Helsing\u00f6r, K\u00f6penhamn;<strong> Tyskland: <\/strong>Barth, Greifswald, Wolgast, Ueckerm\u00fcnde och andra intressanta platser: historia, natur, mat och evenemang.<\/p>\n<p style=\"text-align: justify;\"><img decoding=\"async\" loading=\"lazy\" class=\"alignnone wp-image-1632 size-full\" src=\"https:\/\/southbaltic-tourist.eu\/wp-content\/uploads\/2019\/07\/griffin.jpg\" alt=\"\" width=\"1300\" height=\"750\" srcset=\"https:\/\/sbt.ug.edu.pl\/wp-content\/uploads\/2019\/07\/griffin.jpg 1300w, https:\/\/sbt.ug.edu.pl\/wp-content\/uploads\/2019\/07\/griffin-300x173.jpg 300w, https:\/\/sbt.ug.edu.pl\/wp-content\/uploads\/2019\/07\/griffin-768x443.jpg 768w, https:\/\/sbt.ug.edu.pl\/wp-content\/uploads\/2019\/07\/griffin-1024x591.jpg 1024w, https:\/\/sbt.ug.edu.pl\/wp-content\/uploads\/2019\/07\/griffin-150x87.jpg 150w\" sizes=\"(max-width: 1300px) 100vw, 1300px\" \/> <a href=\"https:\/\/southbaltic-tourist.eu\/wp-content\/uploads\/2020\/05\/R6.00-Griffins-Route_main2.png\" data-rel=\"lightbox-gallery-qwZGcxny\" data-rl_title=\"\" data-rl_caption=\"\" title=\"\"><img decoding=\"async\" loading=\"lazy\" class=\"aligncenter wp-image-5453 size-full\" src=\"https:\/\/southbaltic-tourist.eu\/wp-content\/uploads\/2020\/05\/R6.00-Griffins-Route_main2.png\" alt=\"\" width=\"1600\" height=\"930\" srcset=\"https:\/\/sbt.ug.edu.pl\/wp-content\/uploads\/2020\/05\/R6.00-Griffins-Route_main2.png 1600w, https:\/\/sbt.ug.edu.pl\/wp-content\/uploads\/2020\/05\/R6.00-Griffins-Route_main2-300x174.png 300w, https:\/\/sbt.ug.edu.pl\/wp-content\/uploads\/2020\/05\/R6.00-Griffins-Route_main2-1024x595.png 1024w, https:\/\/sbt.ug.edu.pl\/wp-content\/uploads\/2020\/05\/R6.00-Griffins-Route_main2-768x446.png 768w, https:\/\/sbt.ug.edu.pl\/wp-content\/uploads\/2020\/05\/R6.00-Griffins-Route_main2-1536x893.png 1536w\" sizes=\"(max-width: 1600px) 100vw, 1600px\" \/><\/a><\/p>\n<p style=\"text-align: justify;\"><strong>Koncept f\u00f6r rutten: <\/strong><strong>HEMLIGHETERNA KRING DET F\u00d6RSVUNNA HERTIGD\u00d6MET <\/strong>&#8211; Vad har slotten i polska och tyska Pommern och Skandinavien gemensamt? Denna expedition kommer bjuda p\u00e5 \u00f6verraskningar. Detta \u00e4r inte en vanlig resa genom slott och museer, eftersom historien du h\u00f6r kommer att bjuda med dig in i en fascinerande v\u00e4rld av hemligheter och \u00e4ventyr. Genom att resa l\u00e4ngs leden kommer du att bli en del av denna fascinerande historia och du kommer att uppt\u00e4cka hemligheterna i det f\u00f6rlorade hertigd\u00f6met. Det kommer ocks\u00e5 att finnas vackra landskap, cykel- och kanotturer samt promenader i det charmiga naturlandskapet. Rutten skapar en unik m\u00f6jlighet f\u00f6r dig som \u00e4lskar att uppt\u00e4cka hemligheter och \u00e4ventyr.<\/p>\n<p style=\"text-align: justify;\">En g\u00e5ng i tiden, i ett land som gr\u00e4nsar till \u00d6stersj\u00f6ns vatten, r\u00e5dde en ovanlig dynasti i \u00f6ver h\u00e4lften av ett \u00e5rtusende. Deras symbol \u2013 en grip \u2013 ett mytomspunnet djur med kroppen av ett lejon och huvud, klor och vingar som en \u00f6rn. Gripen \u00e4r till denna dag \u00e4r en symbol f\u00f6r Pommern. Den modiga \u00e4tten Grip var mycket omsorgsfulla om utvecklingen av deras hertigd\u00f6me. Och Grip-kvinnorna var kloka och eftert\u00e4nksamma. En av dem var Elisabet \u2013 en kvinna med extraordin\u00e4r sk\u00f6nhet och styrka, och ett barnbarn till kungen av Polen, Kasimir den store. Hon var hustru till den tysk-romerske kejsaren Karl av Luxemburg. Elizabeth f\u00f6ddes i slottet i Dar\u0142owo. Ungef\u00e4r ett halvt sekel senare, p\u00e5 samma plats, kom en pojke till v\u00e4rlden som snart blir kung av hela Skandinavien, han fick smeknamnet av kejsaren i norr. Ber\u00f6vad p\u00e5 tronen, efter n\u00e4stan 40 \u00e5rs styre, bosatte han sig p\u00e5 Gotland, varifr\u00e5n han organiserade piratexpeditioner. Legender s\u00e4ger att de skatter som han r\u00e5nade, till denna dag vilar p\u00e5 botten av \u00d6stersj\u00f6n.<\/p>\n<p style=\"text-align: justify;\">Du tror f\u00f6rmodligen att, som det anst\u00e5r en furstlig dynasti, Familjen Grip levde ett sagoliv &#8230; Inget kan vara mer fel! Olycklig k\u00e4rlek och h\u00e4xeri ledde till hertigd\u00f6mets fall, d\u00e5 den unge och stilige prinsen Ernst Ludwik blev stor k\u00e4rlek till Sidonia von Borcke och adelsman i den pommerska familjen. Det planerade br\u00f6llopet \u00e4gde inte rum, och den avvisade Sidonia kastade en f\u00f6rbannelse \u00f6ver familjen Grip, vilket ledde till att dynastin utrotades. Adelskvinnan ans\u00e5gs vara h\u00e4xa och f\u00f6r det halsh\u00f6ggs och br\u00e4ndes hon p\u00e5 b\u00e5l. Genom att f\u00f6lja Grip-leden kan du \u00e5terv\u00e4nda till svunna tider och uppt\u00e4cka hemligheter, romanser, \u00f6det f\u00f6r denna furstliga dynasti, deras f\u00f6rbindelser med tempelriddarna och tyska ordens riddare, och deras p\u00e5verkan p\u00e5 utvecklingen av denna del av Europa.<\/p>\n<p style=\"text-align: justify;\">\n<p><\/p>","protected":false},"excerpt":{"rendered":"<p>More information&#8230; De mest intressanta platserna p\u00e5 str\u00e4ckan \u00e4r slott och andra platser utspridda \u00f6ver omr\u00e5det i s\u00f6dra \u00d6stersj\u00f6n, som f\u00f6renas av en gemensam historia. De finns i 4 l\u00e4nder: Polen: Szczecin, Wolin, Kamie\u0144 Pomorski, Trzebiat\u00f3w, Szczecinek, Byt\u00f3w, S\u0142upsk, Dar\u0142owo; Sverige: Kalmar, Visby, Malm\u00f6, Landskrona; Danmark: Helsing\u00f6r, K\u00f6penhamn; Tyskland: Barth, Greifswald, Wolgast, Ueckerm\u00fcnde och andra [&hellip;]<\/p>\n","protected":false},"author":1,"featured_media":0,"parent":171,"menu_order":0,"comment_status":"closed","ping_status":"closed","template":"","meta":[],"categories":[17],"tags":[],"_links":{"self":[{"href":"https:\/\/sbt.ug.edu.pl\/sv\/wp-json\/wp\/v2\/pages\/486"}],"collection":[{"href":"https:\/\/sbt.ug.edu.pl\/sv\/wp-json\/wp\/v2\/pages"}],"about":[{"href":"https:\/\/sbt.ug.edu.pl\/sv\/wp-json\/wp\/v2\/types\/page"}],"author":[{"embeddable":true,"href":"https:\/\/sbt.ug.edu.pl\/sv\/wp-json\/wp\/v2\/users\/1"}],"replies":[{"embeddable":true,"href":"https:\/\/sbt.ug.edu.pl\/sv\/wp-json\/wp\/v2\/comments?post=486"}],"version-history":[{"count":15,"href":"https:\/\/sbt.ug.edu.pl\/sv\/wp-json\/wp\/v2\/pages\/486\/revisions"}],"predecessor-version":[{"id":5740,"href":"https:\/\/sbt.ug.edu.pl\/sv\/wp-json\/wp\/v2\/pages\/486\/revisions\/5740"}],"up":[{"embeddable":true,"href":"https:\/\/sbt.ug.edu.pl\/sv\/wp-json\/wp\/v2\/pages\/171"}],"wp:attachment":[{"href":"https:\/\/sbt.ug.edu.pl\/sv\/wp-json\/wp\/v2\/media?parent=486"}],"wp:term":[{"taxonomy":"category","embeddable":true,"href":"https:\/\/sbt.ug.edu.pl\/sv\/wp-json\/wp\/v2\/categories?post=486"},{"taxonomy":"post_tag","embeddable":true,"href":"https:\/\/sbt.ug.edu.pl\/sv\/wp-json\/wp\/v2\/tags?post=486"}],"curies":[{"name":"wp","href":"https:\/\/api.w.org\/{rel}","templated":true}]}}