{"id":488,"date":"2018-12-05T12:57:42","date_gmt":"2018-12-05T11:57:42","guid":{"rendered":"http:\/\/southbaltic-tourist.eu\/?page_id=488"},"modified":"2021-05-31T18:48:41","modified_gmt":"2021-05-31T17:48:41","slug":"wildlife-nature-trails-folkuniversitetet-sweden","status":"publish","type":"page","link":"https:\/\/sbt.ug.edu.pl\/sv\/routes\/wildlife-nature-trails-folkuniversitetet-sweden\/","title":{"rendered":"Naturstigar med djur- och v\u00e4xtliv"},"content":{"rendered":"<p><\/p>\n<p style=\"text-align: justify;\"><strong>Rutt \u201cWildlife nature trails\u201d:<\/strong> Sandstr\u00e4nder och b\u00f6ljande landskap i \u00d6sterlen-Sk\u00e5ne &amp; Blekinge med naturreservat, de unika \u00f6arna Ven och Iv\u00f6 och M\u00f6rrums\u00e5n, med sina otroliga fiskevatten, lockar natur\u00e4lskare fr\u00e5n hela v\u00e4rlden. Sverige har en bl\u00e4ndande variation av flora och fauna som erbjuds och oavsett var du g\u00e5r inom landet \u00e4r du s\u00e4ker p\u00e5 att vara omgiven av vacker natur. Du kan \u00e4ven uppt\u00e4cka unika, speciella platser f\u00f6r aktivt semestrande p\u00e5 olika s\u00e4tt, oavsett om det \u00e4r fiske, vandring eller cykling.<\/p>\n<p style=\"text-align: justify;\">Det finns m\u00e5nga s\u00e4tt att ta sig till Blekinge, det finns t\u00e5g tur- och retur fr\u00e5n Sk\u00e5ne (som k\u00f6rs av Blekingetrafiken eller Sk\u00e5netrafiken beroende p\u00e5 vilken v\u00e4g du ska) som inte \u00e4r allt f\u00f6r dyrt. Du kan ocks\u00e5 resa runt detta omr\u00e5de med b\u00e5t. Ett annat s\u00e4tt att ta sig dit \u00e4r p\u00e5 v\u00e4g \u2013 det \u00e4r m\u00f6jligt att hyra bilar och cyklar p\u00e5 m\u00e5nga st\u00e4llen l\u00e4ngs leden. Det finns ett brett utbud av hotell och B&amp;B, kaf\u00e9er, restauranger och lokala butiker.<\/p>\n<p><img decoding=\"async\" loading=\"lazy\" class=\"alignnone wp-image-2825 size-full\" src=\"https:\/\/southbaltic-tourist.eu\/wp-content\/uploads\/2019\/07\/3.-Deers-Wildpark-Eriksberg-Blekinge-R7.-A1.jpg\" alt=\"\" width=\"1600\" height=\"1200\" srcset=\"https:\/\/sbt.ug.edu.pl\/wp-content\/uploads\/2019\/07\/3.-Deers-Wildpark-Eriksberg-Blekinge-R7.-A1.jpg 1600w, https:\/\/sbt.ug.edu.pl\/wp-content\/uploads\/2019\/07\/3.-Deers-Wildpark-Eriksberg-Blekinge-R7.-A1-300x225.jpg 300w, https:\/\/sbt.ug.edu.pl\/wp-content\/uploads\/2019\/07\/3.-Deers-Wildpark-Eriksberg-Blekinge-R7.-A1-768x576.jpg 768w, https:\/\/sbt.ug.edu.pl\/wp-content\/uploads\/2019\/07\/3.-Deers-Wildpark-Eriksberg-Blekinge-R7.-A1-1024x768.jpg 1024w, https:\/\/sbt.ug.edu.pl\/wp-content\/uploads\/2019\/07\/3.-Deers-Wildpark-Eriksberg-Blekinge-R7.-A1-150x113.jpg 150w, https:\/\/sbt.ug.edu.pl\/wp-content\/uploads\/2019\/07\/3.-Deers-Wildpark-Eriksberg-Blekinge-R7.-A1-136x102.jpg 136w\" sizes=\"(max-width: 1600px) 100vw, 1600px\" \/><\/p>\n<p style=\"text-align: justify;\"><strong>Koncept f\u00f6r rutten:<\/strong><\/p>\n<p style=\"text-align: justify;\">I Blekinge och Sk\u00e5ne \u00e4r landskapet vackert med skogar, hav och vattendrag som \u00e4r unika av sitt slag. Du kan njuta av fantastiska vyer och f\u00e4ngslande vilda djur \u2013 floran och faunan anses vara den b\u00e4sta i s\u00f6dra Sverige. Det finns m\u00e5nga m\u00f6jligheter till fiske och naturupplevelser f\u00f6r alla i detta vackra landskap \u2013 i Sverige finns &#8221;Allemansr\u00e4tten&#8221;, som ger alla r\u00e4tt att str\u00f6va fritt och uppleva den vackra svenska landsbygden. Det finns dock vissa saker du m\u00e5ste t\u00e4nka p\u00e5 n\u00e4r du \u00e4r ute och g\u00e5r, campar, kl\u00e4ttrar, plockar blommor eller g\u00f6r n\u00e5got annat p\u00e5 landet \u2013 du m\u00e5ste ta ansvar f\u00f6r det fotavtryck du l\u00e4mnar efter dig. Du kan l\u00e4sa mer om det h\u00e4r:<br \/>\n<a href=\"http:\/\/www.swedishepa.se\/Enjoying-nature\/The-Right-of-Public-Access\/This-is-allowed1\/\">http:\/\/www.swedishepa.se\/Enjoying-nature\/The-Right-of-Public-Access\/This-is-allowed1\/<\/a><\/p>\n<p><\/p>","protected":false},"excerpt":{"rendered":"<p>Rutt \u201cWildlife nature trails\u201d: Sandstr\u00e4nder och b\u00f6ljande landskap i \u00d6sterlen-Sk\u00e5ne &amp; Blekinge med naturreservat, de unika \u00f6arna Ven och Iv\u00f6 och M\u00f6rrums\u00e5n, med sina otroliga fiskevatten, lockar natur\u00e4lskare fr\u00e5n hela v\u00e4rlden. Sverige har en bl\u00e4ndande variation av flora och fauna som erbjuds och oavsett var du g\u00e5r inom landet \u00e4r du s\u00e4ker p\u00e5 att vara [&hellip;]<\/p>\n","protected":false},"author":1,"featured_media":0,"parent":171,"menu_order":0,"comment_status":"closed","ping_status":"closed","template":"","meta":[],"categories":[17],"tags":[],"_links":{"self":[{"href":"https:\/\/sbt.ug.edu.pl\/sv\/wp-json\/wp\/v2\/pages\/488"}],"collection":[{"href":"https:\/\/sbt.ug.edu.pl\/sv\/wp-json\/wp\/v2\/pages"}],"about":[{"href":"https:\/\/sbt.ug.edu.pl\/sv\/wp-json\/wp\/v2\/types\/page"}],"author":[{"embeddable":true,"href":"https:\/\/sbt.ug.edu.pl\/sv\/wp-json\/wp\/v2\/users\/1"}],"replies":[{"embeddable":true,"href":"https:\/\/sbt.ug.edu.pl\/sv\/wp-json\/wp\/v2\/comments?post=488"}],"version-history":[{"count":6,"href":"https:\/\/sbt.ug.edu.pl\/sv\/wp-json\/wp\/v2\/pages\/488\/revisions"}],"predecessor-version":[{"id":5741,"href":"https:\/\/sbt.ug.edu.pl\/sv\/wp-json\/wp\/v2\/pages\/488\/revisions\/5741"}],"up":[{"embeddable":true,"href":"https:\/\/sbt.ug.edu.pl\/sv\/wp-json\/wp\/v2\/pages\/171"}],"wp:attachment":[{"href":"https:\/\/sbt.ug.edu.pl\/sv\/wp-json\/wp\/v2\/media?parent=488"}],"wp:term":[{"taxonomy":"category","embeddable":true,"href":"https:\/\/sbt.ug.edu.pl\/sv\/wp-json\/wp\/v2\/categories?post=488"},{"taxonomy":"post_tag","embeddable":true,"href":"https:\/\/sbt.ug.edu.pl\/sv\/wp-json\/wp\/v2\/tags?post=488"}],"curies":[{"name":"wp","href":"https:\/\/api.w.org\/{rel}","templated":true}]}}