{"id":490,"date":"2018-12-05T12:58:30","date_gmt":"2018-12-05T11:58:30","guid":{"rendered":"http:\/\/southbaltic-tourist.eu\/?page_id=490"},"modified":"2021-05-31T18:54:01","modified_gmt":"2021-05-31T17:54:01","slug":"world-of-fishermen","status":"publish","type":"page","link":"https:\/\/sbt.ug.edu.pl\/sv\/routes\/world-of-fishermen\/","title":{"rendered":"Fiskarens v\u00e4rld"},"content":{"rendered":"<p><\/p>\n<p style=\"text-align: justify;\"><strong>Ruttens h\u00f6jdpunkter<\/strong>: Autentiska fiskehamnar \u2013 lokala fiskare p\u00e5 jobbet \u2013 fiskearv \u2013 f\u00e4rsk fisk \u2013 matlagning med fisk \u2013 R\u00fcgens vita klippor \u2013 sandstr\u00e4nder \u2013- gothisk stil i r\u00f6tt tegel \u2013 spa-arkitektur \u2013 kulturliv \u2013 or\u00f6rd natur \u2013 nationalparker \u2013 sj\u00f6f\u00e5glar.<\/p>\n<p><img decoding=\"async\" loading=\"lazy\" class=\"alignnone wp-image-2212 size-full\" src=\"https:\/\/southbaltic-tourist.eu\/wp-content\/uploads\/2019\/07\/1-1.jpg\" alt=\"\" width=\"975\" height=\"731\" srcset=\"https:\/\/sbt.ug.edu.pl\/wp-content\/uploads\/2019\/07\/1-1.jpg 975w, https:\/\/sbt.ug.edu.pl\/wp-content\/uploads\/2019\/07\/1-1-300x225.jpg 300w, https:\/\/sbt.ug.edu.pl\/wp-content\/uploads\/2019\/07\/1-1-768x576.jpg 768w, https:\/\/sbt.ug.edu.pl\/wp-content\/uploads\/2019\/07\/1-1-150x112.jpg 150w, https:\/\/sbt.ug.edu.pl\/wp-content\/uploads\/2019\/07\/1-1-136x102.jpg 136w\" sizes=\"(max-width: 975px) 100vw, 975px\" \/><\/p>\n<p style=\"text-align: justify;\"><strong>Ruttens karakt\u00e4r:<\/strong><\/p>\n<p style=\"text-align: justify;\">Denna resa leder till sm\u00e5 fiskehamnar l\u00e4ngs \u00d6stersj\u00f6ns s\u00f6dra kuster, d\u00e4r fiskare fortfarande <strong>arbetar i de lokala vattnen f\u00f6r f\u00e4rska f\u00e5ngster<\/strong>. Omgivningarna genomsyras av en sj\u00f6farts karakt\u00e4r, inklusive fiskeb\u00e5tar och utrustning, lokalt hantverk och m\u00f6jligheter att k\u00f6pa f\u00e4rsk fisk. Naturligtvis finns det ocks\u00e5 gott om trevliga skaldjursrestauranger i omr\u00e5det som erbjuder fantastiska m\u00e5ltider som tillagas enligt traditionella recept, med hj\u00e4lp av lokalt f\u00e5ngad fisk. Dessa hamnar \u00e4r omgivna av naturlig och kulturell m\u00e5ngfald, som erbjuder en hel del chanser f\u00f6r sightseeing.<\/p>\n<p><\/p>","protected":false},"excerpt":{"rendered":"<p>Ruttens h\u00f6jdpunkter: Autentiska fiskehamnar \u2013 lokala fiskare p\u00e5 jobbet \u2013 fiskearv \u2013 f\u00e4rsk fisk \u2013 matlagning med fisk \u2013 R\u00fcgens vita klippor \u2013 sandstr\u00e4nder \u2013- gothisk stil i r\u00f6tt tegel \u2013 spa-arkitektur \u2013 kulturliv \u2013 or\u00f6rd natur \u2013 nationalparker \u2013 sj\u00f6f\u00e5glar. Ruttens karakt\u00e4r: Denna resa leder till sm\u00e5 fiskehamnar l\u00e4ngs \u00d6stersj\u00f6ns s\u00f6dra kuster, d\u00e4r fiskare [&hellip;]<\/p>\n","protected":false},"author":1,"featured_media":0,"parent":171,"menu_order":0,"comment_status":"closed","ping_status":"closed","template":"","meta":[],"categories":[17],"tags":[],"_links":{"self":[{"href":"https:\/\/sbt.ug.edu.pl\/sv\/wp-json\/wp\/v2\/pages\/490"}],"collection":[{"href":"https:\/\/sbt.ug.edu.pl\/sv\/wp-json\/wp\/v2\/pages"}],"about":[{"href":"https:\/\/sbt.ug.edu.pl\/sv\/wp-json\/wp\/v2\/types\/page"}],"author":[{"embeddable":true,"href":"https:\/\/sbt.ug.edu.pl\/sv\/wp-json\/wp\/v2\/users\/1"}],"replies":[{"embeddable":true,"href":"https:\/\/sbt.ug.edu.pl\/sv\/wp-json\/wp\/v2\/comments?post=490"}],"version-history":[{"count":9,"href":"https:\/\/sbt.ug.edu.pl\/sv\/wp-json\/wp\/v2\/pages\/490\/revisions"}],"predecessor-version":[{"id":5742,"href":"https:\/\/sbt.ug.edu.pl\/sv\/wp-json\/wp\/v2\/pages\/490\/revisions\/5742"}],"up":[{"embeddable":true,"href":"https:\/\/sbt.ug.edu.pl\/sv\/wp-json\/wp\/v2\/pages\/171"}],"wp:attachment":[{"href":"https:\/\/sbt.ug.edu.pl\/sv\/wp-json\/wp\/v2\/media?parent=490"}],"wp:term":[{"taxonomy":"category","embeddable":true,"href":"https:\/\/sbt.ug.edu.pl\/sv\/wp-json\/wp\/v2\/categories?post=490"},{"taxonomy":"post_tag","embeddable":true,"href":"https:\/\/sbt.ug.edu.pl\/sv\/wp-json\/wp\/v2\/tags?post=490"}],"curies":[{"name":"wp","href":"https:\/\/api.w.org\/{rel}","templated":true}]}}