{"id":553,"date":"2018-12-22T13:32:20","date_gmt":"2018-12-22T12:32:20","guid":{"rendered":"http:\/\/southbaltic-tourist.eu\/?page_id=553"},"modified":"2021-06-02T12:33:42","modified_gmt":"2021-06-02T11:33:42","slug":"2-national-park-stenshuvud","status":"publish","type":"page","link":"https:\/\/sbt.ug.edu.pl\/sv\/routes\/world-of-fishermen\/2-national-park-stenshuvud\/","title":{"rendered":"2. National Park Stenshuvud"},"content":{"rendered":"<p class=\"qtranxs-available-languages-message qtranxs-available-languages-message-sv\">Tyv\u00e4rr \u00e4r denna artikel enbart tillg\u00e4nglig p\u00e5 <a href=\"https:\/\/sbt.ug.edu.pl\/en\/wp-json\/wp\/v2\/pages\/553\" class=\"qtranxs-available-language-link qtranxs-available-language-link-en\" title=\"English\">Amerikansk Engelska<\/a>, <a href=\"https:\/\/sbt.ug.edu.pl\/de\/wp-json\/wp\/v2\/pages\/553\" class=\"qtranxs-available-language-link qtranxs-available-language-link-de\" title=\"Deutsch\">Tyska<\/a> och <a href=\"https:\/\/sbt.ug.edu.pl\/pl\/wp-json\/wp\/v2\/pages\/553\" class=\"qtranxs-available-language-link qtranxs-available-language-link-pl\" title=\"Polski\">Polska<\/a>. For the sake of viewer convenience, the content is shown below in this site default language. You may click one of the links to switch the site language to another available language.<\/p><p><strong>LOCATION<\/strong><\/p>\n<p style=\"text-align: justify;\">The Stenshuvud National Park is located in southern Sweden near the town of Kivik and 15km north of the city of Simrishamn. The park is relatively small with a size of 3.9km\u00b2. It is part of historic province of Sk\u00e5ne. The park belongs to the municipality Simrishamn. Furthermore, the national park is located directly at the Baltic Sea.<br \/>\n55\u00b039\u203247\u2033 N 14\u00b016\u203222\u2033 E (Stenshuvud).<\/p>\n<p><img decoding=\"async\" loading=\"lazy\" class=\"alignleft wp-image-2535\" src=\"https:\/\/southbaltic-tourist.eu\/wp-content\/uploads\/2019\/07\/R8A2-p1-Stenshuvud-3_sandana.jpg\" alt=\"\" width=\"606\" height=\"400\" srcset=\"https:\/\/sbt.ug.edu.pl\/wp-content\/uploads\/2019\/07\/R8A2-p1-Stenshuvud-3_sandana.jpg 1600w, https:\/\/sbt.ug.edu.pl\/wp-content\/uploads\/2019\/07\/R8A2-p1-Stenshuvud-3_sandana-300x198.jpg 300w, https:\/\/sbt.ug.edu.pl\/wp-content\/uploads\/2019\/07\/R8A2-p1-Stenshuvud-3_sandana-768x507.jpg 768w, https:\/\/sbt.ug.edu.pl\/wp-content\/uploads\/2019\/07\/R8A2-p1-Stenshuvud-3_sandana-1024x676.jpg 1024w, https:\/\/sbt.ug.edu.pl\/wp-content\/uploads\/2019\/07\/R8A2-p1-Stenshuvud-3_sandana-150x99.jpg 150w\" sizes=\"(max-width: 606px) 100vw, 606px\" \/><\/p>\n<p><a href=\"https:\/\/southbaltic-tourist.eu\/wp-content\/uploads\/2020\/02\/R8.02-Stenshuvud-National-Park.png\" data-rel=\"lightbox-gallery-MZXz0R3l\" data-rl_title=\"\" data-rl_caption=\"\" title=\"\"><img decoding=\"async\" loading=\"lazy\" class=\"alignnone wp-image-5328\" src=\"https:\/\/southbaltic-tourist.eu\/wp-content\/uploads\/2020\/02\/R8.02-Stenshuvud-National-Park-300x256.png\" alt=\"\" width=\"469\" height=\"400\" srcset=\"https:\/\/sbt.ug.edu.pl\/wp-content\/uploads\/2020\/02\/R8.02-Stenshuvud-National-Park-300x256.png 300w, https:\/\/sbt.ug.edu.pl\/wp-content\/uploads\/2020\/02\/R8.02-Stenshuvud-National-Park-1024x874.png 1024w, https:\/\/sbt.ug.edu.pl\/wp-content\/uploads\/2020\/02\/R8.02-Stenshuvud-National-Park-768x655.png 768w, https:\/\/sbt.ug.edu.pl\/wp-content\/uploads\/2020\/02\/R8.02-Stenshuvud-National-Park-1536x1310.png 1536w, https:\/\/sbt.ug.edu.pl\/wp-content\/uploads\/2020\/02\/R8.02-Stenshuvud-National-Park-150x128.png 150w, https:\/\/sbt.ug.edu.pl\/wp-content\/uploads\/2020\/02\/R8.02-Stenshuvud-National-Park.png 1600w\" sizes=\"(max-width: 469px) 100vw, 469px\" \/><\/a><\/p>\n<p><a href=\"https:\/\/www.google.pl\/maps\/place\/Park+Narodowy+Stenshuvud\/@55.656187,14.1286354,11z\/data=!4m5!3m4!1s0x465441e660017ca5:0xe78735239d3000ae!8m2!3d55.656184!4d14.268711\" target=\"_blank\" rel=\"noopener noreferrer\">View on Google Maps<\/a><\/p>\n<p><strong>SCENIC CHARACTER <\/strong><\/p>\n<p style=\"text-align: justify;\">The beautiful park has a varied landscape. The many oak and beech forests characterize the area. There are wonderful white sandy beaches at Han\u00f6 Bay. Directly at the water is a moor with hornbeams and some wild orchids. The 97m high rock Stenshuvud towers directly at the coast over the national park. It is also the eponym of the park.\u00a0 A special characteristic of the area is the diverse flora and fauna as well as the great view of the Baltic Sea.<\/p>\n<p><strong>ATTRACTIONS <\/strong><\/p>\n<p style=\"text-align: justify;\">The varied landscape is perfect for hiking, climbing and relaxing. There are numerous hiking trails and some of them are also suitable for children and wheelchairs. A big attraction at the main entrance is the Naturum. The visitor centre has an exhibition about the natural environment, geology and history of the small national park. In addition, the mountain \u2018Stenshuvud\u2019 is a special attraction and a great vantage point for the whole area. If the weather is good, you can see the island of Bornholm.<\/p>\n<p><code><div class=\"rl-gallery-container rl-loading\" id=\"rl-gallery-container-1\" data-gallery_id=\"2533\"> <div class=\"rl-gallery rl-basicgrid-gallery \" id=\"rl-gallery-1\" data-gallery_no=\"1\"> <div class=\"rl-gallery-item\"><a href=\"https:\/\/sbt.ug.edu.pl\/wp-content\/uploads\/2019\/07\/R8A2-p1-Stenshuvud-3_sandana.jpg\" title=\"Forest; \u00a9 https:\/\/commons.wikimedia.org; Jorchr\" data-rl_title=\"Forest; \u00a9 https:\/\/commons.wikimedia.org; Jorchr\" class=\"rl-gallery-link\" data-rl_caption=\"\" data-rel=\"lightbox-gallery-1\"><img src=\"https:\/\/sbt.ug.edu.pl\/wp-content\/uploads\/2019\/07\/R8A2-p1-Stenshuvud-3_sandana-768x507.jpg\" width=\"640\" height=\"423\" alt=\"\" \/><\/a><\/div><div class=\"rl-gallery-item\"><a href=\"https:\/\/sbt.ug.edu.pl\/wp-content\/uploads\/2019\/07\/R8A2-p2-Stenshuvud-1-Mountain_landscape_in_Scania.jpg\" title=\"Mountain landscape; \u00a9 https:\/\/commons.wikimedia.org; Jin Zan\" data-rl_title=\"Mountain landscape; \u00a9 https:\/\/commons.wikimedia.org; Jin Zan\" class=\"rl-gallery-link\" data-rl_caption=\"\" data-rel=\"lightbox-gallery-1\"><img src=\"https:\/\/sbt.ug.edu.pl\/wp-content\/uploads\/2019\/07\/R8A2-p2-Stenshuvud-1-Mountain_landscape_in_Scania-768x552.jpg\" width=\"640\" height=\"460\" alt=\"\" \/><\/a><\/div><div class=\"rl-gallery-item\"><a href=\"https:\/\/sbt.ug.edu.pl\/wp-content\/uploads\/2019\/07\/R8A2-p3-Stenshuvud-2-Bokskog_vid_Stenshuvud.jpg\" title=\"Forest; \u00a9 https:\/\/commons.wikimedia.org; Jorchr\" data-rl_title=\"Forest; \u00a9 https:\/\/commons.wikimedia.org; Jorchr\" class=\"rl-gallery-link\" data-rl_caption=\"\" data-rel=\"lightbox-gallery-1\"><img src=\"https:\/\/sbt.ug.edu.pl\/wp-content\/uploads\/2019\/07\/R8A2-p3-Stenshuvud-2-Bokskog_vid_Stenshuvud-768x875.jpg\" width=\"640\" height=\"729\" alt=\"\" \/><\/a><\/div> <\/div> <\/div><\/code><\/p>\n<p style=\"text-align: justify;\">\n<p><\/p>","protected":false},"excerpt":{"rendered":"<p>Tyv\u00e4rr \u00e4r denna artikel enbart tillg\u00e4nglig p\u00e5 Amerikansk Engelska, Tyska och Polska. For the sake of viewer convenience, the content is shown below in this site default language. You may click one of the links to switch the site language to another available language.LOCATION The Stenshuvud National Park is located in southern Sweden near the [&hellip;]<\/p>\n","protected":false},"author":3,"featured_media":0,"parent":490,"menu_order":0,"comment_status":"closed","ping_status":"closed","template":"","meta":[],"categories":[34,15,31],"tags":[],"_links":{"self":[{"href":"https:\/\/sbt.ug.edu.pl\/sv\/wp-json\/wp\/v2\/pages\/553"}],"collection":[{"href":"https:\/\/sbt.ug.edu.pl\/sv\/wp-json\/wp\/v2\/pages"}],"about":[{"href":"https:\/\/sbt.ug.edu.pl\/sv\/wp-json\/wp\/v2\/types\/page"}],"author":[{"embeddable":true,"href":"https:\/\/sbt.ug.edu.pl\/sv\/wp-json\/wp\/v2\/users\/3"}],"replies":[{"embeddable":true,"href":"https:\/\/sbt.ug.edu.pl\/sv\/wp-json\/wp\/v2\/comments?post=553"}],"version-history":[{"count":8,"href":"https:\/\/sbt.ug.edu.pl\/sv\/wp-json\/wp\/v2\/pages\/553\/revisions"}],"predecessor-version":[{"id":5744,"href":"https:\/\/sbt.ug.edu.pl\/sv\/wp-json\/wp\/v2\/pages\/553\/revisions\/5744"}],"up":[{"embeddable":true,"href":"https:\/\/sbt.ug.edu.pl\/sv\/wp-json\/wp\/v2\/pages\/490"}],"wp:attachment":[{"href":"https:\/\/sbt.ug.edu.pl\/sv\/wp-json\/wp\/v2\/media?parent=553"}],"wp:term":[{"taxonomy":"category","embeddable":true,"href":"https:\/\/sbt.ug.edu.pl\/sv\/wp-json\/wp\/v2\/categories?post=553"},{"taxonomy":"post_tag","embeddable":true,"href":"https:\/\/sbt.ug.edu.pl\/sv\/wp-json\/wp\/v2\/tags?post=553"}],"curies":[{"name":"wp","href":"https:\/\/api.w.org\/{rel}","templated":true}]}}