{"id":5668,"date":"2021-05-26T18:53:57","date_gmt":"2021-05-26T17:53:57","guid":{"rendered":"https:\/\/southbaltic-tourist.eu\/?page_id=5668"},"modified":"2021-06-21T10:56:42","modified_gmt":"2021-06-21T09:56:42","slug":"bhr-toolkit","status":"publish","type":"page","link":"https:\/\/sbt.ug.edu.pl\/sv\/bhr-toolkit\/","title":{"rendered":"(English) BHR Toolkit"},"content":{"rendered":"<p class=\"qtranxs-available-languages-message qtranxs-available-languages-message-sv\">Tyv\u00e4rr \u00e4r denna artikel enbart tillg\u00e4nglig p\u00e5 <a href=\"https:\/\/sbt.ug.edu.pl\/en\/wp-json\/wp\/v2\/pages\/5668\" class=\"qtranxs-available-language-link qtranxs-available-language-link-en\" title=\"English\">Amerikansk Engelska<\/a>. For the sake of viewer convenience, the content is shown below in the alternative language. You may click the link to switch the active language.<\/p><p><span style=\"font-size: 18pt;\"><a href=\"https:\/\/southbaltic-tourist.eu\/wp-content\/uploads\/2021\/05\/Toolkit_EN.pdf\"><span style=\"font-size: 14pt;\">Manual\u00a0 \u00a0<\/span><\/a><\/span><a href=\"https:\/\/southbaltic-tourist.eu\/wp-content\/uploads\/2021\/05\/Toolkit_EN.pdf\"><img decoding=\"async\" loading=\"lazy\" class=\"wp-image-5689 alignnone\" src=\"https:\/\/southbaltic-tourist.eu\/wp-content\/uploads\/2021\/05\/toolkittoolboxtoolsdevelopment_hand_bag_kitbriefcase_equipment_repair_suitcase_toolbox-512.png\" alt=\"\" width=\"48\" height=\"48\" srcset=\"https:\/\/sbt.ug.edu.pl\/wp-content\/uploads\/2021\/05\/toolkittoolboxtoolsdevelopment_hand_bag_kitbriefcase_equipment_repair_suitcase_toolbox-512.png 512w, https:\/\/sbt.ug.edu.pl\/wp-content\/uploads\/2021\/05\/toolkittoolboxtoolsdevelopment_hand_bag_kitbriefcase_equipment_repair_suitcase_toolbox-512-300x300.png 300w, https:\/\/sbt.ug.edu.pl\/wp-content\/uploads\/2021\/05\/toolkittoolboxtoolsdevelopment_hand_bag_kitbriefcase_equipment_repair_suitcase_toolbox-512-150x150.png 150w\" sizes=\"(max-width: 48px) 100vw, 48px\" \/><\/a><\/p>\n<p><a href=\"https:\/\/forms.office.com\/Pages\/ResponsePage.aspx?id=7FC5suMenU2sXk3Z214Lc4b1Dc050bFOmgZigmjHyBdUQVpWNEdQQ1FHS082OUdLQVVSTFA3UzA1QS4u\">BHR\u00a0 Sustainable\u00a0Tourism\u00a0Competence Test <img decoding=\"async\" loading=\"lazy\" class=\"alignnone wp-image-5834\" src=\"https:\/\/southbaltic-tourist.eu\/wp-content\/uploads\/2021\/06\/iconfinder_2993697_brand_brands_docs_google_logo_icon_512px.png\" alt=\"\" width=\"36\" height=\"36\" srcset=\"https:\/\/sbt.ug.edu.pl\/wp-content\/uploads\/2021\/06\/iconfinder_2993697_brand_brands_docs_google_logo_icon_512px.png 512w, https:\/\/sbt.ug.edu.pl\/wp-content\/uploads\/2021\/06\/iconfinder_2993697_brand_brands_docs_google_logo_icon_512px-300x300.png 300w, https:\/\/sbt.ug.edu.pl\/wp-content\/uploads\/2021\/06\/iconfinder_2993697_brand_brands_docs_google_logo_icon_512px-150x150.png 150w\" sizes=\"(max-width: 36px) 100vw, 36px\" \/><\/a><\/p>\n<hr \/>\n<p><a href=\"https:\/\/southbaltic-tourist.eu\/wp-content\/uploads\/2021\/06\/1.-Sustainable-Tourism-Business-Models-Thematic-Course.pdf\">1. Sustainable Tourism Business Models &#8211; Thematic Course<\/a><\/p>\n<p><a href=\"https:\/\/southbaltic-tourist.eu\/wp-content\/uploads\/2021\/06\/2-Business-model-kitesurfing.pdf\">2. Business model &#8211; kitesurfing<\/a><\/p>\n<p><a href=\"https:\/\/southbaltic-tourist.eu\/wp-content\/uploads\/2021\/06\/3.-Business-model-canoeing.pdf\">3. Business model &#8211; canoeing<\/a><\/p>\n<p><a href=\"https:\/\/southbaltic-tourist.eu\/wp-content\/uploads\/2021\/06\/4.-Nature-observation-business-models.pdf\">4. Nature observation business models<\/a><\/p>\n<p><a href=\"https:\/\/southbaltic-tourist.eu\/wp-content\/uploads\/2021\/06\/5-Bicycle-Tourism-business-models.pdf\">5. Bicycle Tourism business models<\/a><\/p>","protected":false},"excerpt":{"rendered":"<p>Tyv\u00e4rr \u00e4r denna artikel enbart tillg\u00e4nglig p\u00e5 Amerikansk Engelska. For the sake of viewer convenience, the content is shown below in the alternative language. You may click the link to switch the active language.Manual\u00a0 \u00a0 BHR\u00a0 Sustainable\u00a0Tourism\u00a0Competence Test 1. Sustainable Tourism Business Models &#8211; Thematic Course 2. Business model &#8211; kitesurfing 3. Business model &#8211; [&hellip;]<\/p>\n","protected":false},"author":1,"featured_media":0,"parent":0,"menu_order":0,"comment_status":"closed","ping_status":"closed","template":"","meta":[],"categories":[],"tags":[],"_links":{"self":[{"href":"https:\/\/sbt.ug.edu.pl\/sv\/wp-json\/wp\/v2\/pages\/5668"}],"collection":[{"href":"https:\/\/sbt.ug.edu.pl\/sv\/wp-json\/wp\/v2\/pages"}],"about":[{"href":"https:\/\/sbt.ug.edu.pl\/sv\/wp-json\/wp\/v2\/types\/page"}],"author":[{"embeddable":true,"href":"https:\/\/sbt.ug.edu.pl\/sv\/wp-json\/wp\/v2\/users\/1"}],"replies":[{"embeddable":true,"href":"https:\/\/sbt.ug.edu.pl\/sv\/wp-json\/wp\/v2\/comments?post=5668"}],"version-history":[{"count":19,"href":"https:\/\/sbt.ug.edu.pl\/sv\/wp-json\/wp\/v2\/pages\/5668\/revisions"}],"predecessor-version":[{"id":5841,"href":"https:\/\/sbt.ug.edu.pl\/sv\/wp-json\/wp\/v2\/pages\/5668\/revisions\/5841"}],"wp:attachment":[{"href":"https:\/\/sbt.ug.edu.pl\/sv\/wp-json\/wp\/v2\/media?parent=5668"}],"wp:term":[{"taxonomy":"category","embeddable":true,"href":"https:\/\/sbt.ug.edu.pl\/sv\/wp-json\/wp\/v2\/categories?post=5668"},{"taxonomy":"post_tag","embeddable":true,"href":"https:\/\/sbt.ug.edu.pl\/sv\/wp-json\/wp\/v2\/tags?post=5668"}],"curies":[{"name":"wp","href":"https:\/\/api.w.org\/{rel}","templated":true}]}}