{"id":581,"date":"2018-12-23T11:49:55","date_gmt":"2018-12-23T10:49:55","guid":{"rendered":"http:\/\/southbaltic-tourist.eu\/?page_id=581"},"modified":"2021-06-08T17:09:31","modified_gmt":"2021-06-08T16:09:31","slug":"9-stralsund","status":"publish","type":"page","link":"https:\/\/sbt.ug.edu.pl\/sv\/routes\/world-of-fishermen\/9-stralsund\/","title":{"rendered":"9. Stralsund"},"content":{"rendered":"<p class=\"qtranxs-available-languages-message qtranxs-available-languages-message-sv\">Tyv\u00e4rr \u00e4r denna artikel enbart tillg\u00e4nglig p\u00e5 <a href=\"https:\/\/sbt.ug.edu.pl\/en\/wp-json\/wp\/v2\/pages\/581\" class=\"qtranxs-available-language-link qtranxs-available-language-link-en\" title=\"English\">Amerikansk Engelska<\/a>, <a href=\"https:\/\/sbt.ug.edu.pl\/de\/wp-json\/wp\/v2\/pages\/581\" class=\"qtranxs-available-language-link qtranxs-available-language-link-de\" title=\"Deutsch\">Tyska<\/a>, <a href=\"https:\/\/sbt.ug.edu.pl\/pl\/wp-json\/wp\/v2\/pages\/581\" class=\"qtranxs-available-language-link qtranxs-available-language-link-pl\" title=\"Polski\">Polska<\/a> och <a href=\"https:\/\/sbt.ug.edu.pl\/lt\/wp-json\/wp\/v2\/pages\/581\" class=\"qtranxs-available-language-link qtranxs-available-language-link-lt\" title=\"Lietuvi\u0173\">Litauiska<\/a>. For the sake of viewer convenience, the content is shown below in this site default language. You may click one of the links to switch the site language to another available language.<\/p><p><strong>LOCATION<\/strong><\/p>\n<p>The Hanseatic City of Stralsund is located in northeastern Germany at the Strelasund, the \u201cgate to R\u00fcgen\u201d, Germany\u2019s biggest island. The history, in particular the membership in the Hanseatic League and the long \u201cSwedish Period\u201d are the main reasons for attracting tourists and since 2002 the old center is UNESCO World Heritage site.<\/p>\n<p style=\"text-align: justify;\">Coordinates:54\u00b019\u2032N\u00a013\u00b005\u2032E<\/p>\n<p><img decoding=\"async\" loading=\"lazy\" class=\"alignnone wp-image-2644 size-full\" src=\"https:\/\/southbaltic-tourist.eu\/wp-content\/uploads\/2019\/07\/R8A9-p1-Stralsund-3_Marienkirche_2006-1.jpg\" alt=\"\" width=\"1600\" height=\"1513\" srcset=\"https:\/\/sbt.ug.edu.pl\/wp-content\/uploads\/2019\/07\/R8A9-p1-Stralsund-3_Marienkirche_2006-1.jpg 1600w, https:\/\/sbt.ug.edu.pl\/wp-content\/uploads\/2019\/07\/R8A9-p1-Stralsund-3_Marienkirche_2006-1-300x284.jpg 300w, https:\/\/sbt.ug.edu.pl\/wp-content\/uploads\/2019\/07\/R8A9-p1-Stralsund-3_Marienkirche_2006-1-768x726.jpg 768w, https:\/\/sbt.ug.edu.pl\/wp-content\/uploads\/2019\/07\/R8A9-p1-Stralsund-3_Marienkirche_2006-1-1024x968.jpg 1024w, https:\/\/sbt.ug.edu.pl\/wp-content\/uploads\/2019\/07\/R8A9-p1-Stralsund-3_Marienkirche_2006-1-150x142.jpg 150w\" sizes=\"(max-width: 1600px) 100vw, 1600px\" \/><\/p>\n<p><strong>HISTORY AND SCENIC CHARACTER <\/strong><\/p>\n<p style=\"text-align: justify;\">The city is almost 800 years old \u2013 granted city rights are from 1234. The biggest economic and political relevance together with remarkable prosperitywas the period of Hanseatic League in 13<sup>th<\/sup> and 14<sup>th<\/sup> centuries and in 17<sup>th<\/sup> and 18<sup>th<\/sup> centuries Stralsund stood under Swedish rule. Since 2002 Stralsund is enrolled in the UNESCO list of World Heritage sites due to its unique representative of the Hanseatic League city type. The city\u2019s silhouette is still dominated by impressive towers of three medieval churches, although today the R\u00fcgen bridge, a huge building of a shipyard and the modern building of the DeutschesMeeresmuseum, a fine oceanographic museum, complete the picture.<\/p>\n<p style=\"text-align: justify;\"><strong>ATTRACTIONS <\/strong><\/p>\n<p style=\"text-align: justify;\">The old town of Stralsund is considered ideal Hanseatic city\u201cfrom the heyday of the league of towns of the 14<sup>th<\/sup> century. The historic city centers have almost completely retained their medieval layout and bear witness to the construction of maritime trade cities following the law of L\u00fcbeck. Numerious outstanding monuments illustrate the political importance and the extraordinary wealth of the Baltic Sea towns in the Middle Ages and their affiliation to the Swedish era in the 17<sup>th<\/sup> and 18<sup>th<\/sup> centuries.\u201d (source 1) In the medieval center the most impressive views can be found on the Old Market square (Alter Markt), where the decorative wall of the medieval Town Hall gives an impression of the city\u2019s enormous wealth. The narrow streets of the old town invite to a stroll which allows for discoveries of fine architecture, small shops and welcoming caf\u00e9s and restaurants.<\/p>\n<p><code><div class=\"rl-gallery-container rl-loading\" id=\"rl-gallery-container-1\" data-gallery_id=\"2585\"> <div class=\"rl-gallery rl-basicgrid-gallery \" id=\"rl-gallery-1\" data-gallery_no=\"1\"> <div class=\"rl-gallery-item\"><a href=\"https:\/\/sbt.ug.edu.pl\/wp-content\/uploads\/2019\/07\/R8A9-p1-Stralsund-3_Marienkirche_2006-1.jpg\" title=\"Sankt-Marien; \u00a9 commons.wikimedia.org, Darkone\" data-rl_title=\"Sankt-Marien; \u00a9 commons.wikimedia.org, Darkone\" class=\"rl-gallery-link\" data-rl_caption=\"\" data-rel=\"lightbox-gallery-1\"><img src=\"https:\/\/sbt.ug.edu.pl\/wp-content\/uploads\/2019\/07\/R8A9-p1-Stralsund-3_Marienkirche_2006-1-768x726.jpg\" width=\"640\" height=\"605\" alt=\"\" \/><\/a><\/div><div class=\"rl-gallery-item\"><a href=\"https:\/\/sbt.ug.edu.pl\/wp-content\/uploads\/2019\/07\/R8A9-p2-Stralsund-4-Seestrasse_und_Nikolaikirche_Stralsund-1.jpg\" title=\"Nikolaikirche; \u00a9 commons.wikimedia.org, JoachimKohlerBremen\" data-rl_title=\"Nikolaikirche; \u00a9 commons.wikimedia.org, JoachimKohlerBremen\" class=\"rl-gallery-link\" data-rl_caption=\"\" data-rel=\"lightbox-gallery-1\"><img src=\"https:\/\/sbt.ug.edu.pl\/wp-content\/uploads\/2019\/07\/R8A9-p2-Stralsund-4-Seestrasse_und_Nikolaikirche_Stralsund-1-768x512.jpg\" width=\"640\" height=\"427\" alt=\"\" \/><\/a><\/div><div class=\"rl-gallery-item\"><a href=\"https:\/\/sbt.ug.edu.pl\/wp-content\/uploads\/2019\/07\/R8A9-p3-Stralsund-5_Hafen-1.jpg\" title=\"Stralsunder Yachthafen; \u00a9 commons.wikimedia.org, Harald909\" data-rl_title=\"Stralsunder Yachthafen; \u00a9 commons.wikimedia.org, Harald909\" class=\"rl-gallery-link\" data-rl_caption=\"\" data-rel=\"lightbox-gallery-1\"><img src=\"https:\/\/sbt.ug.edu.pl\/wp-content\/uploads\/2019\/07\/R8A9-p3-Stralsund-5_Hafen-1-768x510.jpg\" width=\"640\" height=\"425\" alt=\"\" \/><\/a><\/div><div class=\"rl-gallery-item\"><a href=\"https:\/\/sbt.ug.edu.pl\/wp-content\/uploads\/2019\/07\/R8A9-p4-Ozeaneum_in_Stralsund_Eingang-1.jpg\" title=\"Oceaneum; \u00a9 commons.wikimedia.org, Klugschnacker\" data-rl_title=\"Oceaneum; \u00a9 commons.wikimedia.org, Klugschnacker\" class=\"rl-gallery-link\" data-rl_caption=\"\" data-rel=\"lightbox-gallery-1\"><img src=\"https:\/\/sbt.ug.edu.pl\/wp-content\/uploads\/2019\/07\/R8A9-p4-Ozeaneum_in_Stralsund_Eingang-1-768x576.jpg\" width=\"640\" height=\"480\" alt=\"\" \/><\/a><\/div><div class=\"rl-gallery-item\"><a href=\"https:\/\/sbt.ug.edu.pl\/wp-content\/uploads\/2019\/07\/R8A9-p5-18-Kopie-2-1.jpg\" title=\"F\u00e4hrstra\u00dfe; \u00a9 Freddie Bijkerk\" data-rl_title=\"F\u00e4hrstra\u00dfe; \u00a9 Freddie Bijkerk\" class=\"rl-gallery-link\" data-rl_caption=\"\" data-rel=\"lightbox-gallery-1\"><img src=\"https:\/\/sbt.ug.edu.pl\/wp-content\/uploads\/2019\/07\/R8A9-p5-18-Kopie-2-1-768x512.jpg\" width=\"640\" height=\"427\" alt=\"\" \/><\/a><\/div><div class=\"rl-gallery-item\"><a href=\"https:\/\/sbt.ug.edu.pl\/wp-content\/uploads\/2019\/07\/R8A9-p6-20-Kopie-2-1.jpg\" title=\"Badenstra\u00dfe-1; \u00a9 Freddie Bijkerk\" data-rl_title=\"Badenstra\u00dfe-1; \u00a9 Freddie Bijkerk\" class=\"rl-gallery-link\" data-rl_caption=\"\" data-rel=\"lightbox-gallery-1\"><img src=\"https:\/\/sbt.ug.edu.pl\/wp-content\/uploads\/2019\/07\/R8A9-p6-20-Kopie-2-1-768x1152.jpg\" width=\"640\" height=\"960\" alt=\"\" \/><\/a><\/div><div class=\"rl-gallery-item\"><a href=\"https:\/\/sbt.ug.edu.pl\/wp-content\/uploads\/2019\/07\/R8A9-p7-21-Kopie-2-1.jpg\" title=\"Badenstra\u00dfe; \u00a9 Freddie Bijkerk\" data-rl_title=\"Badenstra\u00dfe; \u00a9 Freddie Bijkerk\" class=\"rl-gallery-link\" data-rl_caption=\"\" data-rel=\"lightbox-gallery-1\"><img src=\"https:\/\/sbt.ug.edu.pl\/wp-content\/uploads\/2019\/07\/R8A9-p7-21-Kopie-2-1-768x1152.jpg\" width=\"640\" height=\"960\" alt=\"\" \/><\/a><\/div><div class=\"rl-gallery-item\"><a href=\"https:\/\/sbt.ug.edu.pl\/wp-content\/uploads\/2019\/07\/R8A9-p8-22-Kopie-2-1.jpg\" title=\"Alter Markt; \u00a9 Freddie Bijkerk\" data-rl_title=\"Alter Markt; \u00a9 Freddie Bijkerk\" class=\"rl-gallery-link\" data-rl_caption=\"\" data-rel=\"lightbox-gallery-1\"><img src=\"https:\/\/sbt.ug.edu.pl\/wp-content\/uploads\/2019\/07\/R8A9-p8-22-Kopie-2-1-768x512.jpg\" width=\"640\" height=\"427\" alt=\"\" \/><\/a><\/div><div class=\"rl-gallery-item\"><a href=\"https:\/\/sbt.ug.edu.pl\/wp-content\/uploads\/2019\/07\/R8A9-p9-19-Kopie-2-1.jpg\" title=\"Bechermacherstra\u00dfe; \u00a9 Freddie Bijkerk\" data-rl_title=\"Bechermacherstra\u00dfe; \u00a9 Freddie Bijkerk\" class=\"rl-gallery-link\" data-rl_caption=\"\" data-rel=\"lightbox-gallery-1\"><img src=\"https:\/\/sbt.ug.edu.pl\/wp-content\/uploads\/2019\/07\/R8A9-p9-19-Kopie-2-1-768x512.jpg\" width=\"640\" height=\"427\" alt=\"\" \/><\/a><\/div><div class=\"rl-gallery-item\"><a href=\"https:\/\/sbt.ug.edu.pl\/wp-content\/uploads\/2019\/07\/R8A9-p10-25-Kopie-2-1.jpg\" title=\"Altstadtinsel; \u00a9 Freddie Bijkerk\" data-rl_title=\"Altstadtinsel; \u00a9 Freddie Bijkerk\" class=\"rl-gallery-link\" data-rl_caption=\"\" data-rel=\"lightbox-gallery-1\"><img src=\"https:\/\/sbt.ug.edu.pl\/wp-content\/uploads\/2019\/07\/R8A9-p10-25-Kopie-2-1-768x512.jpg\" width=\"640\" height=\"427\" alt=\"\" \/><\/a><\/div> <\/div> <\/div><\/code><\/p>","protected":false},"excerpt":{"rendered":"<p>Tyv\u00e4rr \u00e4r denna artikel enbart tillg\u00e4nglig p\u00e5 Amerikansk Engelska, Tyska, Polska och Litauiska. For the sake of viewer convenience, the content is shown below in this site default language. You may click one of the links to switch the site language to another available language.LOCATION The Hanseatic City of Stralsund is located in northeastern Germany [&hellip;]<\/p>\n","protected":false},"author":3,"featured_media":0,"parent":490,"menu_order":0,"comment_status":"closed","ping_status":"closed","template":"","meta":[],"categories":[34,15,31],"tags":[],"_links":{"self":[{"href":"https:\/\/sbt.ug.edu.pl\/sv\/wp-json\/wp\/v2\/pages\/581"}],"collection":[{"href":"https:\/\/sbt.ug.edu.pl\/sv\/wp-json\/wp\/v2\/pages"}],"about":[{"href":"https:\/\/sbt.ug.edu.pl\/sv\/wp-json\/wp\/v2\/types\/page"}],"author":[{"embeddable":true,"href":"https:\/\/sbt.ug.edu.pl\/sv\/wp-json\/wp\/v2\/users\/3"}],"replies":[{"embeddable":true,"href":"https:\/\/sbt.ug.edu.pl\/sv\/wp-json\/wp\/v2\/comments?post=581"}],"version-history":[{"count":6,"href":"https:\/\/sbt.ug.edu.pl\/sv\/wp-json\/wp\/v2\/pages\/581\/revisions"}],"predecessor-version":[{"id":5753,"href":"https:\/\/sbt.ug.edu.pl\/sv\/wp-json\/wp\/v2\/pages\/581\/revisions\/5753"}],"up":[{"embeddable":true,"href":"https:\/\/sbt.ug.edu.pl\/sv\/wp-json\/wp\/v2\/pages\/490"}],"wp:attachment":[{"href":"https:\/\/sbt.ug.edu.pl\/sv\/wp-json\/wp\/v2\/media?parent=581"}],"wp:term":[{"taxonomy":"category","embeddable":true,"href":"https:\/\/sbt.ug.edu.pl\/sv\/wp-json\/wp\/v2\/categories?post=581"},{"taxonomy":"post_tag","embeddable":true,"href":"https:\/\/sbt.ug.edu.pl\/sv\/wp-json\/wp\/v2\/tags?post=581"}],"curies":[{"name":"wp","href":"https:\/\/api.w.org\/{rel}","templated":true}]}}