{"id":606,"date":"2018-12-23T17:04:29","date_gmt":"2018-12-23T16:04:29","guid":{"rendered":"http:\/\/southbaltic-tourist.eu\/?page_id=606"},"modified":"2019-08-17T18:46:39","modified_gmt":"2019-08-17T16:46:39","slug":"2-crown-salmon-fishing-in-morrum","status":"publish","type":"page","link":"https:\/\/sbt.ug.edu.pl\/sv\/routes\/wildlife-nature-trails-folkuniversitetet-sweden\/2-crown-salmon-fishing-in-morrum\/","title":{"rendered":"2. Crown Salmon Fishing In M\u00f6rrum"},"content":{"rendered":"<p class=\"qtranxs-available-languages-message qtranxs-available-languages-message-sv\">Tyv\u00e4rr \u00e4r denna artikel enbart tillg\u00e4nglig p\u00e5 <a href=\"https:\/\/sbt.ug.edu.pl\/en\/wp-json\/wp\/v2\/pages\/606\" class=\"qtranxs-available-language-link qtranxs-available-language-link-en\" title=\"English\">Amerikansk Engelska<\/a>, <a href=\"https:\/\/sbt.ug.edu.pl\/de\/wp-json\/wp\/v2\/pages\/606\" class=\"qtranxs-available-language-link qtranxs-available-language-link-de\" title=\"Deutsch\">Tyska<\/a> och <a href=\"https:\/\/sbt.ug.edu.pl\/pl\/wp-json\/wp\/v2\/pages\/606\" class=\"qtranxs-available-language-link qtranxs-available-language-link-pl\" title=\"Polski\">Polska<\/a>. For the sake of viewer convenience, the content is shown below in this site default language. You may click one of the links to switch the site language to another available language.<\/p><p><\/p>\n<p style=\"text-align: justify;\"><strong>LOCATION<\/strong><\/p>\n<p style=\"text-align: justify;\">M\u00f6rrum is located in Karlshamn in Blekinge, Sweden.<\/p>\n<p style=\"text-align: justify;\">56\u00b09\u203213\u2033N 14\u00b044\u203248\u2033E.<\/p>\n<p><img decoding=\"async\" loading=\"lazy\" class=\"alignnone wp-image-2832 size-full\" src=\"https:\/\/southbaltic-tourist.eu\/wp-content\/uploads\/2019\/07\/1.-Boskvarn-lake-R7.-A2.jpg\" alt=\"\" width=\"1600\" height=\"969\" srcset=\"https:\/\/sbt.ug.edu.pl\/wp-content\/uploads\/2019\/07\/1.-Boskvarn-lake-R7.-A2.jpg 1600w, https:\/\/sbt.ug.edu.pl\/wp-content\/uploads\/2019\/07\/1.-Boskvarn-lake-R7.-A2-300x182.jpg 300w, https:\/\/sbt.ug.edu.pl\/wp-content\/uploads\/2019\/07\/1.-Boskvarn-lake-R7.-A2-768x465.jpg 768w, https:\/\/sbt.ug.edu.pl\/wp-content\/uploads\/2019\/07\/1.-Boskvarn-lake-R7.-A2-1024x620.jpg 1024w, https:\/\/sbt.ug.edu.pl\/wp-content\/uploads\/2019\/07\/1.-Boskvarn-lake-R7.-A2-150x91.jpg 150w\" sizes=\"(max-width: 1600px) 100vw, 1600px\" \/><\/p>\n<p style=\"text-align: justify;\"><strong>SCENIC CHARACTER<br \/>\n<\/strong><\/p>\n<p style=\"text-align: justify;\">The M\u00f6rrum River is in a scenic area and besides fishing it offers the extraordinary experience of being close to nature. In the town of M\u00f6rrum you can rent rooms, bicycles or visit its many restaurants and cafes.<\/p>\n<p style=\"text-align: justify;\"><strong>ATTRACTIONS <\/strong><strong><br \/>\n<\/strong><\/p>\n<p style=\"text-align: justify;\">One of the biggest attractions of the area is crown salmon fishing in the M\u00f6rrum River. Whether you are on your own or a part of a group, a beginner or an experienced angler, guides can assist you in getting the most out of your salmon and sea trout fishing trip and get you closer to that catch of a lifetime. It is possible to rent both fly and spin fishing rods.<\/p>\n<p><code><div class=\"rl-gallery-container rl-loading\" id=\"rl-gallery-container-1\" data-gallery_id=\"2831\"> <div class=\"rl-gallery rl-basicgrid-gallery \" id=\"rl-gallery-1\" data-gallery_no=\"1\"> <div class=\"rl-gallery-item\"><a href=\"https:\/\/sbt.ug.edu.pl\/wp-content\/uploads\/2019\/07\/1.-Boskvarn-lake-R7.-A2.jpg\" title=\"1. Boskvarn lake north of Lindshammar where M\u00f6rrums\u00e5n rises; author: Bernt Fransson,Lind\u00e5s; License: CC BY 3.0\" data-rl_title=\"1. Boskvarn lake north of Lindshammar where M\u00f6rrums\u00e5n rises; author: Bernt Fransson,Lind\u00e5s; License: CC BY 3.0\" class=\"rl-gallery-link\" data-rl_caption=\"\" data-rel=\"lightbox-gallery-1\"><img src=\"https:\/\/sbt.ug.edu.pl\/wp-content\/uploads\/2019\/07\/1.-Boskvarn-lake-R7.-A2-768x465.jpg\" width=\"640\" height=\"388\" alt=\"\" \/><\/a><\/div><div class=\"rl-gallery-item\"><a href=\"https:\/\/sbt.ug.edu.pl\/wp-content\/uploads\/2019\/07\/2.-Blidingsholm-stone-bridge-over-the-M\u00f6rrum-river-R7.-A2.jpg\" title=\"2. Blidingsholm, stone bridge over the M\u00f6rrum river; author: Klugschnacker; License: CC BY 3.0\" data-rl_title=\"2. Blidingsholm, stone bridge over the M\u00f6rrum river; author: Klugschnacker; License: CC BY 3.0\" class=\"rl-gallery-link\" data-rl_caption=\"\" data-rel=\"lightbox-gallery-1\"><img src=\"https:\/\/sbt.ug.edu.pl\/wp-content\/uploads\/2019\/07\/2.-Blidingsholm-stone-bridge-over-the-M\u00f6rrum-river-R7.-A2-768x576.jpg\" width=\"640\" height=\"480\" alt=\"\" \/><\/a><\/div><div class=\"rl-gallery-item\"><a href=\"https:\/\/sbt.ug.edu.pl\/wp-content\/uploads\/2019\/07\/3.-M\u00f6rrum-river-R7.-A2.jpg\" title=\"3. M\u00f6rrum river; author: Entheta; License: CC BY 3.0\" data-rl_title=\"3. M\u00f6rrum river; author: Entheta; License: CC BY 3.0\" class=\"rl-gallery-link\" data-rl_caption=\"\" data-rel=\"lightbox-gallery-1\"><img src=\"https:\/\/sbt.ug.edu.pl\/wp-content\/uploads\/2019\/07\/3.-M\u00f6rrum-river-R7.-A2-768x512.jpg\" width=\"640\" height=\"427\" alt=\"\" \/><\/a><\/div><div class=\"rl-gallery-item\"><a href=\"https:\/\/sbt.ug.edu.pl\/wp-content\/uploads\/2019\/07\/4.-Ebbam\u00e5la-mill-R7.-A2.jpg\" title=\"4. Ebbam\u00e5la mill; author: Zeth Johansson; License: CC BY 3.0\" data-rl_title=\"4. Ebbam\u00e5la mill; author: Zeth Johansson; License: CC BY 3.0\" class=\"rl-gallery-link\" data-rl_caption=\"\" data-rel=\"lightbox-gallery-1\"><img src=\"https:\/\/sbt.ug.edu.pl\/wp-content\/uploads\/2019\/07\/4.-Ebbam\u00e5la-mill-R7.-A2-768x512.jpg\" width=\"640\" height=\"427\" alt=\"\" \/><\/a><\/div><div class=\"rl-gallery-item\"><a href=\"https:\/\/sbt.ug.edu.pl\/wp-content\/uploads\/2019\/07\/5.-Flyfishing-in-M\u00f6rrum-R7.-A2.jpg\" title=\"5. Flyfishing in M\u00f6rrum; author: Henrik s\u00f8vang; License: CC BY 3.0\" data-rl_title=\"5. Flyfishing in M\u00f6rrum; author: Henrik s\u00f8vang; License: CC BY 3.0\" class=\"rl-gallery-link\" data-rl_caption=\"\" data-rel=\"lightbox-gallery-1\"><img src=\"https:\/\/sbt.ug.edu.pl\/wp-content\/uploads\/2019\/07\/5.-Flyfishing-in-M\u00f6rrum-R7.-A2-768x576.jpg\" width=\"640\" height=\"480\" alt=\"\" \/><\/a><\/div> <\/div> <\/div><\/code><\/p>\n<p><a href=\"https:\/\/southbaltic-tourist.eu\/wp-content\/uploads\/2019\/08\/Photos-sources-data-R7.pdf\">Photos sources data R7<\/a> <\/p>","protected":false},"excerpt":{"rendered":"<p>Tyv\u00e4rr \u00e4r denna artikel enbart tillg\u00e4nglig p\u00e5 Amerikansk Engelska, Tyska och Polska. For the sake of viewer convenience, the content is shown below in this site default language. You may click one of the links to switch the site language to another available language. LOCATION M\u00f6rrum is located in Karlshamn in Blekinge, Sweden. 56\u00b09\u203213\u2033N 14\u00b044\u203248\u2033E. [&hellip;]<\/p>\n","protected":false},"author":3,"featured_media":0,"parent":488,"menu_order":0,"comment_status":"closed","ping_status":"closed","template":"","meta":[],"categories":[34,12,30],"tags":[],"_links":{"self":[{"href":"https:\/\/sbt.ug.edu.pl\/sv\/wp-json\/wp\/v2\/pages\/606"}],"collection":[{"href":"https:\/\/sbt.ug.edu.pl\/sv\/wp-json\/wp\/v2\/pages"}],"about":[{"href":"https:\/\/sbt.ug.edu.pl\/sv\/wp-json\/wp\/v2\/types\/page"}],"author":[{"embeddable":true,"href":"https:\/\/sbt.ug.edu.pl\/sv\/wp-json\/wp\/v2\/users\/3"}],"replies":[{"embeddable":true,"href":"https:\/\/sbt.ug.edu.pl\/sv\/wp-json\/wp\/v2\/comments?post=606"}],"version-history":[{"count":5,"href":"https:\/\/sbt.ug.edu.pl\/sv\/wp-json\/wp\/v2\/pages\/606\/revisions"}],"predecessor-version":[{"id":4528,"href":"https:\/\/sbt.ug.edu.pl\/sv\/wp-json\/wp\/v2\/pages\/606\/revisions\/4528"}],"up":[{"embeddable":true,"href":"https:\/\/sbt.ug.edu.pl\/sv\/wp-json\/wp\/v2\/pages\/488"}],"wp:attachment":[{"href":"https:\/\/sbt.ug.edu.pl\/sv\/wp-json\/wp\/v2\/media?parent=606"}],"wp:term":[{"taxonomy":"category","embeddable":true,"href":"https:\/\/sbt.ug.edu.pl\/sv\/wp-json\/wp\/v2\/categories?post=606"},{"taxonomy":"post_tag","embeddable":true,"href":"https:\/\/sbt.ug.edu.pl\/sv\/wp-json\/wp\/v2\/tags?post=606"}],"curies":[{"name":"wp","href":"https:\/\/api.w.org\/{rel}","templated":true}]}}