{"id":619,"date":"2018-12-23T17:18:35","date_gmt":"2018-12-23T16:18:35","guid":{"rendered":"http:\/\/southbaltic-tourist.eu\/?page_id=619"},"modified":"2019-08-17T18:51:26","modified_gmt":"2019-08-17T16:51:26","slug":"8-ystad-osterlen-trolling-fishing-paradis","status":"publish","type":"page","link":"https:\/\/sbt.ug.edu.pl\/sv\/routes\/wildlife-nature-trails-folkuniversitetet-sweden\/8-ystad-osterlen-trolling-fishing-paradis\/","title":{"rendered":"8. Ystad &#8211; \u00d6sterlen &#8211; Trolling -Fishing Paradis"},"content":{"rendered":"<p class=\"qtranxs-available-languages-message qtranxs-available-languages-message-sv\">Tyv\u00e4rr \u00e4r denna artikel enbart tillg\u00e4nglig p\u00e5 <a href=\"https:\/\/sbt.ug.edu.pl\/en\/wp-json\/wp\/v2\/pages\/619\" class=\"qtranxs-available-language-link qtranxs-available-language-link-en\" title=\"English\">Amerikansk Engelska<\/a>, <a href=\"https:\/\/sbt.ug.edu.pl\/de\/wp-json\/wp\/v2\/pages\/619\" class=\"qtranxs-available-language-link qtranxs-available-language-link-de\" title=\"Deutsch\">Tyska<\/a> och <a href=\"https:\/\/sbt.ug.edu.pl\/pl\/wp-json\/wp\/v2\/pages\/619\" class=\"qtranxs-available-language-link qtranxs-available-language-link-pl\" title=\"Polski\">Polska<\/a>. For the sake of viewer convenience, the content is shown below in this site default language. You may click one of the links to switch the site language to another available language.<\/p><p><\/p>\n<p style=\"text-align: justify;\"><strong>LOCATION<br \/>\n<\/strong><\/p>\n<p style=\"text-align: justify;\">The town of Ystad is the seat of Ystad Municipality, Sk\u00e5ne County, Sweden, with a population of 28,800 as of 2014. The settlement dates back to the 11th century and the town has become a busy ferry port, local administrative centre and tourist attraction. It is associated with the fictional detective Kurt Wallander whose stories, by Henning Mankell, are set primarily in Ystad and its nearby communities.<\/p>\n<p style=\"text-align: justify;\">Coordinates: <u>55\u00b025\u2032N 13\u00b050\u2032E.<\/u><\/p>\n<p><img decoding=\"async\" loading=\"lazy\" class=\"alignnone wp-image-2877 size-full\" src=\"https:\/\/southbaltic-tourist.eu\/wp-content\/uploads\/2019\/07\/1.-Ystad-Sk\u00e5ne-R7.-A8.jpg\" alt=\"\" width=\"1600\" height=\"1107\" srcset=\"https:\/\/sbt.ug.edu.pl\/wp-content\/uploads\/2019\/07\/1.-Ystad-Sk\u00e5ne-R7.-A8.jpg 1600w, https:\/\/sbt.ug.edu.pl\/wp-content\/uploads\/2019\/07\/1.-Ystad-Sk\u00e5ne-R7.-A8-300x208.jpg 300w, https:\/\/sbt.ug.edu.pl\/wp-content\/uploads\/2019\/07\/1.-Ystad-Sk\u00e5ne-R7.-A8-768x531.jpg 768w, https:\/\/sbt.ug.edu.pl\/wp-content\/uploads\/2019\/07\/1.-Ystad-Sk\u00e5ne-R7.-A8-1024x708.jpg 1024w, https:\/\/sbt.ug.edu.pl\/wp-content\/uploads\/2019\/07\/1.-Ystad-Sk\u00e5ne-R7.-A8-150x104.jpg 150w\" sizes=\"(max-width: 1600px) 100vw, 1600px\" \/><\/p>\n<p style=\"text-align: justify;\"><strong>SCENIC CHARACTER<\/strong><\/p>\n<p style=\"text-align: justify;\">Here you can spend relaxing days fishing on the beach or venture into the forest by bike or on foot. You can get lovely food at several restaurants.<\/p>\n<p style=\"text-align: justify;\"><strong>ATTRACTIONS<br \/>\n<\/strong><\/p>\n<p style=\"text-align: justify;\">Relaxing trawler charter for salmon or wreck fishing for cod at sea. When spinning and fly-fishing you can catch both sea trout and pike on the long and varied coast. The biggest salmon, sea trout and cod live in this area of the Baltic sea, so rent a boat (with or without a guide) or just grab your rod and pull your waders on.<\/p>\n<p style=\"text-align: justify;\">All types of fishing are available in this area\u2019s varied waters. Excellent fishing spots are dotted along the coast where, on top of the trout and cod, garfish and flounder populate the sea. Lakes, rivers and ponds are within easy reach. These add to the wonderful scenery on offer and make the fishing even more varied and exciting, for amateurs and professionals.<\/p>\n<p><code><div class=\"rl-gallery-container rl-loading\" id=\"rl-gallery-container-1\" data-gallery_id=\"2876\"> <div class=\"rl-gallery rl-basicgrid-gallery \" id=\"rl-gallery-1\" data-gallery_no=\"1\"> <div class=\"rl-gallery-item\"><a href=\"https:\/\/sbt.ug.edu.pl\/wp-content\/uploads\/2019\/07\/1.-Ystad-Sk\u00e5ne-R7.-A8.jpg\" title=\"1. Ystad, Sk\u00e5ne; author: Maria Eklind; License: CC BY 2.0\" data-rl_title=\"1. Ystad, Sk\u00e5ne; author: Maria Eklind; License: CC BY 2.0\" class=\"rl-gallery-link\" data-rl_caption=\"\" data-rel=\"lightbox-gallery-1\"><img src=\"https:\/\/sbt.ug.edu.pl\/wp-content\/uploads\/2019\/07\/1.-Ystad-Sk\u00e5ne-R7.-A8-768x531.jpg\" width=\"640\" height=\"443\" alt=\"\" \/><\/a><\/div><div class=\"rl-gallery-item\"><a href=\"https:\/\/sbt.ug.edu.pl\/wp-content\/uploads\/2019\/07\/2.-Ystad-Stortorget-R7.-A8.jpg\" title=\"2. Ystad - Stortorget; author: Sjaak Kempe; License: CC BY 2.0\" data-rl_title=\"2. Ystad - Stortorget; author: Sjaak Kempe; License: CC BY 2.0\" class=\"rl-gallery-link\" data-rl_caption=\"\" data-rel=\"lightbox-gallery-1\"><img src=\"https:\/\/sbt.ug.edu.pl\/wp-content\/uploads\/2019\/07\/2.-Ystad-Stortorget-R7.-A8-768x508.jpg\" width=\"640\" height=\"423\" alt=\"\" \/><\/a><\/div><div class=\"rl-gallery-item\"><a href=\"https:\/\/sbt.ug.edu.pl\/wp-content\/uploads\/2019\/07\/3.-Ystad-Saltsj\u00f6bad-R7.-A8.jpg\" title=\"3. Ystad Saltsj\u00f6bad; author: Foto: Jonn Leffmann; License: CC BY-SA 3.0\" data-rl_title=\"3. Ystad Saltsj\u00f6bad; author: Foto: Jonn Leffmann; License: CC BY-SA 3.0\" class=\"rl-gallery-link\" data-rl_caption=\"\" data-rel=\"lightbox-gallery-1\"><img src=\"https:\/\/sbt.ug.edu.pl\/wp-content\/uploads\/2019\/07\/3.-Ystad-Saltsj\u00f6bad-R7.-A8-768x314.jpg\" width=\"640\" height=\"262\" alt=\"\" \/><\/a><\/div><div class=\"rl-gallery-item\"><a href=\"https:\/\/sbt.ug.edu.pl\/wp-content\/uploads\/2019\/07\/4.-Street-in-Ystad-Sweden-R7.-A8.jpg\" title=\"4. Street in Ystad, Sweden; author: Alexander Waltner; License: CC BY 2.0\" data-rl_title=\"4. Street in Ystad, Sweden; author: Alexander Waltner; License: CC BY 2.0\" class=\"rl-gallery-link\" data-rl_caption=\"\" data-rel=\"lightbox-gallery-1\"><img src=\"https:\/\/sbt.ug.edu.pl\/wp-content\/uploads\/2019\/07\/4.-Street-in-Ystad-Sweden-R7.-A8-768x512.jpg\" width=\"640\" height=\"427\" alt=\"\" \/><\/a><\/div> <\/div> <\/div><\/code><\/p>\n<p>&nbsp; <\/p>","protected":false},"excerpt":{"rendered":"<p>Tyv\u00e4rr \u00e4r denna artikel enbart tillg\u00e4nglig p\u00e5 Amerikansk Engelska, Tyska och Polska. For the sake of viewer convenience, the content is shown below in this site default language. You may click one of the links to switch the site language to another available language. LOCATION The town of Ystad is the seat of Ystad Municipality, [&hellip;]<\/p>\n","protected":false},"author":3,"featured_media":0,"parent":488,"menu_order":0,"comment_status":"closed","ping_status":"closed","template":"","meta":[],"categories":[34,12,30],"tags":[],"_links":{"self":[{"href":"https:\/\/sbt.ug.edu.pl\/sv\/wp-json\/wp\/v2\/pages\/619"}],"collection":[{"href":"https:\/\/sbt.ug.edu.pl\/sv\/wp-json\/wp\/v2\/pages"}],"about":[{"href":"https:\/\/sbt.ug.edu.pl\/sv\/wp-json\/wp\/v2\/types\/page"}],"author":[{"embeddable":true,"href":"https:\/\/sbt.ug.edu.pl\/sv\/wp-json\/wp\/v2\/users\/3"}],"replies":[{"embeddable":true,"href":"https:\/\/sbt.ug.edu.pl\/sv\/wp-json\/wp\/v2\/comments?post=619"}],"version-history":[{"count":5,"href":"https:\/\/sbt.ug.edu.pl\/sv\/wp-json\/wp\/v2\/pages\/619\/revisions"}],"predecessor-version":[{"id":4534,"href":"https:\/\/sbt.ug.edu.pl\/sv\/wp-json\/wp\/v2\/pages\/619\/revisions\/4534"}],"up":[{"embeddable":true,"href":"https:\/\/sbt.ug.edu.pl\/sv\/wp-json\/wp\/v2\/pages\/488"}],"wp:attachment":[{"href":"https:\/\/sbt.ug.edu.pl\/sv\/wp-json\/wp\/v2\/media?parent=619"}],"wp:term":[{"taxonomy":"category","embeddable":true,"href":"https:\/\/sbt.ug.edu.pl\/sv\/wp-json\/wp\/v2\/categories?post=619"},{"taxonomy":"post_tag","embeddable":true,"href":"https:\/\/sbt.ug.edu.pl\/sv\/wp-json\/wp\/v2\/tags?post=619"}],"curies":[{"name":"wp","href":"https:\/\/api.w.org\/{rel}","templated":true}]}}