{"id":626,"date":"2018-12-23T17:25:48","date_gmt":"2018-12-23T16:25:48","guid":{"rendered":"http:\/\/southbaltic-tourist.eu\/?page_id=626"},"modified":"2019-08-17T18:53:53","modified_gmt":"2019-08-17T16:53:53","slug":"11-elblag-canal-ship-excursion","status":"publish","type":"page","link":"https:\/\/sbt.ug.edu.pl\/sv\/routes\/wildlife-nature-trails-folkuniversitetet-sweden\/11-elblag-canal-ship-excursion\/","title":{"rendered":"(English) 11. ELBL\u0104G CANAL SHIP EXCURSION"},"content":{"rendered":"<p class=\"qtranxs-available-languages-message qtranxs-available-languages-message-sv\">Tyv\u00e4rr \u00e4r denna artikel enbart tillg\u00e4nglig p\u00e5 <a href=\"https:\/\/sbt.ug.edu.pl\/en\/wp-json\/wp\/v2\/pages\/626\" class=\"qtranxs-available-language-link qtranxs-available-language-link-en\" title=\"English\">Amerikansk Engelska<\/a>, <a href=\"https:\/\/sbt.ug.edu.pl\/de\/wp-json\/wp\/v2\/pages\/626\" class=\"qtranxs-available-language-link qtranxs-available-language-link-de\" title=\"Deutsch\">Tyska<\/a> och <a href=\"https:\/\/sbt.ug.edu.pl\/pl\/wp-json\/wp\/v2\/pages\/626\" class=\"qtranxs-available-language-link qtranxs-available-language-link-pl\" title=\"Polski\">Polska<\/a>. For the sake of viewer convenience, the content is shown below in this site default language. You may click one of the links to switch the site language to another available language.<\/p><p><strong>LOCATION<\/strong><\/p>\n<p style=\"text-align: justify;\">Elbl\u0105g Canal, located in northern Poland, in the Warmian-Masurian Voivodeship, runs southward from Lake Dru\u017cno. It is connected to the Vistula Lagoon by the river Elbl\u0105g and is also connected to the river Drw\u0119ca and Jeziorak Lake.<\/p>\n<p><img decoding=\"async\" loading=\"lazy\" class=\"alignnone wp-image-2900 size-full\" src=\"https:\/\/southbaltic-tourist.eu\/wp-content\/uploads\/2019\/07\/1.-Elbl\u0105g-Canal-R7.-A11.jpg\" alt=\"\" width=\"1600\" height=\"1200\" srcset=\"https:\/\/sbt.ug.edu.pl\/wp-content\/uploads\/2019\/07\/1.-Elbl\u0105g-Canal-R7.-A11.jpg 1600w, https:\/\/sbt.ug.edu.pl\/wp-content\/uploads\/2019\/07\/1.-Elbl\u0105g-Canal-R7.-A11-300x225.jpg 300w, https:\/\/sbt.ug.edu.pl\/wp-content\/uploads\/2019\/07\/1.-Elbl\u0105g-Canal-R7.-A11-768x576.jpg 768w, https:\/\/sbt.ug.edu.pl\/wp-content\/uploads\/2019\/07\/1.-Elbl\u0105g-Canal-R7.-A11-1024x768.jpg 1024w, https:\/\/sbt.ug.edu.pl\/wp-content\/uploads\/2019\/07\/1.-Elbl\u0105g-Canal-R7.-A11-150x113.jpg 150w, https:\/\/sbt.ug.edu.pl\/wp-content\/uploads\/2019\/07\/1.-Elbl\u0105g-Canal-R7.-A11-136x102.jpg 136w\" sizes=\"(max-width: 1600px) 100vw, 1600px\" \/><\/p>\n<p style=\"text-align: justify;\"><strong>UNIQUE CRUISE<\/strong><\/p>\n<p style=\"text-align: justify;\">It is one of only two places in the world where ships can sail over grass and up a hill using a system of inclined ramps, but this is the only place in the world where the original 19th century machinery is still in use. Cruises from Ostr\u00f3da to Elbl\u0105g take up to 11 hours and this section is about 82 kilometres long. Thanks to the five inclined ramps (at Buczyniec, Ca\u0142uny, Jelenie, K\u0105ty and Ole\u015bnica) and two locks (at Mi\u0142omyn and Zielona) a ship can travel 104 metres away from the elevation of the lake waters.<\/p>\n<p style=\"text-align: justify;\">On this journey you can admire stunning views of the surrounding nature and the opportunity is taken by about 40,000 tourists each year. Elbl\u0105g Canal is a fascinating relic; in 2011 it was announced an official historic monument. The Canal is 151 years old but due to the amazing design of Prussian engineer Georg Jacob Stenke it still works perfectly.<\/p>\n<p style=\"text-align: justify;\"><strong>ATTRACTIONS <\/strong><\/p>\n<p style=\"text-align: justify;\">The canal is a supreme example of man\u2019s ability to combine nature with machinery. The 9.6 kilometres between Piniewski and Druzno Lake is the most distinctive section of the canal \u2013 on this stretch boats are lowered 99.5m on 2.3km-long rails. The biggest achievement is the fact that no electricity or fuel is used in this process, the power of water and waterwheel being enough. Inclined ramps are not the only attraction of Elbl\u0105g Canal &#8211; you can also find four lock-chambers, weirs, reduced channel and security gates. Between Mi\u0142om\u0142yn and Jeziorak Lakes and 1.5m under the surface is mounted a 485m-long dyke in which the canal was dug.<\/p>\n<p style=\"text-align: justify;\">It would be a shame to forget your binoculars and camera because Elbl\u0105g Canal has many great views. If you start your trip in Elblag early enough in the morning, you can see up to 200 different species of birds. It is especially worth going to Lake Druzno to observe its wealth of waterfowl &#8211; herons, grebes, coots and swans. While on the cruise, you can spot a memorial obelisk, which was erected to honour the architect George Jacob Steenke. In addition to regular cruises you can also rent a boat to organize banquets, conferences, team-building trips, school or company tours and even have a party on board.<\/p>\n<p><code><div class=\"rl-gallery-container rl-loading\" id=\"rl-gallery-container-1\" data-gallery_id=\"2899\"> <div class=\"rl-gallery rl-basicgrid-gallery \" id=\"rl-gallery-1\" data-gallery_no=\"1\"> <div class=\"rl-gallery-item\"><a href=\"https:\/\/sbt.ug.edu.pl\/wp-content\/uploads\/2019\/07\/1.-Elbl\u0105g-Canal-R7.-A11.jpg\" title=\"1. Elbl\u0105g Canal; author: Piotr Waglowski; License: Free to use\" data-rl_title=\"1. Elbl\u0105g Canal; author: Piotr Waglowski; License: Free to use\" class=\"rl-gallery-link\" data-rl_caption=\"\" data-rel=\"lightbox-gallery-1\"><img src=\"https:\/\/sbt.ug.edu.pl\/wp-content\/uploads\/2019\/07\/1.-Elbl\u0105g-Canal-R7.-A11-768x576.jpg\" width=\"640\" height=\"480\" alt=\"\" \/><\/a><\/div><div class=\"rl-gallery-item\"><a href=\"https:\/\/sbt.ug.edu.pl\/wp-content\/uploads\/2019\/07\/2.-Elbl\u0105g-Canal-R7.-A11.jpg\" title=\"2. Elbl\u0105g Canal; author: Piotr Waglowski; License: Free to use\" data-rl_title=\"2. Elbl\u0105g Canal; author: Piotr Waglowski; License: Free to use\" class=\"rl-gallery-link\" data-rl_caption=\"\" data-rel=\"lightbox-gallery-1\"><img src=\"https:\/\/sbt.ug.edu.pl\/wp-content\/uploads\/2019\/07\/2.-Elbl\u0105g-Canal-R7.-A11-768x1024.jpg\" width=\"640\" height=\"853\" alt=\"\" \/><\/a><\/div><div class=\"rl-gallery-item\"><a href=\"https:\/\/sbt.ug.edu.pl\/wp-content\/uploads\/2019\/07\/3.-Elbl\u0105g-Ostr\u00f3da-Canal-R7.-A11.jpg\" title=\"3. Elbl\u0105g-Ostr\u00f3da anal; author: M.Minderhoud ; License: CC BY 1.0\" data-rl_title=\"3. Elbl\u0105g-Ostr\u00f3da anal; author: M.Minderhoud ; License: CC BY 1.0\" class=\"rl-gallery-link\" data-rl_caption=\"\" data-rel=\"lightbox-gallery-1\"><img src=\"https:\/\/sbt.ug.edu.pl\/wp-content\/uploads\/2019\/07\/3.-Elbl\u0105g-Ostr\u00f3da-Canal-R7.-A11-768x1024.jpg\" width=\"640\" height=\"853\" alt=\"\" \/><\/a><\/div><div class=\"rl-gallery-item\"><a href=\"https:\/\/sbt.ug.edu.pl\/wp-content\/uploads\/2019\/07\/4.-Elbl\u0105g-Canal-R7.-A11.jpg\" title=\"4. Elbl\u0105g Canal; author: Piotr Waglowski; License: Free to use\" data-rl_title=\"4. Elbl\u0105g Canal; author: Piotr Waglowski; License: Free to use\" class=\"rl-gallery-link\" data-rl_caption=\"\" data-rel=\"lightbox-gallery-1\"><img src=\"https:\/\/sbt.ug.edu.pl\/wp-content\/uploads\/2019\/07\/4.-Elbl\u0105g-Canal-R7.-A11-768x576.jpg\" width=\"640\" height=\"480\" alt=\"\" \/><\/a><\/div><div class=\"rl-gallery-item\"><a href=\"https:\/\/sbt.ug.edu.pl\/wp-content\/uploads\/2019\/07\/5.-Beach-in-Jastarnia-Hel-Peninsula-R7.-A11.jpg\" title=\"5. Beach in Jastarnia, Hel Peninsula; author: kkic; License: CC BY-SA 4.0\" data-rl_title=\"5. Beach in Jastarnia, Hel Peninsula; author: kkic; License: CC BY-SA 4.0\" class=\"rl-gallery-link\" data-rl_caption=\"\" data-rel=\"lightbox-gallery-1\"><img src=\"https:\/\/sbt.ug.edu.pl\/wp-content\/uploads\/2019\/07\/5.-Beach-in-Jastarnia-Hel-Peninsula-R7.-A11-768x568.jpg\" width=\"640\" height=\"473\" alt=\"\" \/><\/a><\/div><div class=\"rl-gallery-item\"><a href=\"https:\/\/sbt.ug.edu.pl\/wp-content\/uploads\/2019\/07\/6.-Elbl\u0105g-Canal-R7.-A11.jpg\" title=\"6. Elbl\u0105g Canal; author: Piotr Waglowski; License: CC BY-SA 2.5\" data-rl_title=\"6. Elbl\u0105g Canal; author: Piotr Waglowski; License: CC BY-SA 2.5\" class=\"rl-gallery-link\" data-rl_caption=\"\" data-rel=\"lightbox-gallery-1\"><img src=\"https:\/\/sbt.ug.edu.pl\/wp-content\/uploads\/2019\/07\/6.-Elbl\u0105g-Canal-R7.-A11-768x512.jpg\" width=\"640\" height=\"427\" alt=\"\" \/><\/a><\/div><div class=\"rl-gallery-item\"><a href=\"https:\/\/sbt.ug.edu.pl\/wp-content\/uploads\/2019\/07\/7.-Buczyniec-slipway-in-the-Elbl\u0105g-Canal-complex-R7.-A11.jpg\" title=\"7. Buczyniec slipway in the Elbl\u0105g Canal complex; author: rysnal; License: CC BY-SA 3.0\" data-rl_title=\"7. Buczyniec slipway in the Elbl\u0105g Canal complex; author: rysnal; License: CC BY-SA 3.0\" class=\"rl-gallery-link\" data-rl_caption=\"\" data-rel=\"lightbox-gallery-1\"><img src=\"https:\/\/sbt.ug.edu.pl\/wp-content\/uploads\/2019\/07\/7.-Buczyniec-slipway-in-the-Elbl\u0105g-Canal-complex-R7.-A11-768x576.jpg\" width=\"640\" height=\"480\" alt=\"\" \/><\/a><\/div><div class=\"rl-gallery-item\"><a href=\"https:\/\/sbt.ug.edu.pl\/wp-content\/uploads\/2019\/07\/8.-Elbl\u0105g-Canal-R7.-A11.jpg\" title=\"8. Elbl\u0105g Canal; author: Piotr VaGla Waglowski; License: Free to use\" data-rl_title=\"8. Elbl\u0105g Canal; author: Piotr VaGla Waglowski; License: Free to use\" class=\"rl-gallery-link\" data-rl_caption=\"\" data-rel=\"lightbox-gallery-1\"><img src=\"https:\/\/sbt.ug.edu.pl\/wp-content\/uploads\/2019\/07\/8.-Elbl\u0105g-Canal-R7.-A11-768x576.jpg\" width=\"640\" height=\"480\" alt=\"\" \/><\/a><\/div> <\/div> <\/div><\/code><\/p>\n<p><a href=\"https:\/\/southbaltic-tourist.eu\/wp-content\/uploads\/2019\/08\/Photos-sources-data-R7.pdf\">Photos sources data R7<\/a> <\/p>","protected":false},"excerpt":{"rendered":"<p>Tyv\u00e4rr \u00e4r denna artikel enbart tillg\u00e4nglig p\u00e5 Amerikansk Engelska, Tyska och Polska. For the sake of viewer convenience, the content is shown below in this site default language. You may click one of the links to switch the site language to another available language.LOCATION Elbl\u0105g Canal, located in northern Poland, in the Warmian-Masurian Voivodeship, runs [&hellip;]<\/p>\n","protected":false},"author":3,"featured_media":0,"parent":488,"menu_order":0,"comment_status":"closed","ping_status":"closed","template":"","meta":[],"categories":[34,12,30],"tags":[],"_links":{"self":[{"href":"https:\/\/sbt.ug.edu.pl\/sv\/wp-json\/wp\/v2\/pages\/626"}],"collection":[{"href":"https:\/\/sbt.ug.edu.pl\/sv\/wp-json\/wp\/v2\/pages"}],"about":[{"href":"https:\/\/sbt.ug.edu.pl\/sv\/wp-json\/wp\/v2\/types\/page"}],"author":[{"embeddable":true,"href":"https:\/\/sbt.ug.edu.pl\/sv\/wp-json\/wp\/v2\/users\/3"}],"replies":[{"embeddable":true,"href":"https:\/\/sbt.ug.edu.pl\/sv\/wp-json\/wp\/v2\/comments?post=626"}],"version-history":[{"count":5,"href":"https:\/\/sbt.ug.edu.pl\/sv\/wp-json\/wp\/v2\/pages\/626\/revisions"}],"predecessor-version":[{"id":4537,"href":"https:\/\/sbt.ug.edu.pl\/sv\/wp-json\/wp\/v2\/pages\/626\/revisions\/4537"}],"up":[{"embeddable":true,"href":"https:\/\/sbt.ug.edu.pl\/sv\/wp-json\/wp\/v2\/pages\/488"}],"wp:attachment":[{"href":"https:\/\/sbt.ug.edu.pl\/sv\/wp-json\/wp\/v2\/media?parent=626"}],"wp:term":[{"taxonomy":"category","embeddable":true,"href":"https:\/\/sbt.ug.edu.pl\/sv\/wp-json\/wp\/v2\/categories?post=626"},{"taxonomy":"post_tag","embeddable":true,"href":"https:\/\/sbt.ug.edu.pl\/sv\/wp-json\/wp\/v2\/tags?post=626"}],"curies":[{"name":"wp","href":"https:\/\/api.w.org\/{rel}","templated":true}]}}