{"id":646,"date":"2018-12-23T17:42:31","date_gmt":"2018-12-23T16:42:31","guid":{"rendered":"http:\/\/southbaltic-tourist.eu\/?page_id=646"},"modified":"2019-08-17T19:02:26","modified_gmt":"2019-08-17T17:02:26","slug":"20-bird-watching-in-zemaitija-national-park","status":"publish","type":"page","link":"https:\/\/sbt.ug.edu.pl\/sv\/routes\/wildlife-nature-trails-folkuniversitetet-sweden\/20-bird-watching-in-zemaitija-national-park\/","title":{"rendered":"20. Bird Watching In Zemaitija National Park"},"content":{"rendered":"<p class=\"qtranxs-available-languages-message qtranxs-available-languages-message-sv\">Tyv\u00e4rr \u00e4r denna artikel enbart tillg\u00e4nglig p\u00e5 <a href=\"https:\/\/sbt.ug.edu.pl\/en\/wp-json\/wp\/v2\/pages\/646\" class=\"qtranxs-available-language-link qtranxs-available-language-link-en\" title=\"English\">Amerikansk Engelska<\/a>, <a href=\"https:\/\/sbt.ug.edu.pl\/de\/wp-json\/wp\/v2\/pages\/646\" class=\"qtranxs-available-language-link qtranxs-available-language-link-de\" title=\"Deutsch\">Tyska<\/a> och <a href=\"https:\/\/sbt.ug.edu.pl\/pl\/wp-json\/wp\/v2\/pages\/646\" class=\"qtranxs-available-language-link qtranxs-available-language-link-pl\" title=\"Polski\">Polska<\/a>. For the sake of viewer convenience, the content is shown below in this site default language. You may click one of the links to switch the site language to another available language.<\/p><p><\/p>\n<p style=\"text-align: justify;\"><strong>LOCATION<\/strong><\/p>\n<p style=\"text-align: justify;\">\u017demaitija National Park is in Tel\u0161iai County in the north-western part of Lithuania , about 45 km from the Baltic Sea. Coordinator 56 \u00b0 2&#8217;40 &#8221;N 21 \u00b0 49&#8217;10&#8243;E.<\/p>\n<p><img decoding=\"async\" loading=\"lazy\" class=\"alignnone wp-image-2967 size-full\" src=\"https:\/\/southbaltic-tourist.eu\/wp-content\/uploads\/2019\/07\/1.-Pheasant-R7.-A20.jpg\" alt=\"\" width=\"1280\" height=\"841\" srcset=\"https:\/\/sbt.ug.edu.pl\/wp-content\/uploads\/2019\/07\/1.-Pheasant-R7.-A20.jpg 1280w, https:\/\/sbt.ug.edu.pl\/wp-content\/uploads\/2019\/07\/1.-Pheasant-R7.-A20-300x197.jpg 300w, https:\/\/sbt.ug.edu.pl\/wp-content\/uploads\/2019\/07\/1.-Pheasant-R7.-A20-768x505.jpg 768w, https:\/\/sbt.ug.edu.pl\/wp-content\/uploads\/2019\/07\/1.-Pheasant-R7.-A20-1024x673.jpg 1024w, https:\/\/sbt.ug.edu.pl\/wp-content\/uploads\/2019\/07\/1.-Pheasant-R7.-A20-150x99.jpg 150w\" sizes=\"(max-width: 1280px) 100vw, 1280px\" \/><\/p>\n<p style=\"text-align: justify;\"><strong>SCENIC CHARACTER<\/strong><\/p>\n<p style=\"text-align: justify;\">There are nearly 183 bird species to be spotted in the park, 38 of which are extremely rare. In addition, the Park is home to 10 different species of bat. You can discover the beauty of Plateliai &#8211; the largest and deepest lake in the Zemaitija region &#8211; famous for its gorgeous natural surroundings and its cultural significance.<\/p>\n<p style=\"text-align: justify;\">The crystal-clear waters sightseeing is sometimes called the \u201cWet Experience\u201d \u2013 a combination of leisure paddling and a gourmet picnic. The Crystal-Clear tour takes you along a well-known path of Plateliai archipelago in its unique, entertaining and memorable way.<\/p>\n<p style=\"text-align: justify;\"><strong>ATTRACTIONS<br \/>\n<\/strong>Twenty herds of ostriches are officially registered in Lithuania. At present, the fields are grazed by 586 individual birds. There are also 24 flocks of pheasants in the country (1748 individual birds).<\/p>\n<p><strong> <code><div class=\"rl-gallery-container rl-loading\" id=\"rl-gallery-container-1\" data-gallery_id=\"2966\"> <div class=\"rl-gallery rl-basicgrid-gallery \" id=\"rl-gallery-1\" data-gallery_no=\"1\"> <div class=\"rl-gallery-item\"><a href=\"https:\/\/sbt.ug.edu.pl\/wp-content\/uploads\/2019\/07\/1.-Pheasant-R7.-A20.jpg\" title=\"1. Pheasant; author: gary noon; License: CC\" data-rl_title=\"1. Pheasant; author: gary noon; License: CC\" class=\"rl-gallery-link\" data-rl_caption=\"\" data-rel=\"lightbox-gallery-1\"><img src=\"https:\/\/sbt.ug.edu.pl\/wp-content\/uploads\/2019\/07\/1.-Pheasant-R7.-A20-768x505.jpg\" width=\"640\" height=\"421\" alt=\"\" \/><\/a><\/div><div class=\"rl-gallery-item\"><a href=\"https:\/\/sbt.ug.edu.pl\/wp-content\/uploads\/2019\/07\/2.-An-adult-White-Stork-R7.-A20.jpg\" title=\"2. An adult White Stork; author: Frank Vassen; License: CC\" data-rl_title=\"2. An adult White Stork; author: Frank Vassen; License: CC\" class=\"rl-gallery-link\" data-rl_caption=\"\" data-rel=\"lightbox-gallery-1\"><img src=\"https:\/\/sbt.ug.edu.pl\/wp-content\/uploads\/2019\/07\/2.-An-adult-White-Stork-R7.-A20-768x576.jpg\" width=\"640\" height=\"480\" alt=\"\" \/><\/a><\/div><div class=\"rl-gallery-item\"><a href=\"https:\/\/sbt.ug.edu.pl\/wp-content\/uploads\/2019\/07\/3.-Ostrich-farm-R7.-A20.jpg\" title=\"3. Ostrich farm; author: Algirdas; License: CC BY 3.0\" data-rl_title=\"3. Ostrich farm; author: Algirdas; License: CC BY 3.0\" class=\"rl-gallery-link\" data-rl_caption=\"\" data-rel=\"lightbox-gallery-1\"><img src=\"https:\/\/sbt.ug.edu.pl\/wp-content\/uploads\/2019\/07\/3.-Ostrich-farm-R7.-A20-768x821.jpg\" width=\"640\" height=\"684\" alt=\"\" \/><\/a><\/div> <\/div> <\/div><\/code><\/strong><\/p>\n<p><a href=\"https:\/\/southbaltic-tourist.eu\/wp-content\/uploads\/2019\/08\/Photos-sources-data-R7.pdf\">Photos sources data R7<\/a> <\/p>","protected":false},"excerpt":{"rendered":"<p>Tyv\u00e4rr \u00e4r denna artikel enbart tillg\u00e4nglig p\u00e5 Amerikansk Engelska, Tyska och Polska. For the sake of viewer convenience, the content is shown below in this site default language. You may click one of the links to switch the site language to another available language. LOCATION \u017demaitija National Park is in Tel\u0161iai County in the north-western [&hellip;]<\/p>\n","protected":false},"author":3,"featured_media":0,"parent":488,"menu_order":0,"comment_status":"closed","ping_status":"closed","template":"","meta":[],"categories":[34,15,30],"tags":[],"_links":{"self":[{"href":"https:\/\/sbt.ug.edu.pl\/sv\/wp-json\/wp\/v2\/pages\/646"}],"collection":[{"href":"https:\/\/sbt.ug.edu.pl\/sv\/wp-json\/wp\/v2\/pages"}],"about":[{"href":"https:\/\/sbt.ug.edu.pl\/sv\/wp-json\/wp\/v2\/types\/page"}],"author":[{"embeddable":true,"href":"https:\/\/sbt.ug.edu.pl\/sv\/wp-json\/wp\/v2\/users\/3"}],"replies":[{"embeddable":true,"href":"https:\/\/sbt.ug.edu.pl\/sv\/wp-json\/wp\/v2\/comments?post=646"}],"version-history":[{"count":8,"href":"https:\/\/sbt.ug.edu.pl\/sv\/wp-json\/wp\/v2\/pages\/646\/revisions"}],"predecessor-version":[{"id":4546,"href":"https:\/\/sbt.ug.edu.pl\/sv\/wp-json\/wp\/v2\/pages\/646\/revisions\/4546"}],"up":[{"embeddable":true,"href":"https:\/\/sbt.ug.edu.pl\/sv\/wp-json\/wp\/v2\/pages\/488"}],"wp:attachment":[{"href":"https:\/\/sbt.ug.edu.pl\/sv\/wp-json\/wp\/v2\/media?parent=646"}],"wp:term":[{"taxonomy":"category","embeddable":true,"href":"https:\/\/sbt.ug.edu.pl\/sv\/wp-json\/wp\/v2\/categories?post=646"},{"taxonomy":"post_tag","embeddable":true,"href":"https:\/\/sbt.ug.edu.pl\/sv\/wp-json\/wp\/v2\/tags?post=646"}],"curies":[{"name":"wp","href":"https:\/\/api.w.org\/{rel}","templated":true}]}}