{"id":83,"date":"2018-06-06T09:58:05","date_gmt":"2018-06-06T07:58:05","guid":{"rendered":"http:\/\/eduproj.elcs.nazwa.pl\/?page_id=83"},"modified":"2019-12-28T18:51:53","modified_gmt":"2019-12-28T18:51:53","slug":"gallery","status":"publish","type":"page","link":"https:\/\/sbt.ug.edu.pl\/sv\/gallery\/","title":{"rendered":"Gallery"},"content":{"rendered":"<p class=\"qtranxs-available-languages-message qtranxs-available-languages-message-sv\">Tyv\u00e4rr \u00e4r denna artikel enbart tillg\u00e4nglig p\u00e5 <a href=\"https:\/\/sbt.ug.edu.pl\/en\/wp-json\/wp\/v2\/pages\/83\" class=\"qtranxs-available-language-link qtranxs-available-language-link-en\" title=\"English\">Amerikansk Engelska<\/a>, <a href=\"https:\/\/sbt.ug.edu.pl\/de\/wp-json\/wp\/v2\/pages\/83\" class=\"qtranxs-available-language-link qtranxs-available-language-link-de\" title=\"Deutsch\">Tyska<\/a> och <a href=\"https:\/\/sbt.ug.edu.pl\/pl\/wp-json\/wp\/v2\/pages\/83\" class=\"qtranxs-available-language-link qtranxs-available-language-link-pl\" title=\"Polski\">Polska<\/a>. For the sake of viewer convenience, the content is shown below in this site default language. You may click one of the links to switch the site language to another available language.<\/p><p><code><div class=\"rl-gallery-container rl-loading\" id=\"rl-gallery-container-1\" data-gallery_id=\"240\"> <div class=\"rl-gallery rl-basicgrid-gallery \" id=\"rl-gallery-1\" data-gallery_no=\"1\"> <div class=\"rl-gallery-item\"><a href=\"https:\/\/sbt.ug.edu.pl\/wp-content\/uploads\/2018\/05\/DSC_0036.00_00_03_19.Still004.png\" title=\"fot. Jan kowalski - port Xyz\" data-rl_title=\"fot. Jan kowalski - port Xyz\" class=\"rl-gallery-link\" data-rl_caption=\"fot. Jan kowalski - port Xyz\" data-rel=\"lightbox-gallery-1\"><img src=\"https:\/\/sbt.ug.edu.pl\/wp-content\/uploads\/2018\/05\/DSC_0036.00_00_03_19.Still004-300x199.png\" width=\"300\" height=\"199\" alt=\"alt text\" \/><\/a><\/div><div class=\"rl-gallery-item\"><a href=\"https:\/\/sbt.ug.edu.pl\/wp-content\/uploads\/2018\/05\/DSC_0036.00_00_03_19.Still011.png\" title=\"fot. Stanis\u0142awa Kowalewska-Kawalkowicz - zamek pr\u00f3bny opis text\" data-rl_title=\"fot. Stanis\u0142awa Kowalewska-Kawalkowicz - zamek pr\u00f3bny opis text\" class=\"rl-gallery-link\" data-rl_caption=\"fot. Stanis\u0142awa Kowalewska-Kawalkowicz - zamek pr\u00f3bny opis text\" data-rel=\"lightbox-gallery-1\"><img src=\"https:\/\/sbt.ug.edu.pl\/wp-content\/uploads\/2018\/05\/DSC_0036.00_00_03_19.Still011-300x199.png\" width=\"300\" height=\"199\" alt=\"\" \/><\/a><\/div><div class=\"rl-gallery-item\"><a href=\"https:\/\/sbt.ug.edu.pl\/wp-content\/uploads\/2018\/05\/DSC_0036.00_00_03_19.Still019.jpg\" title=\"fot. Jan kowalski\" data-rl_title=\"fot. Jan kowalski\" class=\"rl-gallery-link\" data-rl_caption=\"fot. Jan kowalski\" data-rel=\"lightbox-gallery-1\"><img src=\"https:\/\/sbt.ug.edu.pl\/wp-content\/uploads\/2018\/05\/DSC_0036.00_00_03_19.Still019-300x199.jpg\" width=\"300\" height=\"199\" alt=\"\" \/><\/a><\/div><div class=\"rl-gallery-item\"><a href=\"https:\/\/sbt.ug.edu.pl\/wp-content\/uploads\/2018\/05\/DSC_0036.00_00_03_19.Still017.png\" title=\"\" data-rl_title=\"\" class=\"rl-gallery-link\" data-rl_caption=\"\" data-rel=\"lightbox-gallery-1\"><img src=\"https:\/\/sbt.ug.edu.pl\/wp-content\/uploads\/2018\/05\/DSC_0036.00_00_03_19.Still017-300x199.png\" width=\"300\" height=\"199\" alt=\"\" \/><\/a><\/div><div class=\"rl-gallery-item\"><a href=\"https:\/\/sbt.ug.edu.pl\/wp-content\/uploads\/2018\/06\/DSC_0036.00_00_03_19.Still005.png\" title=\"\" data-rl_title=\"\" class=\"rl-gallery-link\" data-rl_caption=\"\" data-rel=\"lightbox-gallery-1\"><img src=\"https:\/\/sbt.ug.edu.pl\/wp-content\/uploads\/2018\/06\/DSC_0036.00_00_03_19.Still005-300x199.png\" width=\"300\" height=\"199\" alt=\"\" \/><\/a><\/div><div class=\"rl-gallery-item\"><a href=\"https:\/\/sbt.ug.edu.pl\/wp-content\/uploads\/2018\/05\/DSC_0036.00_00_05_17.Still002.png\" title=\"\" data-rl_title=\"\" class=\"rl-gallery-link\" data-rl_caption=\"\" data-rel=\"lightbox-gallery-1\"><img src=\"https:\/\/sbt.ug.edu.pl\/wp-content\/uploads\/2018\/05\/DSC_0036.00_00_05_17.Still002-300x199.png\" width=\"300\" height=\"199\" alt=\"\" \/><\/a><\/div><div class=\"rl-gallery-item\"><a href=\"https:\/\/sbt.ug.edu.pl\/wp-content\/uploads\/2018\/05\/DSC_0036.00_00_025_17.Still002.png\" title=\"\" data-rl_title=\"\" class=\"rl-gallery-link\" data-rl_caption=\"\" data-rel=\"lightbox-gallery-1\"><img src=\"https:\/\/sbt.ug.edu.pl\/wp-content\/uploads\/2018\/05\/DSC_0036.00_00_025_17.Still002-300x199.png\" width=\"300\" height=\"199\" alt=\"\" \/><\/a><\/div><div class=\"rl-gallery-item\"><a href=\"https:\/\/sbt.ug.edu.pl\/wp-content\/uploads\/2018\/05\/DSC_0070-Meeting-in-Grainwald.jpg\" title=\"\" data-rl_title=\"\" class=\"rl-gallery-link\" data-rl_caption=\"\" data-rel=\"lightbox-gallery-1\"><img src=\"https:\/\/sbt.ug.edu.pl\/wp-content\/uploads\/2018\/05\/DSC_0070-Meeting-in-Grainwald-300x199.jpg\" width=\"300\" height=\"199\" alt=\"\" \/><\/a><\/div><div class=\"rl-gallery-item\"><a href=\"https:\/\/sbt.ug.edu.pl\/wp-content\/uploads\/2018\/06\/DSC_0036.00_00_02_21.Still001.png\" title=\"\" data-rl_title=\"\" class=\"rl-gallery-link\" data-rl_caption=\"\" data-rel=\"lightbox-gallery-1\"><img src=\"https:\/\/sbt.ug.edu.pl\/wp-content\/uploads\/2018\/06\/DSC_0036.00_00_02_21.Still001-300x199.png\" width=\"300\" height=\"199\" alt=\"\" \/><\/a><\/div><div class=\"rl-gallery-item\"><a href=\"https:\/\/sbt.ug.edu.pl\/wp-content\/uploads\/2018\/05\/DSC_0055.gif\" title=\"\" data-rl_title=\"\" class=\"rl-gallery-link\" data-rl_caption=\"\" data-rel=\"lightbox-gallery-1\"><img src=\"https:\/\/sbt.ug.edu.pl\/wp-content\/uploads\/2018\/05\/DSC_0055-300x199.gif\" width=\"300\" height=\"199\" alt=\"\" \/><\/a><\/div><div class=\"rl-gallery-item\"><a href=\"https:\/\/sbt.ug.edu.pl\/wp-content\/uploads\/2018\/05\/DSC_1486.jpg\" title=\"\" data-rl_title=\"\" class=\"rl-gallery-link\" data-rl_caption=\"\" data-rel=\"lightbox-gallery-1\"><img src=\"https:\/\/sbt.ug.edu.pl\/wp-content\/uploads\/2018\/05\/DSC_1486-300x199.jpg\" width=\"300\" height=\"199\" alt=\"\" \/><\/a><\/div><div class=\"rl-gallery-item\"><a href=\"https:\/\/sbt.ug.edu.pl\/wp-content\/uploads\/2018\/07\/P1010638.jpg\" title=\"\" data-rl_title=\"\" class=\"rl-gallery-link\" data-rl_caption=\"\" data-rel=\"lightbox-gallery-1\"><img src=\"https:\/\/sbt.ug.edu.pl\/wp-content\/uploads\/2018\/07\/P1010638-300x225.jpg\" width=\"300\" height=\"225\" alt=\"\" \/><\/a><\/div> <\/div> <h4 class=\"rl-gallery-title\">test gallery<\/h4><div class=\"rl-gallery-description\"><\/div> <\/div><\/code><\/p>","protected":false},"excerpt":{"rendered":"<p>Tyv\u00e4rr \u00e4r denna artikel enbart tillg\u00e4nglig p\u00e5 Amerikansk Engelska, Tyska och Polska. For the sake of viewer convenience, the content is shown below in this site default language. You may click one of the links to switch the site language to another available language.<\/p>\n","protected":false},"author":1,"featured_media":0,"parent":0,"menu_order":0,"comment_status":"closed","ping_status":"closed","template":"","meta":[],"categories":[],"tags":[],"_links":{"self":[{"href":"https:\/\/sbt.ug.edu.pl\/sv\/wp-json\/wp\/v2\/pages\/83"}],"collection":[{"href":"https:\/\/sbt.ug.edu.pl\/sv\/wp-json\/wp\/v2\/pages"}],"about":[{"href":"https:\/\/sbt.ug.edu.pl\/sv\/wp-json\/wp\/v2\/types\/page"}],"author":[{"embeddable":true,"href":"https:\/\/sbt.ug.edu.pl\/sv\/wp-json\/wp\/v2\/users\/1"}],"replies":[{"embeddable":true,"href":"https:\/\/sbt.ug.edu.pl\/sv\/wp-json\/wp\/v2\/comments?post=83"}],"version-history":[{"count":9,"href":"https:\/\/sbt.ug.edu.pl\/sv\/wp-json\/wp\/v2\/pages\/83\/revisions"}],"predecessor-version":[{"id":5080,"href":"https:\/\/sbt.ug.edu.pl\/sv\/wp-json\/wp\/v2\/pages\/83\/revisions\/5080"}],"wp:attachment":[{"href":"https:\/\/sbt.ug.edu.pl\/sv\/wp-json\/wp\/v2\/media?parent=83"}],"wp:term":[{"taxonomy":"category","embeddable":true,"href":"https:\/\/sbt.ug.edu.pl\/sv\/wp-json\/wp\/v2\/categories?post=83"},{"taxonomy":"post_tag","embeddable":true,"href":"https:\/\/sbt.ug.edu.pl\/sv\/wp-json\/wp\/v2\/tags?post=83"}],"curies":[{"name":"wp","href":"https:\/\/api.w.org\/{rel}","templated":true}]}}